{"id":180,"date":"2021-07-09T10:43:13","date_gmt":"2021-07-09T10:43:13","guid":{"rendered":"http:\/\/merkurs-white-wolves.de\/?page_id=180"},"modified":"2024-04-26T10:05:51","modified_gmt":"2024-04-26T10:05:51","slug":"das-sind-wir","status":"publish","type":"page","link":"https:\/\/merkurs-white-wolves.de\/?page_id=180","title":{"rendered":"Das sind wir"},"content":{"rendered":"\n<p>Mein Name ist Ina. Zusammen mit meinem Mann und unseren 5 Wei\u00dfen Sch\u00e4ferhunden leben wir in Ramstein in der sch\u00f6nen Westpfalz.<\/p>\n\n\n\n<figure class=\"wp-block-gallery aligncenter has-nested-images columns-default is-cropped wp-block-gallery-2 is-layout-flex wp-block-gallery-is-layout-flex\">\n<figure class=\"wp-block-image size-large\"><img loading=\"lazy\" decoding=\"async\" width=\"682\" height=\"1024\" data-id=\"22\" src=\"https:\/\/merkurs-white-wolves.de\/wp-content\/uploads\/2021\/07\/10A7CFB1-4CA4-4D72-AC63-31DEB1A02443-682x1024.jpeg\" alt=\"\" class=\"wp-image-22\" srcset=\"https:\/\/merkurs-white-wolves.de\/wp-content\/uploads\/2021\/07\/10A7CFB1-4CA4-4D72-AC63-31DEB1A02443-682x1024.jpeg 682w, https:\/\/merkurs-white-wolves.de\/wp-content\/uploads\/2021\/07\/10A7CFB1-4CA4-4D72-AC63-31DEB1A02443-200x300.jpeg 200w, https:\/\/merkurs-white-wolves.de\/wp-content\/uploads\/2021\/07\/10A7CFB1-4CA4-4D72-AC63-31DEB1A02443-768x1153.jpeg 768w, https:\/\/merkurs-white-wolves.de\/wp-content\/uploads\/2021\/07\/10A7CFB1-4CA4-4D72-AC63-31DEB1A02443-1023x1536.jpeg 1023w, https:\/\/merkurs-white-wolves.de\/wp-content\/uploads\/2021\/07\/10A7CFB1-4CA4-4D72-AC63-31DEB1A02443.jpeg 1066w\" sizes=\"auto, (max-width: 682px) 100vw, 682px\" \/><\/figure>\n\n\n\n<figure class=\"wp-block-image size-large\"><img loading=\"lazy\" decoding=\"async\" width=\"1024\" height=\"683\" data-id=\"939\" src=\"https:\/\/merkurs-white-wolves.de\/wp-content\/uploads\/2024\/04\/437937394_7797918666905272_4539430110921532692_n-1024x683.jpg\" alt=\"\" class=\"wp-image-939\" srcset=\"https:\/\/merkurs-white-wolves.de\/wp-content\/uploads\/2024\/04\/437937394_7797918666905272_4539430110921532692_n-1024x683.jpg 1024w, https:\/\/merkurs-white-wolves.de\/wp-content\/uploads\/2024\/04\/437937394_7797918666905272_4539430110921532692_n-300x200.jpg 300w, https:\/\/merkurs-white-wolves.de\/wp-content\/uploads\/2024\/04\/437937394_7797918666905272_4539430110921532692_n-768x512.jpg 768w, https:\/\/merkurs-white-wolves.de\/wp-content\/uploads\/2024\/04\/437937394_7797918666905272_4539430110921532692_n-1536x1025.jpg 1536w, https:\/\/merkurs-white-wolves.de\/wp-content\/uploads\/2024\/04\/437937394_7797918666905272_4539430110921532692_n-1600x1067.jpg 1600w, https:\/\/merkurs-white-wolves.de\/wp-content\/uploads\/2024\/04\/437937394_7797918666905272_4539430110921532692_n.jpg 2048w\" sizes=\"auto, (max-width: 1024px) 100vw, 1024px\" \/><\/figure>\n<\/figure>\n\n\n\n<p>Unsere Hunde nehmen wir \u00fcberall mit. Auf M\u00e4rkte, zu Veranstaltungen, im Freundeskreis und Familie, auf Sportveranstaltungen und in den Urlaub. <\/p>\n\n\n\n<p>Auch im Hundesport sind wir aktiv  (IPG, F\u00e4hrte). <\/p>\n\n\n\n<p>Wie kam es zum Wei\u00dfen Sch\u00e4ferhund. Aufgewachsen bin ich mit Deutschen Sch\u00e4ferhunden, \u00fcber den Mops kam ich letzt endlich zu meiner Traum Rasse dem Wei\u00dfem Schweizer Sch\u00e4ferhund.       2016 zog dann schlie\u00dflich mein Erster ein. Nanook war 9 Wochen alt und bereicherte unser Leben. 10 monate sp\u00e4ter kam Benito dazu. Nach und nach entstand der Wunsch einer eigenen Zuchtst\u00e4tte. So kam 2019 Queeny und 2020 Joyce in unser Leben. <\/p>\n\n\n\n<p>Im September 2020 stellte ich den Antrag auf internationalen Zwingerschutz. Im Juli 2021 erhielt ich endlich meine Zwingerschutzkarte. Unser erster Wurf war f\u00fcr Herbst 2022 geplant. Und aus diesem Wurf habe ich mir f\u00fcr die weitere Zucht eine H\u00fcndin behalten. Aura bereichert unser Rudel mit ihrem ruhigen und ausgeglichenem Wesen. Eine tolle H\u00fcndin mit ganz viel Potential f\u00fcr Austellungen und Sport.<\/p>\n\n\n\n<p>Wir z\u00fcchten im Bundesverein f\u00fcr Wei\u00dfe Schweizer Sch\u00e4ferhunde e.V. im VDH.<\/p>\n\n\n\n<figure class=\"wp-block-image size-large is-resized\"><a href=\"https:\/\/www.bvws.info\/\"><img loading=\"lazy\" decoding=\"async\" width=\"1024\" height=\"293\" src=\"https:\/\/merkurs-white-wolves.de\/wp-content\/uploads\/2021\/07\/4E359D30-B8CF-4969-97FF-F3F1485A1751-1024x293.jpeg\" alt=\"\" class=\"wp-image-340\" style=\"width:253px;height:72px\"\/><\/a><\/figure>\n\n\n\n<p>F\u00fcrs erste war es das mal von uns. <\/p>\n\n\n\n<p>Viel Spa\u00df beim St\u00f6bern auf der Homepage.<\/p>\n\n\n\n<p>Ihr k\u00f6nnt euch aber auch gerne bei uns melden und uns pers\u00f6nlich kennen lernen. Meldet euch einfach, wir bei\u00dfen nicht \ud83d\ude09<\/p>\n\n\n\n<p>Liebe Gr\u00fc\u00dfe<br>Ina und die Rasselbande<\/p>\n","protected":false},"excerpt":{"rendered":"<p>Mein Name ist Ina. Zusammen mit meinem Mann und unseren 5 Wei\u00dfen Sch\u00e4ferhunden leben wir in Ramstein in der sch\u00f6nen&hellip;<\/p>\n","protected":false},"author":1,"featured_media":0,"parent":0,"menu_order":0,"comment_status":"closed","ping_status":"closed","template":"","meta":{"ngg_post_thumbnail":0,"footnotes":""},"class_list":["post-180","page","type-page","status-publish","hentry"],"yoast_head":"<!-- This site is optimized with the Yoast SEO plugin v27.4 - https:\/\/yoast.com\/product\/yoast-seo-wordpress\/ -->\n<title>Das sind wir - Merkur\u2019s White Wolves<\/title>\n<meta name=\"robots\" content=\"index, follow, max-snippet:-1, max-image-preview:large, max-video-preview:-1\" \/>\n<link rel=\"canonical\" href=\"https:\/\/merkurs-white-wolves.de\/?page_id=180\" \/>\n<meta property=\"og:locale\" content=\"de_DE\" \/>\n<meta property=\"og:type\" content=\"article\" \/>\n<meta property=\"og:title\" content=\"Das sind wir - Merkur\u2019s White Wolves\" \/>\n<meta property=\"og:description\" content=\"Mein Name ist Ina. Zusammen mit meinem Mann und unseren 5 Wei\u00dfen Sch\u00e4ferhunden leben wir in Ramstein in der sch\u00f6nen&hellip;\" \/>\n<meta property=\"og:url\" content=\"https:\/\/merkurs-white-wolves.de\/?page_id=180\" \/>\n<meta property=\"og:site_name\" content=\"Merkur\u2019s White Wolves\" \/>\n<meta property=\"article:modified_time\" content=\"2024-04-26T10:05:51+00:00\" \/>\n<meta property=\"og:image\" content=\"https:\/\/merkurs-white-wolves.de\/wp-content\/uploads\/2021\/07\/10A7CFB1-4CA4-4D72-AC63-31DEB1A02443-682x1024.jpeg\" \/>\n<meta name=\"twitter:card\" content=\"summary_large_image\" \/>\n<meta name=\"twitter:label1\" content=\"Gesch\u00e4tzte Lesezeit\" \/>\n\t<meta name=\"twitter:data1\" content=\"2\u00a0Minuten\" \/>\n<script type=\"application\/ld+json\" class=\"yoast-schema-graph\">{\"@context\":\"https:\\\/\\\/schema.org\",\"@graph\":[{\"@type\":\"WebPage\",\"@id\":\"https:\\\/\\\/merkurs-white-wolves.de\\\/?page_id=180\",\"url\":\"https:\\\/\\\/merkurs-white-wolves.de\\\/?page_id=180\",\"name\":\"Das sind wir - Merkur\u2019s White Wolves\",\"isPartOf\":{\"@id\":\"https:\\\/\\\/merkurs-white-wolves.de\\\/#website\"},\"primaryImageOfPage\":{\"@id\":\"https:\\\/\\\/merkurs-white-wolves.de\\\/?page_id=180#primaryimage\"},\"image\":{\"@id\":\"https:\\\/\\\/merkurs-white-wolves.de\\\/?page_id=180#primaryimage\"},\"thumbnailUrl\":\"https:\\\/\\\/merkurs-white-wolves.de\\\/wp-content\\\/uploads\\\/2021\\\/07\\\/10A7CFB1-4CA4-4D72-AC63-31DEB1A02443-682x1024.jpeg\",\"datePublished\":\"2021-07-09T10:43:13+00:00\",\"dateModified\":\"2024-04-26T10:05:51+00:00\",\"breadcrumb\":{\"@id\":\"https:\\\/\\\/merkurs-white-wolves.de\\\/?page_id=180#breadcrumb\"},\"inLanguage\":\"de\",\"potentialAction\":[{\"@type\":\"ReadAction\",\"target\":[\"https:\\\/\\\/merkurs-white-wolves.de\\\/?page_id=180\"]}]},{\"@type\":\"ImageObject\",\"inLanguage\":\"de\",\"@id\":\"https:\\\/\\\/merkurs-white-wolves.de\\\/?page_id=180#primaryimage\",\"url\":\"https:\\\/\\\/merkurs-white-wolves.de\\\/wp-content\\\/uploads\\\/2021\\\/07\\\/10A7CFB1-4CA4-4D72-AC63-31DEB1A02443.jpeg\",\"contentUrl\":\"https:\\\/\\\/merkurs-white-wolves.de\\\/wp-content\\\/uploads\\\/2021\\\/07\\\/10A7CFB1-4CA4-4D72-AC63-31DEB1A02443.jpeg\",\"width\":1066,\"height\":1600},{\"@type\":\"BreadcrumbList\",\"@id\":\"https:\\\/\\\/merkurs-white-wolves.de\\\/?page_id=180#breadcrumb\",\"itemListElement\":[{\"@type\":\"ListItem\",\"position\":1,\"name\":\"Startseite\",\"item\":\"https:\\\/\\\/merkurs-white-wolves.de\\\/\"},{\"@type\":\"ListItem\",\"position\":2,\"name\":\"Das sind wir\"}]},{\"@type\":\"WebSite\",\"@id\":\"https:\\\/\\\/merkurs-white-wolves.de\\\/#website\",\"url\":\"https:\\\/\\\/merkurs-white-wolves.de\\\/\",\"name\":\"Merkur\u2019s White Wolves\",\"description\":\"Zuchtst\u00e4tte f\u00fcr Wei\u00dfe Schweizer Sch\u00e4ferhunde\",\"potentialAction\":[{\"@type\":\"SearchAction\",\"target\":{\"@type\":\"EntryPoint\",\"urlTemplate\":\"https:\\\/\\\/merkurs-white-wolves.de\\\/?s={search_term_string}\"},\"query-input\":{\"@type\":\"PropertyValueSpecification\",\"valueRequired\":true,\"valueName\":\"search_term_string\"}}],\"inLanguage\":\"de\"}]}<\/script>\n<!-- \/ Yoast SEO plugin. -->","yoast_head_json":{"title":"Das sind wir - Merkur\u2019s White Wolves","robots":{"index":"index","follow":"follow","max-snippet":"max-snippet:-1","max-image-preview":"max-image-preview:large","max-video-preview":"max-video-preview:-1"},"canonical":"https:\/\/merkurs-white-wolves.de\/?page_id=180","og_locale":"de_DE","og_type":"article","og_title":"Das sind wir - Merkur\u2019s White Wolves","og_description":"Mein Name ist Ina. Zusammen mit meinem Mann und unseren 5 Wei\u00dfen Sch\u00e4ferhunden leben wir in Ramstein in der sch\u00f6nen&hellip;","og_url":"https:\/\/merkurs-white-wolves.de\/?page_id=180","og_site_name":"Merkur\u2019s White Wolves","article_modified_time":"2024-04-26T10:05:51+00:00","og_image":[{"url":"https:\/\/merkurs-white-wolves.de\/wp-content\/uploads\/2021\/07\/10A7CFB1-4CA4-4D72-AC63-31DEB1A02443-682x1024.jpeg","type":"","width":"","height":""}],"twitter_card":"summary_large_image","twitter_misc":{"Gesch\u00e4tzte Lesezeit":"2\u00a0Minuten"},"schema":{"@context":"https:\/\/schema.org","@graph":[{"@type":"WebPage","@id":"https:\/\/merkurs-white-wolves.de\/?page_id=180","url":"https:\/\/merkurs-white-wolves.de\/?page_id=180","name":"Das sind wir - Merkur\u2019s White Wolves","isPartOf":{"@id":"https:\/\/merkurs-white-wolves.de\/#website"},"primaryImageOfPage":{"@id":"https:\/\/merkurs-white-wolves.de\/?page_id=180#primaryimage"},"image":{"@id":"https:\/\/merkurs-white-wolves.de\/?page_id=180#primaryimage"},"thumbnailUrl":"https:\/\/merkurs-white-wolves.de\/wp-content\/uploads\/2021\/07\/10A7CFB1-4CA4-4D72-AC63-31DEB1A02443-682x1024.jpeg","datePublished":"2021-07-09T10:43:13+00:00","dateModified":"2024-04-26T10:05:51+00:00","breadcrumb":{"@id":"https:\/\/merkurs-white-wolves.de\/?page_id=180#breadcrumb"},"inLanguage":"de","potentialAction":[{"@type":"ReadAction","target":["https:\/\/merkurs-white-wolves.de\/?page_id=180"]}]},{"@type":"ImageObject","inLanguage":"de","@id":"https:\/\/merkurs-white-wolves.de\/?page_id=180#primaryimage","url":"https:\/\/merkurs-white-wolves.de\/wp-content\/uploads\/2021\/07\/10A7CFB1-4CA4-4D72-AC63-31DEB1A02443.jpeg","contentUrl":"https:\/\/merkurs-white-wolves.de\/wp-content\/uploads\/2021\/07\/10A7CFB1-4CA4-4D72-AC63-31DEB1A02443.jpeg","width":1066,"height":1600},{"@type":"BreadcrumbList","@id":"https:\/\/merkurs-white-wolves.de\/?page_id=180#breadcrumb","itemListElement":[{"@type":"ListItem","position":1,"name":"Startseite","item":"https:\/\/merkurs-white-wolves.de\/"},{"@type":"ListItem","position":2,"name":"Das sind wir"}]},{"@type":"WebSite","@id":"https:\/\/merkurs-white-wolves.de\/#website","url":"https:\/\/merkurs-white-wolves.de\/","name":"Merkur\u2019s White Wolves","description":"Zuchtst\u00e4tte f\u00fcr Wei\u00dfe Schweizer Sch\u00e4ferhunde","potentialAction":[{"@type":"SearchAction","target":{"@type":"EntryPoint","urlTemplate":"https:\/\/merkurs-white-wolves.de\/?s={search_term_string}"},"query-input":{"@type":"PropertyValueSpecification","valueRequired":true,"valueName":"search_term_string"}}],"inLanguage":"de"}]}},"_links":{"self":[{"href":"https:\/\/merkurs-white-wolves.de\/index.php?rest_route=\/wp\/v2\/pages\/180","targetHints":{"allow":["GET"]}}],"collection":[{"href":"https:\/\/merkurs-white-wolves.de\/index.php?rest_route=\/wp\/v2\/pages"}],"about":[{"href":"https:\/\/merkurs-white-wolves.de\/index.php?rest_route=\/wp\/v2\/types\/page"}],"author":[{"embeddable":true,"href":"https:\/\/merkurs-white-wolves.de\/index.php?rest_route=\/wp\/v2\/users\/1"}],"replies":[{"embeddable":true,"href":"https:\/\/merkurs-white-wolves.de\/index.php?rest_route=%2Fwp%2Fv2%2Fcomments&post=180"}],"version-history":[{"count":13,"href":"https:\/\/merkurs-white-wolves.de\/index.php?rest_route=\/wp\/v2\/pages\/180\/revisions"}],"predecessor-version":[{"id":941,"href":"https:\/\/merkurs-white-wolves.de\/index.php?rest_route=\/wp\/v2\/pages\/180\/revisions\/941"}],"wp:attachment":[{"href":"https:\/\/merkurs-white-wolves.de\/index.php?rest_route=%2Fwp%2Fv2%2Fmedia&parent=180"}],"curies":[{"name":"wp","href":"https:\/\/api.w.org\/{rel}","templated":true}]}}