{"id":182,"date":"2021-07-09T10:43:21","date_gmt":"2021-07-09T10:43:21","guid":{"rendered":"http:\/\/merkurs-white-wolves.de\/?page_id=182"},"modified":"2022-01-22T19:10:08","modified_gmt":"2022-01-22T19:10:08","slug":"unsere-hunde","status":"publish","type":"page","link":"https:\/\/merkurs-white-wolves.de\/?page_id=182","title":{"rendered":"Unsere Hunde"},"content":{"rendered":"\n<p>Unser Rudel stellt sich einzeln im Untermen\u00fc vor. Viel Spa\u00df beim St\u00f6bern. <br><\/p>\n\n\n\n<figure class=\"wp-block-image size-full\"><img loading=\"lazy\" decoding=\"async\" width=\"228\" height=\"320\" src=\"https:\/\/merkurs-white-wolves.de\/wp-content\/uploads\/2022\/01\/DD2AC123-716C-40AA-B309-54BDB778BC51.jpeg\" alt=\"\" class=\"wp-image-406\" srcset=\"https:\/\/merkurs-white-wolves.de\/wp-content\/uploads\/2022\/01\/DD2AC123-716C-40AA-B309-54BDB778BC51.jpeg 228w, https:\/\/merkurs-white-wolves.de\/wp-content\/uploads\/2022\/01\/DD2AC123-716C-40AA-B309-54BDB778BC51-214x300.jpeg 214w\" sizes=\"auto, (max-width: 228px) 100vw, 228px\" \/><\/figure>\n","protected":false},"excerpt":{"rendered":"<p>Unser Rudel stellt sich einzeln im Untermen\u00fc vor. Viel Spa\u00df beim St\u00f6bern.<\/p>\n","protected":false},"author":1,"featured_media":0,"parent":0,"menu_order":0,"comment_status":"closed","ping_status":"closed","template":"","meta":{"ngg_post_thumbnail":0,"footnotes":""},"class_list":["post-182","page","type-page","status-publish","hentry"],"yoast_head":"<!-- This site is optimized with the Yoast SEO plugin v27.4 - https:\/\/yoast.com\/product\/yoast-seo-wordpress\/ -->\n<title>Unsere Hunde - Merkur\u2019s White Wolves<\/title>\n<meta name=\"robots\" content=\"index, follow, max-snippet:-1, max-image-preview:large, max-video-preview:-1\" \/>\n<link rel=\"canonical\" href=\"https:\/\/merkurs-white-wolves.de\/?page_id=182\" \/>\n<meta property=\"og:locale\" content=\"de_DE\" \/>\n<meta property=\"og:type\" content=\"article\" \/>\n<meta property=\"og:title\" content=\"Unsere Hunde - Merkur\u2019s White Wolves\" \/>\n<meta property=\"og:description\" content=\"Unser Rudel stellt sich einzeln im Untermen\u00fc vor. Viel Spa\u00df beim St\u00f6bern.\" \/>\n<meta property=\"og:url\" content=\"https:\/\/merkurs-white-wolves.de\/?page_id=182\" \/>\n<meta property=\"og:site_name\" content=\"Merkur\u2019s White Wolves\" \/>\n<meta property=\"article:modified_time\" content=\"2022-01-22T19:10:08+00:00\" \/>\n<meta property=\"og:image\" content=\"https:\/\/merkurs-white-wolves.de\/wp-content\/uploads\/2022\/01\/DD2AC123-716C-40AA-B309-54BDB778BC51.jpeg\" \/>\n<meta name=\"twitter:card\" content=\"summary_large_image\" \/>\n<script type=\"application\/ld+json\" class=\"yoast-schema-graph\">{\"@context\":\"https:\\\/\\\/schema.org\",\"@graph\":[{\"@type\":\"WebPage\",\"@id\":\"https:\\\/\\\/merkurs-white-wolves.de\\\/?page_id=182\",\"url\":\"https:\\\/\\\/merkurs-white-wolves.de\\\/?page_id=182\",\"name\":\"Unsere Hunde - Merkur\u2019s White Wolves\",\"isPartOf\":{\"@id\":\"https:\\\/\\\/merkurs-white-wolves.de\\\/#website\"},\"primaryImageOfPage\":{\"@id\":\"https:\\\/\\\/merkurs-white-wolves.de\\\/?page_id=182#primaryimage\"},\"image\":{\"@id\":\"https:\\\/\\\/merkurs-white-wolves.de\\\/?page_id=182#primaryimage\"},\"thumbnailUrl\":\"https:\\\/\\\/merkurs-white-wolves.de\\\/wp-content\\\/uploads\\\/2022\\\/01\\\/DD2AC123-716C-40AA-B309-54BDB778BC51.jpeg\",\"datePublished\":\"2021-07-09T10:43:21+00:00\",\"dateModified\":\"2022-01-22T19:10:08+00:00\",\"breadcrumb\":{\"@id\":\"https:\\\/\\\/merkurs-white-wolves.de\\\/?page_id=182#breadcrumb\"},\"inLanguage\":\"de\",\"potentialAction\":[{\"@type\":\"ReadAction\",\"target\":[\"https:\\\/\\\/merkurs-white-wolves.de\\\/?page_id=182\"]}]},{\"@type\":\"ImageObject\",\"inLanguage\":\"de\",\"@id\":\"https:\\\/\\\/merkurs-white-wolves.de\\\/?page_id=182#primaryimage\",\"url\":\"https:\\\/\\\/merkurs-white-wolves.de\\\/wp-content\\\/uploads\\\/2022\\\/01\\\/DD2AC123-716C-40AA-B309-54BDB778BC51.jpeg\",\"contentUrl\":\"https:\\\/\\\/merkurs-white-wolves.de\\\/wp-content\\\/uploads\\\/2022\\\/01\\\/DD2AC123-716C-40AA-B309-54BDB778BC51.jpeg\",\"width\":228,\"height\":320},{\"@type\":\"BreadcrumbList\",\"@id\":\"https:\\\/\\\/merkurs-white-wolves.de\\\/?page_id=182#breadcrumb\",\"itemListElement\":[{\"@type\":\"ListItem\",\"position\":1,\"name\":\"Startseite\",\"item\":\"https:\\\/\\\/merkurs-white-wolves.de\\\/\"},{\"@type\":\"ListItem\",\"position\":2,\"name\":\"Unsere Hunde\"}]},{\"@type\":\"WebSite\",\"@id\":\"https:\\\/\\\/merkurs-white-wolves.de\\\/#website\",\"url\":\"https:\\\/\\\/merkurs-white-wolves.de\\\/\",\"name\":\"Merkur\u2019s White Wolves\",\"description\":\"Zuchtst\u00e4tte f\u00fcr Wei\u00dfe Schweizer Sch\u00e4ferhunde\",\"potentialAction\":[{\"@type\":\"SearchAction\",\"target\":{\"@type\":\"EntryPoint\",\"urlTemplate\":\"https:\\\/\\\/merkurs-white-wolves.de\\\/?s={search_term_string}\"},\"query-input\":{\"@type\":\"PropertyValueSpecification\",\"valueRequired\":true,\"valueName\":\"search_term_string\"}}],\"inLanguage\":\"de\"}]}<\/script>\n<!-- \/ Yoast SEO plugin. -->","yoast_head_json":{"title":"Unsere Hunde - Merkur\u2019s White Wolves","robots":{"index":"index","follow":"follow","max-snippet":"max-snippet:-1","max-image-preview":"max-image-preview:large","max-video-preview":"max-video-preview:-1"},"canonical":"https:\/\/merkurs-white-wolves.de\/?page_id=182","og_locale":"de_DE","og_type":"article","og_title":"Unsere Hunde - Merkur\u2019s White Wolves","og_description":"Unser Rudel stellt sich einzeln im Untermen\u00fc vor. Viel Spa\u00df beim St\u00f6bern.","og_url":"https:\/\/merkurs-white-wolves.de\/?page_id=182","og_site_name":"Merkur\u2019s White Wolves","article_modified_time":"2022-01-22T19:10:08+00:00","og_image":[{"url":"https:\/\/merkurs-white-wolves.de\/wp-content\/uploads\/2022\/01\/DD2AC123-716C-40AA-B309-54BDB778BC51.jpeg","type":"","width":"","height":""}],"twitter_card":"summary_large_image","schema":{"@context":"https:\/\/schema.org","@graph":[{"@type":"WebPage","@id":"https:\/\/merkurs-white-wolves.de\/?page_id=182","url":"https:\/\/merkurs-white-wolves.de\/?page_id=182","name":"Unsere Hunde - Merkur\u2019s White Wolves","isPartOf":{"@id":"https:\/\/merkurs-white-wolves.de\/#website"},"primaryImageOfPage":{"@id":"https:\/\/merkurs-white-wolves.de\/?page_id=182#primaryimage"},"image":{"@id":"https:\/\/merkurs-white-wolves.de\/?page_id=182#primaryimage"},"thumbnailUrl":"https:\/\/merkurs-white-wolves.de\/wp-content\/uploads\/2022\/01\/DD2AC123-716C-40AA-B309-54BDB778BC51.jpeg","datePublished":"2021-07-09T10:43:21+00:00","dateModified":"2022-01-22T19:10:08+00:00","breadcrumb":{"@id":"https:\/\/merkurs-white-wolves.de\/?page_id=182#breadcrumb"},"inLanguage":"de","potentialAction":[{"@type":"ReadAction","target":["https:\/\/merkurs-white-wolves.de\/?page_id=182"]}]},{"@type":"ImageObject","inLanguage":"de","@id":"https:\/\/merkurs-white-wolves.de\/?page_id=182#primaryimage","url":"https:\/\/merkurs-white-wolves.de\/wp-content\/uploads\/2022\/01\/DD2AC123-716C-40AA-B309-54BDB778BC51.jpeg","contentUrl":"https:\/\/merkurs-white-wolves.de\/wp-content\/uploads\/2022\/01\/DD2AC123-716C-40AA-B309-54BDB778BC51.jpeg","width":228,"height":320},{"@type":"BreadcrumbList","@id":"https:\/\/merkurs-white-wolves.de\/?page_id=182#breadcrumb","itemListElement":[{"@type":"ListItem","position":1,"name":"Startseite","item":"https:\/\/merkurs-white-wolves.de\/"},{"@type":"ListItem","position":2,"name":"Unsere Hunde"}]},{"@type":"WebSite","@id":"https:\/\/merkurs-white-wolves.de\/#website","url":"https:\/\/merkurs-white-wolves.de\/","name":"Merkur\u2019s White Wolves","description":"Zuchtst\u00e4tte f\u00fcr Wei\u00dfe Schweizer Sch\u00e4ferhunde","potentialAction":[{"@type":"SearchAction","target":{"@type":"EntryPoint","urlTemplate":"https:\/\/merkurs-white-wolves.de\/?s={search_term_string}"},"query-input":{"@type":"PropertyValueSpecification","valueRequired":true,"valueName":"search_term_string"}}],"inLanguage":"de"}]}},"_links":{"self":[{"href":"https:\/\/merkurs-white-wolves.de\/index.php?rest_route=\/wp\/v2\/pages\/182","targetHints":{"allow":["GET"]}}],"collection":[{"href":"https:\/\/merkurs-white-wolves.de\/index.php?rest_route=\/wp\/v2\/pages"}],"about":[{"href":"https:\/\/merkurs-white-wolves.de\/index.php?rest_route=\/wp\/v2\/types\/page"}],"author":[{"embeddable":true,"href":"https:\/\/merkurs-white-wolves.de\/index.php?rest_route=\/wp\/v2\/users\/1"}],"replies":[{"embeddable":true,"href":"https:\/\/merkurs-white-wolves.de\/index.php?rest_route=%2Fwp%2Fv2%2Fcomments&post=182"}],"version-history":[{"count":2,"href":"https:\/\/merkurs-white-wolves.de\/index.php?rest_route=\/wp\/v2\/pages\/182\/revisions"}],"predecessor-version":[{"id":407,"href":"https:\/\/merkurs-white-wolves.de\/index.php?rest_route=\/wp\/v2\/pages\/182\/revisions\/407"}],"wp:attachment":[{"href":"https:\/\/merkurs-white-wolves.de\/index.php?rest_route=%2Fwp%2Fv2%2Fmedia&parent=182"}],"curies":[{"name":"wp","href":"https:\/\/api.w.org\/{rel}","templated":true}]}}