{"id":184,"date":"2021-07-09T10:43:04","date_gmt":"2021-07-09T10:43:04","guid":{"rendered":"http:\/\/merkurs-white-wolves.de\/?page_id=184"},"modified":"2023-07-26T09:58:04","modified_gmt":"2023-07-26T09:58:04","slug":"aktuelles","status":"publish","type":"page","link":"https:\/\/merkurs-white-wolves.de\/?page_id=184","title":{"rendered":"2021"},"content":{"rendered":"\n<p><\/p>\n\n\n\n<p class=\"has-blush-light-purple-gradient-background has-background has-medium-font-size\"><strong>99th &amp;100th International Dog Show Luxemburg <\/strong><\/p>\n\n\n\n<p><strong>Nanook: Championklasse<\/strong> <\/p>\n\n\n\n<p><strong>99th IDS: V1,CACL, CACIB, BOS<\/strong><\/p>\n\n\n\n<p><strong>100th IDS: V1, CACL, CACIB, Bester R\u00fcde, BOS<\/strong><\/p>\n\n\n\n<p><mark style=\"background-color:#ff6663\" class=\"has-inline-color has-primary-color\"><strong>Luxemburg Champion<\/strong> <\/mark><\/p>\n\n\n\n<figure class=\"wp-block-image size-large is-resized\"><img loading=\"lazy\" decoding=\"async\" src=\"https:\/\/merkurs-white-wolves.de\/wp-content\/uploads\/2021\/09\/73F7B3E2-3832-4428-82D3-9D78EE675DB6-1024x936.jpeg\" alt=\"\" class=\"wp-image-376\" width=\"385\" height=\"352\" srcset=\"https:\/\/merkurs-white-wolves.de\/wp-content\/uploads\/2021\/09\/73F7B3E2-3832-4428-82D3-9D78EE675DB6-1024x936.jpeg 1024w, https:\/\/merkurs-white-wolves.de\/wp-content\/uploads\/2021\/09\/73F7B3E2-3832-4428-82D3-9D78EE675DB6-300x274.jpeg 300w, https:\/\/merkurs-white-wolves.de\/wp-content\/uploads\/2021\/09\/73F7B3E2-3832-4428-82D3-9D78EE675DB6-768x702.jpeg 768w, https:\/\/merkurs-white-wolves.de\/wp-content\/uploads\/2021\/09\/73F7B3E2-3832-4428-82D3-9D78EE675DB6-1536x1404.jpeg 1536w, https:\/\/merkurs-white-wolves.de\/wp-content\/uploads\/2021\/09\/73F7B3E2-3832-4428-82D3-9D78EE675DB6-2048x1873.jpeg 2048w, https:\/\/merkurs-white-wolves.de\/wp-content\/uploads\/2021\/09\/73F7B3E2-3832-4428-82D3-9D78EE675DB6-1600x1463.jpeg 1600w\" sizes=\"auto, (max-width: 385px) 100vw, 385px\" \/><figcaption class=\"wp-element-caption\">Nanook <\/figcaption><\/figure>\n\n\n\n<p><strong>Joyce: Jugendklasse 2x SG<\/strong><\/p>\n\n\n\n<hr class=\"wp-block-separator has-css-opacity\"\/>\n\n\n\n<p class=\"has-blush-light-purple-gradient-background has-background has-medium-font-size\"><strong>ISTRA Dogshow Slowenien <\/strong><\/p>\n\n\n\n<p><strong>Nanook: Championklasse<\/strong><\/p>\n\n\n\n<p><strong>CACIB Portoroz  V1, CAC, Res. CACIB <\/strong><\/p>\n\n\n\n<p><strong>CACIB Izola V1, CAC<\/strong><\/p>\n\n\n\n<p><strong>CACIB Koper V1, CAC, Res. CACIB <\/strong><\/p>\n\n\n\n<p><strong> <mark style=\"background-color:#ff6663\" class=\"has-inline-color\">Slowenischer Champion<\/mark><\/strong><\/p>\n\n\n\n<figure class=\"wp-block-image size-large is-resized\"><img loading=\"lazy\" decoding=\"async\" src=\"https:\/\/merkurs-white-wolves.de\/wp-content\/uploads\/2021\/08\/FDD0ED15-86DE-43D1-AEB2-D7CC192365DA-768x1024.jpeg\" alt=\"\" class=\"wp-image-359\" width=\"352\" height=\"469\" srcset=\"https:\/\/merkurs-white-wolves.de\/wp-content\/uploads\/2021\/08\/FDD0ED15-86DE-43D1-AEB2-D7CC192365DA-768x1024.jpeg 768w, https:\/\/merkurs-white-wolves.de\/wp-content\/uploads\/2021\/08\/FDD0ED15-86DE-43D1-AEB2-D7CC192365DA-225x300.jpeg 225w, https:\/\/merkurs-white-wolves.de\/wp-content\/uploads\/2021\/08\/FDD0ED15-86DE-43D1-AEB2-D7CC192365DA-1152x1536.jpeg 1152w, https:\/\/merkurs-white-wolves.de\/wp-content\/uploads\/2021\/08\/FDD0ED15-86DE-43D1-AEB2-D7CC192365DA-1536x2048.jpeg 1536w, https:\/\/merkurs-white-wolves.de\/wp-content\/uploads\/2021\/08\/FDD0ED15-86DE-43D1-AEB2-D7CC192365DA-1600x2133.jpeg 1600w, https:\/\/merkurs-white-wolves.de\/wp-content\/uploads\/2021\/08\/FDD0ED15-86DE-43D1-AEB2-D7CC192365DA-scaled.jpeg 1920w\" sizes=\"auto, (max-width: 352px) 100vw, 352px\" \/><figcaption class=\"wp-element-caption\">Nanook<\/figcaption><\/figure>\n\n\n\n<p><strong>Benito: Offene Klasse<\/strong><\/p>\n\n\n\n<p><strong>CACIB Portoroz V2, Res. CAC <\/strong><\/p>\n\n\n\n<hr class=\"wp-block-separator has-css-opacity\"\/>\n\n\n\n<p class=\"has-blush-light-purple-gradient-background has-background has-medium-font-size\"><strong>RWS Golden Summer Winner<\/strong> <strong>2021<\/strong><\/p>\n\n\n\n<p><strong>Queeny: offene Klasse 1x SG, 1xG <\/strong><\/p>\n\n\n\n<figure class=\"wp-block-image size-large\"><img loading=\"lazy\" decoding=\"async\" width=\"427\" height=\"360\" src=\"https:\/\/merkurs-white-wolves.de\/wp-content\/uploads\/2021\/07\/7A81EA77-2787-47E1-9276-FEF3370716D0.jpeg\" alt=\"\" class=\"wp-image-269\" srcset=\"https:\/\/merkurs-white-wolves.de\/wp-content\/uploads\/2021\/07\/7A81EA77-2787-47E1-9276-FEF3370716D0.jpeg 427w, https:\/\/merkurs-white-wolves.de\/wp-content\/uploads\/2021\/07\/7A81EA77-2787-47E1-9276-FEF3370716D0-300x253.jpeg 300w\" sizes=\"auto, (max-width: 427px) 100vw, 427px\" \/><figcaption class=\"wp-element-caption\">Queeny <\/figcaption><\/figure>\n\n\n\n<p><strong>Joyce: J\u00fcngstenklasse vV , Jugendklasse SG<\/strong> <\/p>\n\n\n\n<p class=\"has-blush-light-purple-gradient-background has-background has-medium-font-size\"><strong>Chemnitz 26.07.2021<\/strong><\/p>\n\n\n\n<p><strong>Benito-Ben: Offene Klasse: SG4<\/strong><\/p>\n\n\n\n<figure class=\"wp-block-image size-large is-resized\"><img loading=\"lazy\" decoding=\"async\" src=\"https:\/\/merkurs-white-wolves.de\/wp-content\/uploads\/2021\/07\/9D05221C-1195-4C4A-917C-6CC59A22AC09-1024x768.jpeg\" alt=\"\" class=\"wp-image-265\" width=\"395\" height=\"296\" srcset=\"https:\/\/merkurs-white-wolves.de\/wp-content\/uploads\/2021\/07\/9D05221C-1195-4C4A-917C-6CC59A22AC09-1024x768.jpeg 1024w, https:\/\/merkurs-white-wolves.de\/wp-content\/uploads\/2021\/07\/9D05221C-1195-4C4A-917C-6CC59A22AC09-300x225.jpeg 300w, https:\/\/merkurs-white-wolves.de\/wp-content\/uploads\/2021\/07\/9D05221C-1195-4C4A-917C-6CC59A22AC09-768x576.jpeg 768w, https:\/\/merkurs-white-wolves.de\/wp-content\/uploads\/2021\/07\/9D05221C-1195-4C4A-917C-6CC59A22AC09-1536x1152.jpeg 1536w, https:\/\/merkurs-white-wolves.de\/wp-content\/uploads\/2021\/07\/9D05221C-1195-4C4A-917C-6CC59A22AC09-2048x1536.jpeg 2048w, https:\/\/merkurs-white-wolves.de\/wp-content\/uploads\/2021\/07\/9D05221C-1195-4C4A-917C-6CC59A22AC09-1600x1200.jpeg 1600w\" sizes=\"auto, (max-width: 395px) 100vw, 395px\" \/><figcaption class=\"wp-element-caption\">Benito<\/figcaption><\/figure>\n\n\n\n<p><strong>Joyful Joyce: J\u00fcngstenklasse: vv3<\/strong><\/p>\n\n\n\n<figure class=\"wp-block-image size-large is-resized\"><img loading=\"lazy\" decoding=\"async\" src=\"https:\/\/merkurs-white-wolves.de\/wp-content\/uploads\/2021\/07\/66C58C04-FCE1-4CF2-97C1-795137CE3931-1024x942.jpeg\" alt=\"\" class=\"wp-image-266\" width=\"394\" height=\"362\" srcset=\"https:\/\/merkurs-white-wolves.de\/wp-content\/uploads\/2021\/07\/66C58C04-FCE1-4CF2-97C1-795137CE3931-1024x942.jpeg 1024w, https:\/\/merkurs-white-wolves.de\/wp-content\/uploads\/2021\/07\/66C58C04-FCE1-4CF2-97C1-795137CE3931-300x276.jpeg 300w, https:\/\/merkurs-white-wolves.de\/wp-content\/uploads\/2021\/07\/66C58C04-FCE1-4CF2-97C1-795137CE3931-768x707.jpeg 768w, https:\/\/merkurs-white-wolves.de\/wp-content\/uploads\/2021\/07\/66C58C04-FCE1-4CF2-97C1-795137CE3931-1536x1413.jpeg 1536w, https:\/\/merkurs-white-wolves.de\/wp-content\/uploads\/2021\/07\/66C58C04-FCE1-4CF2-97C1-795137CE3931-2048x1884.jpeg 2048w, https:\/\/merkurs-white-wolves.de\/wp-content\/uploads\/2021\/07\/66C58C04-FCE1-4CF2-97C1-795137CE3931-1600x1472.jpeg 1600w\" sizes=\"auto, (max-width: 394px) 100vw, 394px\" \/><figcaption class=\"wp-element-caption\">li. Joyce, re. Schwester Jule<\/figcaption><\/figure>\n","protected":false},"excerpt":{"rendered":"<p>99th &amp;100th International Dog Show Luxemburg Nanook: Championklasse 99th IDS: V1,CACL, CACIB, BOS 100th IDS: V1, CACL, CACIB, Bester R\u00fcde,&hellip;<\/p>\n","protected":false},"author":1,"featured_media":0,"parent":0,"menu_order":0,"comment_status":"closed","ping_status":"closed","template":"","meta":{"ngg_post_thumbnail":0,"footnotes":""},"class_list":["post-184","page","type-page","status-publish","hentry"],"yoast_head":"<!-- This site is optimized with the Yoast SEO plugin v27.4 - https:\/\/yoast.com\/product\/yoast-seo-wordpress\/ -->\n<title>2021 - Merkur\u2019s White Wolves<\/title>\n<meta name=\"robots\" content=\"index, follow, max-snippet:-1, max-image-preview:large, max-video-preview:-1\" \/>\n<link rel=\"canonical\" href=\"https:\/\/merkurs-white-wolves.de\/?page_id=184\" \/>\n<meta property=\"og:locale\" content=\"de_DE\" \/>\n<meta property=\"og:type\" content=\"article\" \/>\n<meta property=\"og:title\" content=\"2021 - Merkur\u2019s White Wolves\" \/>\n<meta property=\"og:description\" content=\"99th &amp;100th International Dog Show Luxemburg Nanook: Championklasse 99th IDS: V1,CACL, CACIB, BOS 100th IDS: V1, CACL, CACIB, Bester R\u00fcde,&hellip;\" \/>\n<meta property=\"og:url\" content=\"https:\/\/merkurs-white-wolves.de\/?page_id=184\" \/>\n<meta property=\"og:site_name\" content=\"Merkur\u2019s White Wolves\" \/>\n<meta property=\"article:modified_time\" content=\"2023-07-26T09:58:04+00:00\" \/>\n<meta property=\"og:image\" content=\"https:\/\/merkurs-white-wolves.de\/wp-content\/uploads\/2021\/09\/73F7B3E2-3832-4428-82D3-9D78EE675DB6-1024x936.jpeg\" \/>\n<meta name=\"twitter:card\" content=\"summary_large_image\" \/>\n<script type=\"application\/ld+json\" class=\"yoast-schema-graph\">{\"@context\":\"https:\\\/\\\/schema.org\",\"@graph\":[{\"@type\":\"WebPage\",\"@id\":\"https:\\\/\\\/merkurs-white-wolves.de\\\/?page_id=184\",\"url\":\"https:\\\/\\\/merkurs-white-wolves.de\\\/?page_id=184\",\"name\":\"2021 - Merkur\u2019s White Wolves\",\"isPartOf\":{\"@id\":\"https:\\\/\\\/merkurs-white-wolves.de\\\/#website\"},\"primaryImageOfPage\":{\"@id\":\"https:\\\/\\\/merkurs-white-wolves.de\\\/?page_id=184#primaryimage\"},\"image\":{\"@id\":\"https:\\\/\\\/merkurs-white-wolves.de\\\/?page_id=184#primaryimage\"},\"thumbnailUrl\":\"https:\\\/\\\/merkurs-white-wolves.de\\\/wp-content\\\/uploads\\\/2021\\\/09\\\/73F7B3E2-3832-4428-82D3-9D78EE675DB6-1024x936.jpeg\",\"datePublished\":\"2021-07-09T10:43:04+00:00\",\"dateModified\":\"2023-07-26T09:58:04+00:00\",\"breadcrumb\":{\"@id\":\"https:\\\/\\\/merkurs-white-wolves.de\\\/?page_id=184#breadcrumb\"},\"inLanguage\":\"de\",\"potentialAction\":[{\"@type\":\"ReadAction\",\"target\":[\"https:\\\/\\\/merkurs-white-wolves.de\\\/?page_id=184\"]}]},{\"@type\":\"ImageObject\",\"inLanguage\":\"de\",\"@id\":\"https:\\\/\\\/merkurs-white-wolves.de\\\/?page_id=184#primaryimage\",\"url\":\"https:\\\/\\\/merkurs-white-wolves.de\\\/wp-content\\\/uploads\\\/2021\\\/09\\\/73F7B3E2-3832-4428-82D3-9D78EE675DB6-scaled.jpeg\",\"contentUrl\":\"https:\\\/\\\/merkurs-white-wolves.de\\\/wp-content\\\/uploads\\\/2021\\\/09\\\/73F7B3E2-3832-4428-82D3-9D78EE675DB6-scaled.jpeg\",\"width\":2560,\"height\":2341},{\"@type\":\"BreadcrumbList\",\"@id\":\"https:\\\/\\\/merkurs-white-wolves.de\\\/?page_id=184#breadcrumb\",\"itemListElement\":[{\"@type\":\"ListItem\",\"position\":1,\"name\":\"Startseite\",\"item\":\"https:\\\/\\\/merkurs-white-wolves.de\\\/\"},{\"@type\":\"ListItem\",\"position\":2,\"name\":\"2021\"}]},{\"@type\":\"WebSite\",\"@id\":\"https:\\\/\\\/merkurs-white-wolves.de\\\/#website\",\"url\":\"https:\\\/\\\/merkurs-white-wolves.de\\\/\",\"name\":\"Merkur\u2019s White Wolves\",\"description\":\"Zuchtst\u00e4tte f\u00fcr Wei\u00dfe Schweizer Sch\u00e4ferhunde\",\"potentialAction\":[{\"@type\":\"SearchAction\",\"target\":{\"@type\":\"EntryPoint\",\"urlTemplate\":\"https:\\\/\\\/merkurs-white-wolves.de\\\/?s={search_term_string}\"},\"query-input\":{\"@type\":\"PropertyValueSpecification\",\"valueRequired\":true,\"valueName\":\"search_term_string\"}}],\"inLanguage\":\"de\"}]}<\/script>\n<!-- \/ Yoast SEO plugin. -->","yoast_head_json":{"title":"2021 - Merkur\u2019s White Wolves","robots":{"index":"index","follow":"follow","max-snippet":"max-snippet:-1","max-image-preview":"max-image-preview:large","max-video-preview":"max-video-preview:-1"},"canonical":"https:\/\/merkurs-white-wolves.de\/?page_id=184","og_locale":"de_DE","og_type":"article","og_title":"2021 - Merkur\u2019s White Wolves","og_description":"99th &amp;100th International Dog Show Luxemburg Nanook: Championklasse 99th IDS: V1,CACL, CACIB, BOS 100th IDS: V1, CACL, CACIB, Bester R\u00fcde,&hellip;","og_url":"https:\/\/merkurs-white-wolves.de\/?page_id=184","og_site_name":"Merkur\u2019s White Wolves","article_modified_time":"2023-07-26T09:58:04+00:00","og_image":[{"url":"https:\/\/merkurs-white-wolves.de\/wp-content\/uploads\/2021\/09\/73F7B3E2-3832-4428-82D3-9D78EE675DB6-1024x936.jpeg","type":"","width":"","height":""}],"twitter_card":"summary_large_image","schema":{"@context":"https:\/\/schema.org","@graph":[{"@type":"WebPage","@id":"https:\/\/merkurs-white-wolves.de\/?page_id=184","url":"https:\/\/merkurs-white-wolves.de\/?page_id=184","name":"2021 - Merkur\u2019s White Wolves","isPartOf":{"@id":"https:\/\/merkurs-white-wolves.de\/#website"},"primaryImageOfPage":{"@id":"https:\/\/merkurs-white-wolves.de\/?page_id=184#primaryimage"},"image":{"@id":"https:\/\/merkurs-white-wolves.de\/?page_id=184#primaryimage"},"thumbnailUrl":"https:\/\/merkurs-white-wolves.de\/wp-content\/uploads\/2021\/09\/73F7B3E2-3832-4428-82D3-9D78EE675DB6-1024x936.jpeg","datePublished":"2021-07-09T10:43:04+00:00","dateModified":"2023-07-26T09:58:04+00:00","breadcrumb":{"@id":"https:\/\/merkurs-white-wolves.de\/?page_id=184#breadcrumb"},"inLanguage":"de","potentialAction":[{"@type":"ReadAction","target":["https:\/\/merkurs-white-wolves.de\/?page_id=184"]}]},{"@type":"ImageObject","inLanguage":"de","@id":"https:\/\/merkurs-white-wolves.de\/?page_id=184#primaryimage","url":"https:\/\/merkurs-white-wolves.de\/wp-content\/uploads\/2021\/09\/73F7B3E2-3832-4428-82D3-9D78EE675DB6-scaled.jpeg","contentUrl":"https:\/\/merkurs-white-wolves.de\/wp-content\/uploads\/2021\/09\/73F7B3E2-3832-4428-82D3-9D78EE675DB6-scaled.jpeg","width":2560,"height":2341},{"@type":"BreadcrumbList","@id":"https:\/\/merkurs-white-wolves.de\/?page_id=184#breadcrumb","itemListElement":[{"@type":"ListItem","position":1,"name":"Startseite","item":"https:\/\/merkurs-white-wolves.de\/"},{"@type":"ListItem","position":2,"name":"2021"}]},{"@type":"WebSite","@id":"https:\/\/merkurs-white-wolves.de\/#website","url":"https:\/\/merkurs-white-wolves.de\/","name":"Merkur\u2019s White Wolves","description":"Zuchtst\u00e4tte f\u00fcr Wei\u00dfe Schweizer Sch\u00e4ferhunde","potentialAction":[{"@type":"SearchAction","target":{"@type":"EntryPoint","urlTemplate":"https:\/\/merkurs-white-wolves.de\/?s={search_term_string}"},"query-input":{"@type":"PropertyValueSpecification","valueRequired":true,"valueName":"search_term_string"}}],"inLanguage":"de"}]}},"_links":{"self":[{"href":"https:\/\/merkurs-white-wolves.de\/index.php?rest_route=\/wp\/v2\/pages\/184","targetHints":{"allow":["GET"]}}],"collection":[{"href":"https:\/\/merkurs-white-wolves.de\/index.php?rest_route=\/wp\/v2\/pages"}],"about":[{"href":"https:\/\/merkurs-white-wolves.de\/index.php?rest_route=\/wp\/v2\/types\/page"}],"author":[{"embeddable":true,"href":"https:\/\/merkurs-white-wolves.de\/index.php?rest_route=\/wp\/v2\/users\/1"}],"replies":[{"embeddable":true,"href":"https:\/\/merkurs-white-wolves.de\/index.php?rest_route=%2Fwp%2Fv2%2Fcomments&post=184"}],"version-history":[{"count":10,"href":"https:\/\/merkurs-white-wolves.de\/index.php?rest_route=\/wp\/v2\/pages\/184\/revisions"}],"predecessor-version":[{"id":730,"href":"https:\/\/merkurs-white-wolves.de\/index.php?rest_route=\/wp\/v2\/pages\/184\/revisions\/730"}],"wp:attachment":[{"href":"https:\/\/merkurs-white-wolves.de\/index.php?rest_route=%2Fwp%2Fv2%2Fmedia&parent=184"}],"curies":[{"name":"wp","href":"https:\/\/api.w.org\/{rel}","templated":true}]}}