{"id":200,"date":"2021-07-09T11:36:00","date_gmt":"2021-07-09T11:36:00","guid":{"rendered":"http:\/\/merkurs-white-wolves.de\/?page_id=200"},"modified":"2025-04-23T14:31:39","modified_gmt":"2025-04-23T14:31:39","slug":"dream-of-nanook","status":"publish","type":"page","link":"https:\/\/merkurs-white-wolves.de\/?page_id=200","title":{"rendered":"Dream of Nanook"},"content":{"rendered":"\n<p class=\"has-background\" style=\"background:radial-gradient(rgb(255,203,112) 62%,rgb(199,81,192) 77%,rgb(65,88,208) 100%)\"><strong>Deutscher Champion VDH, BVWS Club Champion<\/strong><br><strong>Slowenischer Champion, Champion de Luxembourg de Beaute<\/strong><br><strong>Deutscher Veteranen-Champion, BVWS Veteranen Club Champion, <br>Kroatischer Veteranen-Champion, Luxemburg Veteranen-Champion<\/strong><\/p>\n\n\n\n<p><\/p>\n\n\n\n<p><em>(Langstockhaar)<\/em><\/p>\n\n\n\n<p><\/p>\n\n\n\n<p><em>Wurftag: 15.08.2016<\/em><\/p>\n\n\n\n<p><em>Gr\u00f6\u00dfe: 63 cm<\/em><\/p>\n\n\n\n<p><span class=\"underline\" style=\"text-decoration: underline\"><strong>Abstammung:<\/strong><\/span><br><em>Vater: Egeborg\u2019s CAPTAIN INDI<\/em><br><em>Mutter: nicht nach FCI\/VDH Regeln gez\u00fcchtet<\/em><\/p>\n\n\n\n<p><strong>Ausbildung:<\/strong><em> BH\/VT<\/em><\/p>\n\n\n\n<p><strong>Gebiss:<\/strong> <em>Schere, vollzahnig<\/em><\/p>\n\n\n\n<p><strong>R\u00f6ntgen Auswertung:<\/strong> <em>HD:A2<\/em>, <em>ED:0\/0<\/em>, <em>L\u00dcW:0<\/em><\/p>\n\n\n\n<p><strong>Gentest:<\/strong> <em>MDR1:+\/+<\/em>, <em>DM <\/em>Tr\u00e4ger, <em>MH frei, HZ frei, CH frei<\/em><\/p>\n\n\n\n<p><strong>Zuchtzulassung:<\/strong> <br><em><strong>Formwert: Sehr gut<\/strong><\/em><br>In Gr\u00f6\u00dfe und Format korrekt aufgebauter R\u00fcde, kr\u00e4ftig geformter Kopf, trocken, dunkles Pigment in allen Teilen, korrekt eingesetzte dunkle Augen, aufmerksam getragenes Stehohr, gerader fester R\u00fccken, leicht abfallende Kruppe, Winkelungen in Ordnung, Brustausformung noch entwicklungsbed\u00fcrftig, im Stand vorne leicht ausdrehend, hinten korrekt, freundliches verspieltes Verhalten. (ZZLP 24.02.2018)<br><strong><em>Wesen: 95 Punkte Sehr g<\/em>ut<\/strong><br>Ein Hund der durch sein Temperament und ausgepr\u00e4gten Spieltrieb noch nicht ganz in der Hand des Hundef\u00fchrers steht, aber durch sein sicheres Auftreten aufgefallen ist.<br>(ZZLP 24.02.2018)<\/p>\n\n\n\n<figure class=\"wp-block-image size-large is-resized\"><img loading=\"lazy\" decoding=\"async\" width=\"1024\" height=\"937\" src=\"https:\/\/merkurs-white-wolves.de\/wp-content\/uploads\/2023\/06\/5336_1681480124-1024x937.jpg\" alt=\"\" class=\"wp-image-630\" style=\"width:425px;height:auto\" srcset=\"https:\/\/merkurs-white-wolves.de\/wp-content\/uploads\/2023\/06\/5336_1681480124-1024x937.jpg 1024w, https:\/\/merkurs-white-wolves.de\/wp-content\/uploads\/2023\/06\/5336_1681480124-300x275.jpg 300w, https:\/\/merkurs-white-wolves.de\/wp-content\/uploads\/2023\/06\/5336_1681480124-768x703.jpg 768w, https:\/\/merkurs-white-wolves.de\/wp-content\/uploads\/2023\/06\/5336_1681480124-1536x1406.jpg 1536w, https:\/\/merkurs-white-wolves.de\/wp-content\/uploads\/2023\/06\/5336_1681480124-2048x1875.jpg 2048w, https:\/\/merkurs-white-wolves.de\/wp-content\/uploads\/2023\/06\/5336_1681480124-1600x1465.jpg 1600w\" sizes=\"auto, (max-width: 1024px) 100vw, 1024px\" \/><\/figure>\n\n\n\n<h2 class=\"wp-block-heading\"><em>Ahnentafel<\/em><\/h2>\n\n\n\n<figure class=\"wp-block-image size-large is-resized\"><img loading=\"lazy\" decoding=\"async\" width=\"1024\" height=\"677\" src=\"https:\/\/merkurs-white-wolves.de\/wp-content\/uploads\/2021\/07\/C773C5E9-C269-4244-B7A3-57DA19A9E5AB-1024x677.jpeg\" alt=\"\" class=\"wp-image-353\" srcset=\"https:\/\/merkurs-white-wolves.de\/wp-content\/uploads\/2021\/07\/C773C5E9-C269-4244-B7A3-57DA19A9E5AB-1024x677.jpeg 1024w, https:\/\/merkurs-white-wolves.de\/wp-content\/uploads\/2021\/07\/C773C5E9-C269-4244-B7A3-57DA19A9E5AB-300x198.jpeg 300w, https:\/\/merkurs-white-wolves.de\/wp-content\/uploads\/2021\/07\/C773C5E9-C269-4244-B7A3-57DA19A9E5AB-768x508.jpeg 768w, https:\/\/merkurs-white-wolves.de\/wp-content\/uploads\/2021\/07\/C773C5E9-C269-4244-B7A3-57DA19A9E5AB-1536x1016.jpeg 1536w, https:\/\/merkurs-white-wolves.de\/wp-content\/uploads\/2021\/07\/C773C5E9-C269-4244-B7A3-57DA19A9E5AB-1600x1058.jpeg 1600w, https:\/\/merkurs-white-wolves.de\/wp-content\/uploads\/2021\/07\/C773C5E9-C269-4244-B7A3-57DA19A9E5AB.jpeg 1624w\" sizes=\"auto, (max-width: 1024px) 100vw, 1024px\" \/><figcaption class=\"wp-element-caption\">Ahnentafel <\/figcaption><\/figure>\n\n\n\n<h2 class=\"wp-block-heading\"><em>Urkunden<\/em><\/h2>\n\n\n\n<figure class=\"wp-block-image size-large is-resized\"><img loading=\"lazy\" decoding=\"async\" width=\"1024\" height=\"821\" src=\"https:\/\/merkurs-white-wolves.de\/wp-content\/uploads\/2023\/07\/grafik-7-1024x821.png\" alt=\"\" class=\"wp-image-724\" style=\"aspect-ratio:1.2466539196940727;width:692px;height:auto\" srcset=\"https:\/\/merkurs-white-wolves.de\/wp-content\/uploads\/2023\/07\/grafik-7-1024x821.png 1024w, https:\/\/merkurs-white-wolves.de\/wp-content\/uploads\/2023\/07\/grafik-7-300x241.png 300w, https:\/\/merkurs-white-wolves.de\/wp-content\/uploads\/2023\/07\/grafik-7-768x616.png 768w, https:\/\/merkurs-white-wolves.de\/wp-content\/uploads\/2023\/07\/grafik-7-1536x1232.png 1536w, https:\/\/merkurs-white-wolves.de\/wp-content\/uploads\/2023\/07\/grafik-7.png 1600w\" sizes=\"auto, (max-width: 1024px) 100vw, 1024px\" \/><\/figure>\n\n\n\n<figure class=\"wp-block-image size-large is-resized\"><img loading=\"lazy\" decoding=\"async\" width=\"1024\" height=\"688\" src=\"https:\/\/merkurs-white-wolves.de\/wp-content\/uploads\/2021\/08\/8992B34C-A509-436B-A124-481B83B44D24-1024x688.jpeg\" alt=\"\" class=\"wp-image-369\" style=\"width:684px;height:auto\" srcset=\"https:\/\/merkurs-white-wolves.de\/wp-content\/uploads\/2021\/08\/8992B34C-A509-436B-A124-481B83B44D24-1024x688.jpeg 1024w, https:\/\/merkurs-white-wolves.de\/wp-content\/uploads\/2021\/08\/8992B34C-A509-436B-A124-481B83B44D24-300x202.jpeg 300w, https:\/\/merkurs-white-wolves.de\/wp-content\/uploads\/2021\/08\/8992B34C-A509-436B-A124-481B83B44D24-768x516.jpeg 768w, https:\/\/merkurs-white-wolves.de\/wp-content\/uploads\/2021\/08\/8992B34C-A509-436B-A124-481B83B44D24.jpeg 1170w\" sizes=\"auto, (max-width: 1024px) 100vw, 1024px\" \/><\/figure>\n\n\n\n<h2 class=\"wp-block-heading\"><em>Bilder<\/em> von Nanook <\/h2>\n\n\n\n<figure class=\"wp-block-gallery has-nested-images columns-default is-cropped wp-block-gallery-2 is-layout-flex wp-block-gallery-is-layout-flex\">\n<figure class=\"wp-block-image size-large\"><img loading=\"lazy\" decoding=\"async\" width=\"1024\" height=\"768\" data-id=\"715\" src=\"https:\/\/merkurs-white-wolves.de\/wp-content\/uploads\/2023\/07\/P7150216-1024x768.jpg\" alt=\"\" class=\"wp-image-715\" srcset=\"https:\/\/merkurs-white-wolves.de\/wp-content\/uploads\/2023\/07\/P7150216-1024x768.jpg 1024w, https:\/\/merkurs-white-wolves.de\/wp-content\/uploads\/2023\/07\/P7150216-300x225.jpg 300w, https:\/\/merkurs-white-wolves.de\/wp-content\/uploads\/2023\/07\/P7150216-768x576.jpg 768w, https:\/\/merkurs-white-wolves.de\/wp-content\/uploads\/2023\/07\/P7150216-1536x1152.jpg 1536w, https:\/\/merkurs-white-wolves.de\/wp-content\/uploads\/2023\/07\/P7150216-2048x1536.jpg 2048w, https:\/\/merkurs-white-wolves.de\/wp-content\/uploads\/2023\/07\/P7150216-1600x1200.jpg 1600w\" sizes=\"auto, (max-width: 1024px) 100vw, 1024px\" \/><\/figure>\n\n\n\n<figure class=\"wp-block-image size-large\"><img loading=\"lazy\" decoding=\"async\" width=\"682\" height=\"1024\" data-id=\"678\" src=\"https:\/\/merkurs-white-wolves.de\/wp-content\/uploads\/2023\/07\/P7150147a-682x1024.jpg\" alt=\"\" class=\"wp-image-678\" srcset=\"https:\/\/merkurs-white-wolves.de\/wp-content\/uploads\/2023\/07\/P7150147a-682x1024.jpg 682w, https:\/\/merkurs-white-wolves.de\/wp-content\/uploads\/2023\/07\/P7150147a-200x300.jpg 200w, https:\/\/merkurs-white-wolves.de\/wp-content\/uploads\/2023\/07\/P7150147a-768x1154.jpg 768w, https:\/\/merkurs-white-wolves.de\/wp-content\/uploads\/2023\/07\/P7150147a-1022x1536.jpg 1022w, https:\/\/merkurs-white-wolves.de\/wp-content\/uploads\/2023\/07\/P7150147a.jpg 1119w\" sizes=\"auto, (max-width: 682px) 100vw, 682px\" \/><\/figure>\n\n\n\n<figure class=\"wp-block-image size-large\"><img loading=\"lazy\" decoding=\"async\" width=\"683\" height=\"1024\" data-id=\"560\" src=\"https:\/\/merkurs-white-wolves.de\/wp-content\/uploads\/2022\/09\/5D08A21E-E0AE-4ABB-9AD8-025C5D7B8A5B-683x1024-1.jpeg\" alt=\"\" class=\"wp-image-560\" srcset=\"https:\/\/merkurs-white-wolves.de\/wp-content\/uploads\/2022\/09\/5D08A21E-E0AE-4ABB-9AD8-025C5D7B8A5B-683x1024-1.jpeg 683w, https:\/\/merkurs-white-wolves.de\/wp-content\/uploads\/2022\/09\/5D08A21E-E0AE-4ABB-9AD8-025C5D7B8A5B-683x1024-1-200x300.jpeg 200w\" sizes=\"auto, (max-width: 683px) 100vw, 683px\" \/><\/figure>\n\n\n\n<figure class=\"wp-block-image size-large\"><img loading=\"lazy\" decoding=\"async\" width=\"540\" height=\"540\" data-id=\"555\" src=\"https:\/\/merkurs-white-wolves.de\/wp-content\/uploads\/2022\/09\/294913927_5583241695039658_4044923418906485609_n-edited.jpg\" alt=\"\" class=\"wp-image-555\" srcset=\"https:\/\/merkurs-white-wolves.de\/wp-content\/uploads\/2022\/09\/294913927_5583241695039658_4044923418906485609_n-edited.jpg 540w, https:\/\/merkurs-white-wolves.de\/wp-content\/uploads\/2022\/09\/294913927_5583241695039658_4044923418906485609_n-edited-300x300.jpg 300w, https:\/\/merkurs-white-wolves.de\/wp-content\/uploads\/2022\/09\/294913927_5583241695039658_4044923418906485609_n-edited-150x150.jpg 150w\" sizes=\"auto, (max-width: 540px) 100vw, 540px\" \/><\/figure>\n\n\n\n<figure class=\"wp-block-image size-large\"><img loading=\"lazy\" decoding=\"async\" width=\"1024\" height=\"1024\" data-id=\"551\" src=\"https:\/\/merkurs-white-wolves.de\/wp-content\/uploads\/2022\/09\/294327121_611898803686486_39384008736166417_n-edited-1024x1024.jpg\" alt=\"\" class=\"wp-image-551\" srcset=\"https:\/\/merkurs-white-wolves.de\/wp-content\/uploads\/2022\/09\/294327121_611898803686486_39384008736166417_n-edited-1024x1024.jpg 1024w, https:\/\/merkurs-white-wolves.de\/wp-content\/uploads\/2022\/09\/294327121_611898803686486_39384008736166417_n-edited-300x300.jpg 300w, https:\/\/merkurs-white-wolves.de\/wp-content\/uploads\/2022\/09\/294327121_611898803686486_39384008736166417_n-edited-150x150.jpg 150w, https:\/\/merkurs-white-wolves.de\/wp-content\/uploads\/2022\/09\/294327121_611898803686486_39384008736166417_n-edited-768x768.jpg 768w, https:\/\/merkurs-white-wolves.de\/wp-content\/uploads\/2022\/09\/294327121_611898803686486_39384008736166417_n-edited.jpg 1366w\" sizes=\"auto, (max-width: 1024px) 100vw, 1024px\" \/><\/figure>\n\n\n\n<figure class=\"wp-block-image size-large\"><img loading=\"lazy\" decoding=\"async\" width=\"731\" height=\"1024\" data-id=\"425\" src=\"https:\/\/merkurs-white-wolves.de\/wp-content\/uploads\/2022\/09\/1D8768A6-E8FF-45C1-ABA3-DC0D945CC30C-731x1024.jpeg\" alt=\"\" class=\"wp-image-425\" srcset=\"https:\/\/merkurs-white-wolves.de\/wp-content\/uploads\/2022\/09\/1D8768A6-E8FF-45C1-ABA3-DC0D945CC30C-731x1024.jpeg 731w, https:\/\/merkurs-white-wolves.de\/wp-content\/uploads\/2022\/09\/1D8768A6-E8FF-45C1-ABA3-DC0D945CC30C-214x300.jpeg 214w, https:\/\/merkurs-white-wolves.de\/wp-content\/uploads\/2022\/09\/1D8768A6-E8FF-45C1-ABA3-DC0D945CC30C-768x1075.jpeg 768w, https:\/\/merkurs-white-wolves.de\/wp-content\/uploads\/2022\/09\/1D8768A6-E8FF-45C1-ABA3-DC0D945CC30C-1097x1536.jpeg 1097w, https:\/\/merkurs-white-wolves.de\/wp-content\/uploads\/2022\/09\/1D8768A6-E8FF-45C1-ABA3-DC0D945CC30C-1463x2048.jpeg 1463w, https:\/\/merkurs-white-wolves.de\/wp-content\/uploads\/2022\/09\/1D8768A6-E8FF-45C1-ABA3-DC0D945CC30C-1600x2240.jpeg 1600w, https:\/\/merkurs-white-wolves.de\/wp-content\/uploads\/2022\/09\/1D8768A6-E8FF-45C1-ABA3-DC0D945CC30C-scaled.jpeg 1829w\" sizes=\"auto, (max-width: 731px) 100vw, 731px\" \/><\/figure>\n\n\n\n<figure class=\"wp-block-image size-large\"><img loading=\"lazy\" decoding=\"async\" width=\"768\" height=\"1024\" data-id=\"359\" src=\"https:\/\/merkurs-white-wolves.de\/wp-content\/uploads\/2021\/08\/FDD0ED15-86DE-43D1-AEB2-D7CC192365DA-768x1024.jpeg\" alt=\"\" class=\"wp-image-359\" srcset=\"https:\/\/merkurs-white-wolves.de\/wp-content\/uploads\/2021\/08\/FDD0ED15-86DE-43D1-AEB2-D7CC192365DA-768x1024.jpeg 768w, https:\/\/merkurs-white-wolves.de\/wp-content\/uploads\/2021\/08\/FDD0ED15-86DE-43D1-AEB2-D7CC192365DA-225x300.jpeg 225w, https:\/\/merkurs-white-wolves.de\/wp-content\/uploads\/2021\/08\/FDD0ED15-86DE-43D1-AEB2-D7CC192365DA-1152x1536.jpeg 1152w, https:\/\/merkurs-white-wolves.de\/wp-content\/uploads\/2021\/08\/FDD0ED15-86DE-43D1-AEB2-D7CC192365DA-1536x2048.jpeg 1536w, https:\/\/merkurs-white-wolves.de\/wp-content\/uploads\/2021\/08\/FDD0ED15-86DE-43D1-AEB2-D7CC192365DA-1600x2133.jpeg 1600w, https:\/\/merkurs-white-wolves.de\/wp-content\/uploads\/2021\/08\/FDD0ED15-86DE-43D1-AEB2-D7CC192365DA-scaled.jpeg 1920w\" sizes=\"auto, (max-width: 768px) 100vw, 768px\" \/><\/figure>\n\n\n\n<figure class=\"wp-block-image size-large\"><img loading=\"lazy\" decoding=\"async\" width=\"939\" height=\"1024\" data-id=\"378\" src=\"https:\/\/merkurs-white-wolves.de\/wp-content\/uploads\/2021\/09\/630C24BE-21C3-42E3-82D4-39C033A7A608-939x1024.jpeg\" alt=\"\" class=\"wp-image-378\" srcset=\"https:\/\/merkurs-white-wolves.de\/wp-content\/uploads\/2021\/09\/630C24BE-21C3-42E3-82D4-39C033A7A608-939x1024.jpeg 939w, https:\/\/merkurs-white-wolves.de\/wp-content\/uploads\/2021\/09\/630C24BE-21C3-42E3-82D4-39C033A7A608-275x300.jpeg 275w, https:\/\/merkurs-white-wolves.de\/wp-content\/uploads\/2021\/09\/630C24BE-21C3-42E3-82D4-39C033A7A608-768x837.jpeg 768w, https:\/\/merkurs-white-wolves.de\/wp-content\/uploads\/2021\/09\/630C24BE-21C3-42E3-82D4-39C033A7A608-1409x1536.jpeg 1409w, https:\/\/merkurs-white-wolves.de\/wp-content\/uploads\/2021\/09\/630C24BE-21C3-42E3-82D4-39C033A7A608-1879x2048.jpeg 1879w, https:\/\/merkurs-white-wolves.de\/wp-content\/uploads\/2021\/09\/630C24BE-21C3-42E3-82D4-39C033A7A608-1600x1744.jpeg 1600w\" sizes=\"auto, (max-width: 939px) 100vw, 939px\" \/><\/figure>\n\n\n\n<figure class=\"wp-block-image size-large\"><img loading=\"lazy\" decoding=\"async\" width=\"1024\" height=\"936\" data-id=\"376\" src=\"https:\/\/merkurs-white-wolves.de\/wp-content\/uploads\/2021\/09\/73F7B3E2-3832-4428-82D3-9D78EE675DB6-1024x936.jpeg\" alt=\"\" class=\"wp-image-376\" srcset=\"https:\/\/merkurs-white-wolves.de\/wp-content\/uploads\/2021\/09\/73F7B3E2-3832-4428-82D3-9D78EE675DB6-1024x936.jpeg 1024w, https:\/\/merkurs-white-wolves.de\/wp-content\/uploads\/2021\/09\/73F7B3E2-3832-4428-82D3-9D78EE675DB6-300x274.jpeg 300w, https:\/\/merkurs-white-wolves.de\/wp-content\/uploads\/2021\/09\/73F7B3E2-3832-4428-82D3-9D78EE675DB6-768x702.jpeg 768w, https:\/\/merkurs-white-wolves.de\/wp-content\/uploads\/2021\/09\/73F7B3E2-3832-4428-82D3-9D78EE675DB6-1536x1404.jpeg 1536w, https:\/\/merkurs-white-wolves.de\/wp-content\/uploads\/2021\/09\/73F7B3E2-3832-4428-82D3-9D78EE675DB6-2048x1873.jpeg 2048w, https:\/\/merkurs-white-wolves.de\/wp-content\/uploads\/2021\/09\/73F7B3E2-3832-4428-82D3-9D78EE675DB6-1600x1463.jpeg 1600w\" sizes=\"auto, (max-width: 1024px) 100vw, 1024px\" \/><figcaption class=\"wp-element-caption\">BOS IDS Luxemburg 05.09.2021 <\/figcaption><\/figure>\n\n\n\n<figure class=\"wp-block-image size-large\"><img loading=\"lazy\" decoding=\"async\" width=\"731\" height=\"1024\" data-id=\"46\" src=\"https:\/\/merkurs-white-wolves.de\/wp-content\/uploads\/2021\/07\/F86F416C-0427-48A7-B2FD-325A281D4B0C-731x1024.jpeg\" alt=\"\" class=\"wp-image-46\" srcset=\"https:\/\/merkurs-white-wolves.de\/wp-content\/uploads\/2021\/07\/F86F416C-0427-48A7-B2FD-325A281D4B0C-731x1024.jpeg 731w, https:\/\/merkurs-white-wolves.de\/wp-content\/uploads\/2021\/07\/F86F416C-0427-48A7-B2FD-325A281D4B0C-214x300.jpeg 214w, https:\/\/merkurs-white-wolves.de\/wp-content\/uploads\/2021\/07\/F86F416C-0427-48A7-B2FD-325A281D4B0C-768x1076.jpeg 768w, https:\/\/merkurs-white-wolves.de\/wp-content\/uploads\/2021\/07\/F86F416C-0427-48A7-B2FD-325A281D4B0C-1096x1536.jpeg 1096w, https:\/\/merkurs-white-wolves.de\/wp-content\/uploads\/2021\/07\/F86F416C-0427-48A7-B2FD-325A281D4B0C.jpeg 1142w\" sizes=\"auto, (max-width: 731px) 100vw, 731px\" \/><\/figure>\n<\/figure>\n","protected":false},"excerpt":{"rendered":"<p>Deutscher Champion VDH, BVWS Club ChampionSlowenischer Champion, Champion de Luxembourg de BeauteDeutscher Veteranen-Champion, BVWS Veteranen Club Champion, Kroatischer Veteranen-Champion, Luxemburg&hellip;<\/p>\n","protected":false},"author":1,"featured_media":0,"parent":0,"menu_order":0,"comment_status":"closed","ping_status":"closed","template":"","meta":{"ngg_post_thumbnail":0,"footnotes":""},"class_list":["post-200","page","type-page","status-publish","hentry"],"yoast_head":"<!-- This site is optimized with the Yoast SEO plugin v27.4 - https:\/\/yoast.com\/product\/yoast-seo-wordpress\/ -->\n<title>Dream of Nanook - Merkur\u2019s White Wolves<\/title>\n<meta name=\"robots\" content=\"index, follow, max-snippet:-1, max-image-preview:large, max-video-preview:-1\" \/>\n<link rel=\"canonical\" href=\"https:\/\/merkurs-white-wolves.de\/?page_id=200\" \/>\n<meta property=\"og:locale\" content=\"de_DE\" \/>\n<meta property=\"og:type\" content=\"article\" \/>\n<meta property=\"og:title\" content=\"Dream of Nanook - Merkur\u2019s White Wolves\" \/>\n<meta property=\"og:description\" content=\"Deutscher Champion VDH, BVWS Club ChampionSlowenischer Champion, Champion de Luxembourg de BeauteDeutscher Veteranen-Champion, BVWS Veteranen Club Champion, Kroatischer Veteranen-Champion, Luxemburg&hellip;\" \/>\n<meta property=\"og:url\" content=\"https:\/\/merkurs-white-wolves.de\/?page_id=200\" \/>\n<meta property=\"og:site_name\" content=\"Merkur\u2019s White Wolves\" \/>\n<meta property=\"article:modified_time\" content=\"2025-04-23T14:31:39+00:00\" \/>\n<meta property=\"og:image\" content=\"https:\/\/merkurs-white-wolves.de\/wp-content\/uploads\/2023\/06\/5336_1681480124.jpg\" \/>\n\t<meta property=\"og:image:width\" content=\"2433\" \/>\n\t<meta property=\"og:image:height\" content=\"2227\" \/>\n\t<meta property=\"og:image:type\" content=\"image\/jpeg\" \/>\n<meta name=\"twitter:card\" content=\"summary_large_image\" \/>\n<meta name=\"twitter:label1\" content=\"Gesch\u00e4tzte Lesezeit\" \/>\n\t<meta name=\"twitter:data1\" content=\"4\u00a0Minuten\" \/>\n<script type=\"application\/ld+json\" class=\"yoast-schema-graph\">{\"@context\":\"https:\\\/\\\/schema.org\",\"@graph\":[{\"@type\":\"WebPage\",\"@id\":\"https:\\\/\\\/merkurs-white-wolves.de\\\/?page_id=200\",\"url\":\"https:\\\/\\\/merkurs-white-wolves.de\\\/?page_id=200\",\"name\":\"Dream of Nanook - Merkur\u2019s White Wolves\",\"isPartOf\":{\"@id\":\"https:\\\/\\\/merkurs-white-wolves.de\\\/#website\"},\"primaryImageOfPage\":{\"@id\":\"https:\\\/\\\/merkurs-white-wolves.de\\\/?page_id=200#primaryimage\"},\"image\":{\"@id\":\"https:\\\/\\\/merkurs-white-wolves.de\\\/?page_id=200#primaryimage\"},\"thumbnailUrl\":\"https:\\\/\\\/merkurs-white-wolves.de\\\/wp-content\\\/uploads\\\/2023\\\/06\\\/5336_1681480124-1024x937.jpg\",\"datePublished\":\"2021-07-09T11:36:00+00:00\",\"dateModified\":\"2025-04-23T14:31:39+00:00\",\"breadcrumb\":{\"@id\":\"https:\\\/\\\/merkurs-white-wolves.de\\\/?page_id=200#breadcrumb\"},\"inLanguage\":\"de\",\"potentialAction\":[{\"@type\":\"ReadAction\",\"target\":[\"https:\\\/\\\/merkurs-white-wolves.de\\\/?page_id=200\"]}]},{\"@type\":\"ImageObject\",\"inLanguage\":\"de\",\"@id\":\"https:\\\/\\\/merkurs-white-wolves.de\\\/?page_id=200#primaryimage\",\"url\":\"https:\\\/\\\/merkurs-white-wolves.de\\\/wp-content\\\/uploads\\\/2023\\\/06\\\/5336_1681480124.jpg\",\"contentUrl\":\"https:\\\/\\\/merkurs-white-wolves.de\\\/wp-content\\\/uploads\\\/2023\\\/06\\\/5336_1681480124.jpg\",\"width\":2433,\"height\":2227},{\"@type\":\"BreadcrumbList\",\"@id\":\"https:\\\/\\\/merkurs-white-wolves.de\\\/?page_id=200#breadcrumb\",\"itemListElement\":[{\"@type\":\"ListItem\",\"position\":1,\"name\":\"Startseite\",\"item\":\"https:\\\/\\\/merkurs-white-wolves.de\\\/\"},{\"@type\":\"ListItem\",\"position\":2,\"name\":\"Dream of Nanook\"}]},{\"@type\":\"WebSite\",\"@id\":\"https:\\\/\\\/merkurs-white-wolves.de\\\/#website\",\"url\":\"https:\\\/\\\/merkurs-white-wolves.de\\\/\",\"name\":\"Merkur\u2019s White Wolves\",\"description\":\"Zuchtst\u00e4tte f\u00fcr Wei\u00dfe Schweizer Sch\u00e4ferhunde\",\"potentialAction\":[{\"@type\":\"SearchAction\",\"target\":{\"@type\":\"EntryPoint\",\"urlTemplate\":\"https:\\\/\\\/merkurs-white-wolves.de\\\/?s={search_term_string}\"},\"query-input\":{\"@type\":\"PropertyValueSpecification\",\"valueRequired\":true,\"valueName\":\"search_term_string\"}}],\"inLanguage\":\"de\"}]}<\/script>\n<!-- \/ Yoast SEO plugin. -->","yoast_head_json":{"title":"Dream of Nanook - Merkur\u2019s White Wolves","robots":{"index":"index","follow":"follow","max-snippet":"max-snippet:-1","max-image-preview":"max-image-preview:large","max-video-preview":"max-video-preview:-1"},"canonical":"https:\/\/merkurs-white-wolves.de\/?page_id=200","og_locale":"de_DE","og_type":"article","og_title":"Dream of Nanook - Merkur\u2019s White Wolves","og_description":"Deutscher Champion VDH, BVWS Club ChampionSlowenischer Champion, Champion de Luxembourg de BeauteDeutscher Veteranen-Champion, BVWS Veteranen Club Champion, Kroatischer Veteranen-Champion, Luxemburg&hellip;","og_url":"https:\/\/merkurs-white-wolves.de\/?page_id=200","og_site_name":"Merkur\u2019s White Wolves","article_modified_time":"2025-04-23T14:31:39+00:00","og_image":[{"width":2433,"height":2227,"url":"https:\/\/merkurs-white-wolves.de\/wp-content\/uploads\/2023\/06\/5336_1681480124.jpg","type":"image\/jpeg"}],"twitter_card":"summary_large_image","twitter_misc":{"Gesch\u00e4tzte Lesezeit":"4\u00a0Minuten"},"schema":{"@context":"https:\/\/schema.org","@graph":[{"@type":"WebPage","@id":"https:\/\/merkurs-white-wolves.de\/?page_id=200","url":"https:\/\/merkurs-white-wolves.de\/?page_id=200","name":"Dream of Nanook - Merkur\u2019s White Wolves","isPartOf":{"@id":"https:\/\/merkurs-white-wolves.de\/#website"},"primaryImageOfPage":{"@id":"https:\/\/merkurs-white-wolves.de\/?page_id=200#primaryimage"},"image":{"@id":"https:\/\/merkurs-white-wolves.de\/?page_id=200#primaryimage"},"thumbnailUrl":"https:\/\/merkurs-white-wolves.de\/wp-content\/uploads\/2023\/06\/5336_1681480124-1024x937.jpg","datePublished":"2021-07-09T11:36:00+00:00","dateModified":"2025-04-23T14:31:39+00:00","breadcrumb":{"@id":"https:\/\/merkurs-white-wolves.de\/?page_id=200#breadcrumb"},"inLanguage":"de","potentialAction":[{"@type":"ReadAction","target":["https:\/\/merkurs-white-wolves.de\/?page_id=200"]}]},{"@type":"ImageObject","inLanguage":"de","@id":"https:\/\/merkurs-white-wolves.de\/?page_id=200#primaryimage","url":"https:\/\/merkurs-white-wolves.de\/wp-content\/uploads\/2023\/06\/5336_1681480124.jpg","contentUrl":"https:\/\/merkurs-white-wolves.de\/wp-content\/uploads\/2023\/06\/5336_1681480124.jpg","width":2433,"height":2227},{"@type":"BreadcrumbList","@id":"https:\/\/merkurs-white-wolves.de\/?page_id=200#breadcrumb","itemListElement":[{"@type":"ListItem","position":1,"name":"Startseite","item":"https:\/\/merkurs-white-wolves.de\/"},{"@type":"ListItem","position":2,"name":"Dream of Nanook"}]},{"@type":"WebSite","@id":"https:\/\/merkurs-white-wolves.de\/#website","url":"https:\/\/merkurs-white-wolves.de\/","name":"Merkur\u2019s White Wolves","description":"Zuchtst\u00e4tte f\u00fcr Wei\u00dfe Schweizer Sch\u00e4ferhunde","potentialAction":[{"@type":"SearchAction","target":{"@type":"EntryPoint","urlTemplate":"https:\/\/merkurs-white-wolves.de\/?s={search_term_string}"},"query-input":{"@type":"PropertyValueSpecification","valueRequired":true,"valueName":"search_term_string"}}],"inLanguage":"de"}]}},"_links":{"self":[{"href":"https:\/\/merkurs-white-wolves.de\/index.php?rest_route=\/wp\/v2\/pages\/200","targetHints":{"allow":["GET"]}}],"collection":[{"href":"https:\/\/merkurs-white-wolves.de\/index.php?rest_route=\/wp\/v2\/pages"}],"about":[{"href":"https:\/\/merkurs-white-wolves.de\/index.php?rest_route=\/wp\/v2\/types\/page"}],"author":[{"embeddable":true,"href":"https:\/\/merkurs-white-wolves.de\/index.php?rest_route=\/wp\/v2\/users\/1"}],"replies":[{"embeddable":true,"href":"https:\/\/merkurs-white-wolves.de\/index.php?rest_route=%2Fwp%2Fv2%2Fcomments&post=200"}],"version-history":[{"count":35,"href":"https:\/\/merkurs-white-wolves.de\/index.php?rest_route=\/wp\/v2\/pages\/200\/revisions"}],"predecessor-version":[{"id":977,"href":"https:\/\/merkurs-white-wolves.de\/index.php?rest_route=\/wp\/v2\/pages\/200\/revisions\/977"}],"wp:attachment":[{"href":"https:\/\/merkurs-white-wolves.de\/index.php?rest_route=%2Fwp%2Fv2%2Fmedia&parent=200"}],"curies":[{"name":"wp","href":"https:\/\/api.w.org\/{rel}","templated":true}]}}