{"id":202,"date":"2021-07-09T11:36:00","date_gmt":"2021-07-09T11:36:00","guid":{"rendered":"http:\/\/merkurs-white-wolves.de\/?page_id=202"},"modified":"2023-12-20T07:40:28","modified_gmt":"2023-12-20T07:40:28","slug":"german-dreams-killer-queen","status":"publish","type":"page","link":"https:\/\/merkurs-white-wolves.de\/?page_id=202","title":{"rendered":"German Dream&#8217;s Killer Queen"},"content":{"rendered":"\n<p><em>(Stockhaar)<\/em><\/p>\n\n\n\n<p><em>Wurftag: <\/em>26.07.2019<br><em>Gr\u00f6\u00dfe: <\/em>57 cm<\/p>\n\n\n\n<p>Abstammung:<br><em>Vater: <\/em>GREGOR vom House Savacium<br><em>Mutter: <\/em> German Dream\u2019s GEENA DAVIS<\/p>\n\n\n\n<p><strong><span class=\"tadv-background-color\" style=\"background-color:#f1c6f1\">Unsere Queeny wird nicht in die Zucht gehen und bleibt als Herzenshund in unserem Rudel<\/span><\/strong><\/p>\n\n\n\n<figure class=\"wp-block-image size-large\"><img loading=\"lazy\" decoding=\"async\" width=\"752\" height=\"1024\" src=\"https:\/\/merkurs-white-wolves.de\/wp-content\/uploads\/2021\/07\/D7D9987F-823D-4AB3-AE0D-D700A41ED433.jpeg\" alt=\"\" class=\"wp-image-21\" srcset=\"https:\/\/merkurs-white-wolves.de\/wp-content\/uploads\/2021\/07\/D7D9987F-823D-4AB3-AE0D-D700A41ED433.jpeg 752w, https:\/\/merkurs-white-wolves.de\/wp-content\/uploads\/2021\/07\/D7D9987F-823D-4AB3-AE0D-D700A41ED433-220x300.jpeg 220w\" sizes=\"auto, (max-width: 752px) 100vw, 752px\" \/><\/figure>\n\n\n\n<figure class=\"wp-block-image size-large\"><img loading=\"lazy\" decoding=\"async\" width=\"427\" height=\"360\" src=\"https:\/\/merkurs-white-wolves.de\/wp-content\/uploads\/2021\/07\/7A81EA77-2787-47E1-9276-FEF3370716D0.jpeg\" alt=\"\" class=\"wp-image-269\" srcset=\"https:\/\/merkurs-white-wolves.de\/wp-content\/uploads\/2021\/07\/7A81EA77-2787-47E1-9276-FEF3370716D0.jpeg 427w, https:\/\/merkurs-white-wolves.de\/wp-content\/uploads\/2021\/07\/7A81EA77-2787-47E1-9276-FEF3370716D0-300x253.jpeg 300w\" sizes=\"auto, (max-width: 427px) 100vw, 427px\" \/><\/figure>\n","protected":false},"excerpt":{"rendered":"<p>(Stockhaar) Wurftag: 26.07.2019Gr\u00f6\u00dfe: 57 cm Abstammung:Vater: GREGOR vom House SavaciumMutter: German Dream\u2019s GEENA DAVIS Unsere Queeny wird nicht in die&hellip;<\/p>\n","protected":false},"author":1,"featured_media":0,"parent":0,"menu_order":0,"comment_status":"closed","ping_status":"closed","template":"","meta":{"ngg_post_thumbnail":0,"footnotes":""},"class_list":["post-202","page","type-page","status-publish","hentry"],"yoast_head":"<!-- This site is optimized with the Yoast SEO plugin v27.4 - https:\/\/yoast.com\/product\/yoast-seo-wordpress\/ -->\n<title>German Dream&#039;s Killer Queen - Merkur\u2019s White Wolves<\/title>\n<meta name=\"robots\" content=\"index, follow, max-snippet:-1, max-image-preview:large, max-video-preview:-1\" \/>\n<link rel=\"canonical\" href=\"https:\/\/merkurs-white-wolves.de\/?page_id=202\" \/>\n<meta property=\"og:locale\" content=\"de_DE\" \/>\n<meta property=\"og:type\" content=\"article\" \/>\n<meta property=\"og:title\" content=\"German Dream&#039;s Killer Queen - Merkur\u2019s White Wolves\" \/>\n<meta property=\"og:description\" content=\"(Stockhaar) Wurftag: 26.07.2019Gr\u00f6\u00dfe: 57 cm Abstammung:Vater: GREGOR vom House SavaciumMutter: German Dream\u2019s GEENA DAVIS Unsere Queeny wird nicht in die&hellip;\" \/>\n<meta property=\"og:url\" content=\"https:\/\/merkurs-white-wolves.de\/?page_id=202\" \/>\n<meta property=\"og:site_name\" content=\"Merkur\u2019s White Wolves\" \/>\n<meta property=\"article:modified_time\" content=\"2023-12-20T07:40:28+00:00\" \/>\n<meta property=\"og:image\" content=\"https:\/\/merkurs-white-wolves.de\/wp-content\/uploads\/2021\/07\/D7D9987F-823D-4AB3-AE0D-D700A41ED433.jpeg\" \/>\n<meta name=\"twitter:card\" content=\"summary_large_image\" \/>\n<meta name=\"twitter:label1\" content=\"Gesch\u00e4tzte Lesezeit\" \/>\n\t<meta name=\"twitter:data1\" content=\"1\u00a0Minute\" \/>\n<script type=\"application\/ld+json\" class=\"yoast-schema-graph\">{\"@context\":\"https:\\\/\\\/schema.org\",\"@graph\":[{\"@type\":\"WebPage\",\"@id\":\"https:\\\/\\\/merkurs-white-wolves.de\\\/?page_id=202\",\"url\":\"https:\\\/\\\/merkurs-white-wolves.de\\\/?page_id=202\",\"name\":\"German Dream's Killer Queen - Merkur\u2019s White Wolves\",\"isPartOf\":{\"@id\":\"https:\\\/\\\/merkurs-white-wolves.de\\\/#website\"},\"primaryImageOfPage\":{\"@id\":\"https:\\\/\\\/merkurs-white-wolves.de\\\/?page_id=202#primaryimage\"},\"image\":{\"@id\":\"https:\\\/\\\/merkurs-white-wolves.de\\\/?page_id=202#primaryimage\"},\"thumbnailUrl\":\"https:\\\/\\\/merkurs-white-wolves.de\\\/wp-content\\\/uploads\\\/2021\\\/07\\\/D7D9987F-823D-4AB3-AE0D-D700A41ED433.jpeg\",\"datePublished\":\"2021-07-09T11:36:00+00:00\",\"dateModified\":\"2023-12-20T07:40:28+00:00\",\"breadcrumb\":{\"@id\":\"https:\\\/\\\/merkurs-white-wolves.de\\\/?page_id=202#breadcrumb\"},\"inLanguage\":\"de\",\"potentialAction\":[{\"@type\":\"ReadAction\",\"target\":[\"https:\\\/\\\/merkurs-white-wolves.de\\\/?page_id=202\"]}]},{\"@type\":\"ImageObject\",\"inLanguage\":\"de\",\"@id\":\"https:\\\/\\\/merkurs-white-wolves.de\\\/?page_id=202#primaryimage\",\"url\":\"https:\\\/\\\/merkurs-white-wolves.de\\\/wp-content\\\/uploads\\\/2021\\\/07\\\/D7D9987F-823D-4AB3-AE0D-D700A41ED433.jpeg\",\"contentUrl\":\"https:\\\/\\\/merkurs-white-wolves.de\\\/wp-content\\\/uploads\\\/2021\\\/07\\\/D7D9987F-823D-4AB3-AE0D-D700A41ED433.jpeg\",\"width\":752,\"height\":1024},{\"@type\":\"BreadcrumbList\",\"@id\":\"https:\\\/\\\/merkurs-white-wolves.de\\\/?page_id=202#breadcrumb\",\"itemListElement\":[{\"@type\":\"ListItem\",\"position\":1,\"name\":\"Startseite\",\"item\":\"https:\\\/\\\/merkurs-white-wolves.de\\\/\"},{\"@type\":\"ListItem\",\"position\":2,\"name\":\"German Dream&#8217;s Killer Queen\"}]},{\"@type\":\"WebSite\",\"@id\":\"https:\\\/\\\/merkurs-white-wolves.de\\\/#website\",\"url\":\"https:\\\/\\\/merkurs-white-wolves.de\\\/\",\"name\":\"Merkur\u2019s White Wolves\",\"description\":\"Zuchtst\u00e4tte f\u00fcr Wei\u00dfe Schweizer Sch\u00e4ferhunde\",\"potentialAction\":[{\"@type\":\"SearchAction\",\"target\":{\"@type\":\"EntryPoint\",\"urlTemplate\":\"https:\\\/\\\/merkurs-white-wolves.de\\\/?s={search_term_string}\"},\"query-input\":{\"@type\":\"PropertyValueSpecification\",\"valueRequired\":true,\"valueName\":\"search_term_string\"}}],\"inLanguage\":\"de\"}]}<\/script>\n<!-- \/ Yoast SEO plugin. -->","yoast_head_json":{"title":"German Dream's Killer Queen - Merkur\u2019s White Wolves","robots":{"index":"index","follow":"follow","max-snippet":"max-snippet:-1","max-image-preview":"max-image-preview:large","max-video-preview":"max-video-preview:-1"},"canonical":"https:\/\/merkurs-white-wolves.de\/?page_id=202","og_locale":"de_DE","og_type":"article","og_title":"German Dream's Killer Queen - Merkur\u2019s White Wolves","og_description":"(Stockhaar) Wurftag: 26.07.2019Gr\u00f6\u00dfe: 57 cm Abstammung:Vater: GREGOR vom House SavaciumMutter: German Dream\u2019s GEENA DAVIS Unsere Queeny wird nicht in die&hellip;","og_url":"https:\/\/merkurs-white-wolves.de\/?page_id=202","og_site_name":"Merkur\u2019s White Wolves","article_modified_time":"2023-12-20T07:40:28+00:00","og_image":[{"url":"https:\/\/merkurs-white-wolves.de\/wp-content\/uploads\/2021\/07\/D7D9987F-823D-4AB3-AE0D-D700A41ED433.jpeg","type":"","width":"","height":""}],"twitter_card":"summary_large_image","twitter_misc":{"Gesch\u00e4tzte Lesezeit":"1\u00a0Minute"},"schema":{"@context":"https:\/\/schema.org","@graph":[{"@type":"WebPage","@id":"https:\/\/merkurs-white-wolves.de\/?page_id=202","url":"https:\/\/merkurs-white-wolves.de\/?page_id=202","name":"German Dream's Killer Queen - Merkur\u2019s White Wolves","isPartOf":{"@id":"https:\/\/merkurs-white-wolves.de\/#website"},"primaryImageOfPage":{"@id":"https:\/\/merkurs-white-wolves.de\/?page_id=202#primaryimage"},"image":{"@id":"https:\/\/merkurs-white-wolves.de\/?page_id=202#primaryimage"},"thumbnailUrl":"https:\/\/merkurs-white-wolves.de\/wp-content\/uploads\/2021\/07\/D7D9987F-823D-4AB3-AE0D-D700A41ED433.jpeg","datePublished":"2021-07-09T11:36:00+00:00","dateModified":"2023-12-20T07:40:28+00:00","breadcrumb":{"@id":"https:\/\/merkurs-white-wolves.de\/?page_id=202#breadcrumb"},"inLanguage":"de","potentialAction":[{"@type":"ReadAction","target":["https:\/\/merkurs-white-wolves.de\/?page_id=202"]}]},{"@type":"ImageObject","inLanguage":"de","@id":"https:\/\/merkurs-white-wolves.de\/?page_id=202#primaryimage","url":"https:\/\/merkurs-white-wolves.de\/wp-content\/uploads\/2021\/07\/D7D9987F-823D-4AB3-AE0D-D700A41ED433.jpeg","contentUrl":"https:\/\/merkurs-white-wolves.de\/wp-content\/uploads\/2021\/07\/D7D9987F-823D-4AB3-AE0D-D700A41ED433.jpeg","width":752,"height":1024},{"@type":"BreadcrumbList","@id":"https:\/\/merkurs-white-wolves.de\/?page_id=202#breadcrumb","itemListElement":[{"@type":"ListItem","position":1,"name":"Startseite","item":"https:\/\/merkurs-white-wolves.de\/"},{"@type":"ListItem","position":2,"name":"German Dream&#8217;s Killer Queen"}]},{"@type":"WebSite","@id":"https:\/\/merkurs-white-wolves.de\/#website","url":"https:\/\/merkurs-white-wolves.de\/","name":"Merkur\u2019s White Wolves","description":"Zuchtst\u00e4tte f\u00fcr Wei\u00dfe Schweizer Sch\u00e4ferhunde","potentialAction":[{"@type":"SearchAction","target":{"@type":"EntryPoint","urlTemplate":"https:\/\/merkurs-white-wolves.de\/?s={search_term_string}"},"query-input":{"@type":"PropertyValueSpecification","valueRequired":true,"valueName":"search_term_string"}}],"inLanguage":"de"}]}},"_links":{"self":[{"href":"https:\/\/merkurs-white-wolves.de\/index.php?rest_route=\/wp\/v2\/pages\/202","targetHints":{"allow":["GET"]}}],"collection":[{"href":"https:\/\/merkurs-white-wolves.de\/index.php?rest_route=\/wp\/v2\/pages"}],"about":[{"href":"https:\/\/merkurs-white-wolves.de\/index.php?rest_route=\/wp\/v2\/types\/page"}],"author":[{"embeddable":true,"href":"https:\/\/merkurs-white-wolves.de\/index.php?rest_route=\/wp\/v2\/users\/1"}],"replies":[{"embeddable":true,"href":"https:\/\/merkurs-white-wolves.de\/index.php?rest_route=%2Fwp%2Fv2%2Fcomments&post=202"}],"version-history":[{"count":6,"href":"https:\/\/merkurs-white-wolves.de\/index.php?rest_route=\/wp\/v2\/pages\/202\/revisions"}],"predecessor-version":[{"id":827,"href":"https:\/\/merkurs-white-wolves.de\/index.php?rest_route=\/wp\/v2\/pages\/202\/revisions\/827"}],"wp:attachment":[{"href":"https:\/\/merkurs-white-wolves.de\/index.php?rest_route=%2Fwp%2Fv2%2Fmedia&parent=202"}],"curies":[{"name":"wp","href":"https:\/\/api.w.org\/{rel}","templated":true}]}}