{"id":203,"date":"2021-07-09T11:36:00","date_gmt":"2021-07-09T11:36:00","guid":{"rendered":"http:\/\/merkurs-white-wolves.de\/?page_id=203"},"modified":"2023-06-01T11:32:55","modified_gmt":"2023-06-01T11:32:55","slug":"joyful-joyce-von-kings-silbertal","status":"publish","type":"page","link":"https:\/\/merkurs-white-wolves.de\/?page_id=203","title":{"rendered":"Joyful Joyce von King&#8217;s Silbertal"},"content":{"rendered":"\n<p>(<em>Langstockhaar)<\/em><\/p>\n\n\n\n<p><em>Wurftag: <\/em>11.10.2020<br><em>Gr\u00f6\u00dfe: <\/em>58 cm<\/p>\n\n\n\n<p>Abstammung:<br><em>Vater: <\/em>IRONCLAD IVANDER von King\u2018s Silbertal<br><em>Mutter: <\/em>GO FOR GOLD von King\u2018s Silbertal<\/p>\n\n\n\n<p><em>Ausbildung:&nbsp;<\/em><\/p>\n\n\n\n<p>Auswertung:&nbsp;HD A1, ED 0, SW1<\/p>\n\n\n\n<p>Gentest: <em>MDR1 +\/+<\/em>, <em>DM <\/em>frei, <em>HZ <\/em>frei<\/p>\n\n\n\n<figure class=\"wp-block-image size-large is-resized\"><img loading=\"lazy\" decoding=\"async\" src=\"https:\/\/merkurs-white-wolves.de\/wp-content\/uploads\/2021\/07\/22EAC0E1-E2CD-49DB-AABB-157A6BC4A853.jpeg\" alt=\"\" class=\"wp-image-20\" width=\"298\" height=\"446\" srcset=\"https:\/\/merkurs-white-wolves.de\/wp-content\/uploads\/2021\/07\/22EAC0E1-E2CD-49DB-AABB-157A6BC4A853.jpeg 683w, https:\/\/merkurs-white-wolves.de\/wp-content\/uploads\/2021\/07\/22EAC0E1-E2CD-49DB-AABB-157A6BC4A853-200x300.jpeg 200w\" sizes=\"auto, (max-width: 298px) 100vw, 298px\" \/><\/figure>\n\n\n\n<figure class=\"wp-block-image size-large is-resized\"><img loading=\"lazy\" decoding=\"async\" src=\"https:\/\/merkurs-white-wolves.de\/wp-content\/uploads\/2021\/07\/852107C3-17FE-49E0-A264-750A8FED9578-1024x768.jpeg\" alt=\"\" class=\"wp-image-270\" width=\"392\" height=\"294\" srcset=\"https:\/\/merkurs-white-wolves.de\/wp-content\/uploads\/2021\/07\/852107C3-17FE-49E0-A264-750A8FED9578-1024x768.jpeg 1024w, https:\/\/merkurs-white-wolves.de\/wp-content\/uploads\/2021\/07\/852107C3-17FE-49E0-A264-750A8FED9578-300x225.jpeg 300w, https:\/\/merkurs-white-wolves.de\/wp-content\/uploads\/2021\/07\/852107C3-17FE-49E0-A264-750A8FED9578-768x576.jpeg 768w, https:\/\/merkurs-white-wolves.de\/wp-content\/uploads\/2021\/07\/852107C3-17FE-49E0-A264-750A8FED9578-1536x1152.jpeg 1536w, https:\/\/merkurs-white-wolves.de\/wp-content\/uploads\/2021\/07\/852107C3-17FE-49E0-A264-750A8FED9578.jpeg 1600w\" sizes=\"auto, (max-width: 392px) 100vw, 392px\" \/><\/figure>\n\n\n\n<figure class=\"wp-block-image size-large is-resized\"><img loading=\"lazy\" decoding=\"async\" src=\"https:\/\/merkurs-white-wolves.de\/wp-content\/uploads\/2023\/06\/294103324_611898930353140_4965630381158188524_n-1024x683.jpg\" alt=\"\" class=\"wp-image-614\" width=\"403\" height=\"268\" srcset=\"https:\/\/merkurs-white-wolves.de\/wp-content\/uploads\/2023\/06\/294103324_611898930353140_4965630381158188524_n-1024x683.jpg 1024w, https:\/\/merkurs-white-wolves.de\/wp-content\/uploads\/2023\/06\/294103324_611898930353140_4965630381158188524_n-300x200.jpg 300w, https:\/\/merkurs-white-wolves.de\/wp-content\/uploads\/2023\/06\/294103324_611898930353140_4965630381158188524_n-768x512.jpg 768w, https:\/\/merkurs-white-wolves.de\/wp-content\/uploads\/2023\/06\/294103324_611898930353140_4965630381158188524_n-1536x1025.jpg 1536w, https:\/\/merkurs-white-wolves.de\/wp-content\/uploads\/2023\/06\/294103324_611898930353140_4965630381158188524_n-1600x1067.jpg 1600w, https:\/\/merkurs-white-wolves.de\/wp-content\/uploads\/2023\/06\/294103324_611898930353140_4965630381158188524_n.jpg 2048w\" sizes=\"auto, (max-width: 403px) 100vw, 403px\" \/><\/figure>\n","protected":false},"excerpt":{"rendered":"<p>(Langstockhaar) Wurftag: 11.10.2020Gr\u00f6\u00dfe: 58 cm Abstammung:Vater: IRONCLAD IVANDER von King\u2018s SilbertalMutter: GO FOR GOLD von King\u2018s Silbertal Ausbildung:&nbsp; Auswertung:&nbsp;HD A1,&hellip;<\/p>\n","protected":false},"author":1,"featured_media":0,"parent":0,"menu_order":0,"comment_status":"closed","ping_status":"closed","template":"","meta":{"ngg_post_thumbnail":0,"footnotes":""},"class_list":["post-203","page","type-page","status-publish","hentry"],"yoast_head":"<!-- This site is optimized with the Yoast SEO plugin v27.4 - https:\/\/yoast.com\/product\/yoast-seo-wordpress\/ -->\n<title>Joyful Joyce von King&#039;s Silbertal - Merkur\u2019s White Wolves<\/title>\n<meta name=\"robots\" content=\"index, follow, max-snippet:-1, max-image-preview:large, max-video-preview:-1\" \/>\n<link rel=\"canonical\" href=\"https:\/\/merkurs-white-wolves.de\/?page_id=203\" \/>\n<meta property=\"og:locale\" content=\"de_DE\" \/>\n<meta property=\"og:type\" content=\"article\" \/>\n<meta property=\"og:title\" content=\"Joyful Joyce von King&#039;s Silbertal - Merkur\u2019s White Wolves\" \/>\n<meta property=\"og:description\" content=\"(Langstockhaar) Wurftag: 11.10.2020Gr\u00f6\u00dfe: 58 cm Abstammung:Vater: IRONCLAD IVANDER von King\u2018s SilbertalMutter: GO FOR GOLD von King\u2018s Silbertal Ausbildung:&nbsp; Auswertung:&nbsp;HD A1,&hellip;\" \/>\n<meta property=\"og:url\" content=\"https:\/\/merkurs-white-wolves.de\/?page_id=203\" \/>\n<meta property=\"og:site_name\" content=\"Merkur\u2019s White Wolves\" \/>\n<meta property=\"article:modified_time\" content=\"2023-06-01T11:32:55+00:00\" \/>\n<meta property=\"og:image\" content=\"https:\/\/merkurs-white-wolves.de\/wp-content\/uploads\/2021\/07\/22EAC0E1-E2CD-49DB-AABB-157A6BC4A853.jpeg\" \/>\n<meta name=\"twitter:card\" content=\"summary_large_image\" \/>\n<script type=\"application\/ld+json\" class=\"yoast-schema-graph\">{\"@context\":\"https:\\\/\\\/schema.org\",\"@graph\":[{\"@type\":\"WebPage\",\"@id\":\"https:\\\/\\\/merkurs-white-wolves.de\\\/?page_id=203\",\"url\":\"https:\\\/\\\/merkurs-white-wolves.de\\\/?page_id=203\",\"name\":\"Joyful Joyce von King's Silbertal - Merkur\u2019s White Wolves\",\"isPartOf\":{\"@id\":\"https:\\\/\\\/merkurs-white-wolves.de\\\/#website\"},\"primaryImageOfPage\":{\"@id\":\"https:\\\/\\\/merkurs-white-wolves.de\\\/?page_id=203#primaryimage\"},\"image\":{\"@id\":\"https:\\\/\\\/merkurs-white-wolves.de\\\/?page_id=203#primaryimage\"},\"thumbnailUrl\":\"https:\\\/\\\/merkurs-white-wolves.de\\\/wp-content\\\/uploads\\\/2021\\\/07\\\/22EAC0E1-E2CD-49DB-AABB-157A6BC4A853.jpeg\",\"datePublished\":\"2021-07-09T11:36:00+00:00\",\"dateModified\":\"2023-06-01T11:32:55+00:00\",\"breadcrumb\":{\"@id\":\"https:\\\/\\\/merkurs-white-wolves.de\\\/?page_id=203#breadcrumb\"},\"inLanguage\":\"de\",\"potentialAction\":[{\"@type\":\"ReadAction\",\"target\":[\"https:\\\/\\\/merkurs-white-wolves.de\\\/?page_id=203\"]}]},{\"@type\":\"ImageObject\",\"inLanguage\":\"de\",\"@id\":\"https:\\\/\\\/merkurs-white-wolves.de\\\/?page_id=203#primaryimage\",\"url\":\"https:\\\/\\\/merkurs-white-wolves.de\\\/wp-content\\\/uploads\\\/2021\\\/07\\\/22EAC0E1-E2CD-49DB-AABB-157A6BC4A853.jpeg\",\"contentUrl\":\"https:\\\/\\\/merkurs-white-wolves.de\\\/wp-content\\\/uploads\\\/2021\\\/07\\\/22EAC0E1-E2CD-49DB-AABB-157A6BC4A853.jpeg\",\"width\":683,\"height\":1024},{\"@type\":\"BreadcrumbList\",\"@id\":\"https:\\\/\\\/merkurs-white-wolves.de\\\/?page_id=203#breadcrumb\",\"itemListElement\":[{\"@type\":\"ListItem\",\"position\":1,\"name\":\"Startseite\",\"item\":\"https:\\\/\\\/merkurs-white-wolves.de\\\/\"},{\"@type\":\"ListItem\",\"position\":2,\"name\":\"Joyful Joyce von King&#8217;s Silbertal\"}]},{\"@type\":\"WebSite\",\"@id\":\"https:\\\/\\\/merkurs-white-wolves.de\\\/#website\",\"url\":\"https:\\\/\\\/merkurs-white-wolves.de\\\/\",\"name\":\"Merkur\u2019s White Wolves\",\"description\":\"Zuchtst\u00e4tte f\u00fcr Wei\u00dfe Schweizer Sch\u00e4ferhunde\",\"potentialAction\":[{\"@type\":\"SearchAction\",\"target\":{\"@type\":\"EntryPoint\",\"urlTemplate\":\"https:\\\/\\\/merkurs-white-wolves.de\\\/?s={search_term_string}\"},\"query-input\":{\"@type\":\"PropertyValueSpecification\",\"valueRequired\":true,\"valueName\":\"search_term_string\"}}],\"inLanguage\":\"de\"}]}<\/script>\n<!-- \/ Yoast SEO plugin. -->","yoast_head_json":{"title":"Joyful Joyce von King's Silbertal - Merkur\u2019s White Wolves","robots":{"index":"index","follow":"follow","max-snippet":"max-snippet:-1","max-image-preview":"max-image-preview:large","max-video-preview":"max-video-preview:-1"},"canonical":"https:\/\/merkurs-white-wolves.de\/?page_id=203","og_locale":"de_DE","og_type":"article","og_title":"Joyful Joyce von King's Silbertal - Merkur\u2019s White Wolves","og_description":"(Langstockhaar) Wurftag: 11.10.2020Gr\u00f6\u00dfe: 58 cm Abstammung:Vater: IRONCLAD IVANDER von King\u2018s SilbertalMutter: GO FOR GOLD von King\u2018s Silbertal Ausbildung:&nbsp; Auswertung:&nbsp;HD A1,&hellip;","og_url":"https:\/\/merkurs-white-wolves.de\/?page_id=203","og_site_name":"Merkur\u2019s White Wolves","article_modified_time":"2023-06-01T11:32:55+00:00","og_image":[{"url":"https:\/\/merkurs-white-wolves.de\/wp-content\/uploads\/2021\/07\/22EAC0E1-E2CD-49DB-AABB-157A6BC4A853.jpeg","type":"","width":"","height":""}],"twitter_card":"summary_large_image","schema":{"@context":"https:\/\/schema.org","@graph":[{"@type":"WebPage","@id":"https:\/\/merkurs-white-wolves.de\/?page_id=203","url":"https:\/\/merkurs-white-wolves.de\/?page_id=203","name":"Joyful Joyce von King's Silbertal - Merkur\u2019s White Wolves","isPartOf":{"@id":"https:\/\/merkurs-white-wolves.de\/#website"},"primaryImageOfPage":{"@id":"https:\/\/merkurs-white-wolves.de\/?page_id=203#primaryimage"},"image":{"@id":"https:\/\/merkurs-white-wolves.de\/?page_id=203#primaryimage"},"thumbnailUrl":"https:\/\/merkurs-white-wolves.de\/wp-content\/uploads\/2021\/07\/22EAC0E1-E2CD-49DB-AABB-157A6BC4A853.jpeg","datePublished":"2021-07-09T11:36:00+00:00","dateModified":"2023-06-01T11:32:55+00:00","breadcrumb":{"@id":"https:\/\/merkurs-white-wolves.de\/?page_id=203#breadcrumb"},"inLanguage":"de","potentialAction":[{"@type":"ReadAction","target":["https:\/\/merkurs-white-wolves.de\/?page_id=203"]}]},{"@type":"ImageObject","inLanguage":"de","@id":"https:\/\/merkurs-white-wolves.de\/?page_id=203#primaryimage","url":"https:\/\/merkurs-white-wolves.de\/wp-content\/uploads\/2021\/07\/22EAC0E1-E2CD-49DB-AABB-157A6BC4A853.jpeg","contentUrl":"https:\/\/merkurs-white-wolves.de\/wp-content\/uploads\/2021\/07\/22EAC0E1-E2CD-49DB-AABB-157A6BC4A853.jpeg","width":683,"height":1024},{"@type":"BreadcrumbList","@id":"https:\/\/merkurs-white-wolves.de\/?page_id=203#breadcrumb","itemListElement":[{"@type":"ListItem","position":1,"name":"Startseite","item":"https:\/\/merkurs-white-wolves.de\/"},{"@type":"ListItem","position":2,"name":"Joyful Joyce von King&#8217;s Silbertal"}]},{"@type":"WebSite","@id":"https:\/\/merkurs-white-wolves.de\/#website","url":"https:\/\/merkurs-white-wolves.de\/","name":"Merkur\u2019s White Wolves","description":"Zuchtst\u00e4tte f\u00fcr Wei\u00dfe Schweizer Sch\u00e4ferhunde","potentialAction":[{"@type":"SearchAction","target":{"@type":"EntryPoint","urlTemplate":"https:\/\/merkurs-white-wolves.de\/?s={search_term_string}"},"query-input":{"@type":"PropertyValueSpecification","valueRequired":true,"valueName":"search_term_string"}}],"inLanguage":"de"}]}},"_links":{"self":[{"href":"https:\/\/merkurs-white-wolves.de\/index.php?rest_route=\/wp\/v2\/pages\/203","targetHints":{"allow":["GET"]}}],"collection":[{"href":"https:\/\/merkurs-white-wolves.de\/index.php?rest_route=\/wp\/v2\/pages"}],"about":[{"href":"https:\/\/merkurs-white-wolves.de\/index.php?rest_route=\/wp\/v2\/types\/page"}],"author":[{"embeddable":true,"href":"https:\/\/merkurs-white-wolves.de\/index.php?rest_route=\/wp\/v2\/users\/1"}],"replies":[{"embeddable":true,"href":"https:\/\/merkurs-white-wolves.de\/index.php?rest_route=%2Fwp%2Fv2%2Fcomments&post=203"}],"version-history":[{"count":6,"href":"https:\/\/merkurs-white-wolves.de\/index.php?rest_route=\/wp\/v2\/pages\/203\/revisions"}],"predecessor-version":[{"id":619,"href":"https:\/\/merkurs-white-wolves.de\/index.php?rest_route=\/wp\/v2\/pages\/203\/revisions\/619"}],"wp:attachment":[{"href":"https:\/\/merkurs-white-wolves.de\/index.php?rest_route=%2Fwp%2Fv2%2Fmedia&parent=203"}],"curies":[{"name":"wp","href":"https:\/\/api.w.org\/{rel}","templated":true}]}}