{"id":391,"date":"2022-01-22T18:53:41","date_gmt":"2022-01-22T18:53:41","guid":{"rendered":"https:\/\/merkurs-white-wolves.de\/?page_id=391"},"modified":"2022-01-22T19:05:54","modified_gmt":"2022-01-22T19:05:54","slug":"zucht","status":"publish","type":"page","link":"https:\/\/merkurs-white-wolves.de\/?page_id=391","title":{"rendered":"Zucht"},"content":{"rendered":"\n<figure class=\"wp-block-image size-full\"><img loading=\"lazy\" decoding=\"async\" width=\"500\" height=\"321\" src=\"https:\/\/merkurs-white-wolves.de\/wp-content\/uploads\/2022\/01\/89D25484-4FFD-4698-924D-1B14F4E756E3.png\" alt=\"\" class=\"wp-image-396\" srcset=\"https:\/\/merkurs-white-wolves.de\/wp-content\/uploads\/2022\/01\/89D25484-4FFD-4698-924D-1B14F4E756E3.png 500w, https:\/\/merkurs-white-wolves.de\/wp-content\/uploads\/2022\/01\/89D25484-4FFD-4698-924D-1B14F4E756E3-300x193.png 300w\" sizes=\"auto, (max-width: 500px) 100vw, 500px\" \/><\/figure>\n\n\n\n<p>Die Welpen wachsen bei uns liebevoll, famili\u00e4r und im Rudel auf. Sie werden im Haus und Garten aufgezogen und lernen dadurch die verschiedensten Ger\u00e4usche und Umwelteinfl\u00fcsse kennen. Bei der Abgabe haben sie schon Autofahrten und Ausfl\u00fcge hinter sich. <br><\/p>\n\n\n\n<p>Unsere Welpen sind vor der Abgabe mehrfach entwurmt, geimpft und gechippt.<\/p>\n\n\n\n<p>Sie erhalten VDH\/FCI Papiere, den EU-Haustierausweis und ein Welpenstarterpaket.<\/p>\n","protected":false},"excerpt":{"rendered":"<p>Die Welpen wachsen bei uns liebevoll, famili\u00e4r und im Rudel auf. Sie werden im Haus und Garten aufgezogen und lernen&hellip;<\/p>\n","protected":false},"author":1,"featured_media":0,"parent":0,"menu_order":0,"comment_status":"closed","ping_status":"closed","template":"","meta":{"ngg_post_thumbnail":0,"footnotes":""},"class_list":["post-391","page","type-page","status-publish","hentry"],"yoast_head":"<!-- This site is optimized with the Yoast SEO plugin v27.4 - https:\/\/yoast.com\/product\/yoast-seo-wordpress\/ -->\n<title>Zucht - Merkur\u2019s White Wolves<\/title>\n<meta name=\"robots\" content=\"index, follow, max-snippet:-1, max-image-preview:large, max-video-preview:-1\" \/>\n<link rel=\"canonical\" href=\"https:\/\/merkurs-white-wolves.de\/?page_id=391\" \/>\n<meta property=\"og:locale\" content=\"de_DE\" \/>\n<meta property=\"og:type\" content=\"article\" \/>\n<meta property=\"og:title\" content=\"Zucht - Merkur\u2019s White Wolves\" \/>\n<meta property=\"og:description\" content=\"Die Welpen wachsen bei uns liebevoll, famili\u00e4r und im Rudel auf. Sie werden im Haus und Garten aufgezogen und lernen&hellip;\" \/>\n<meta property=\"og:url\" content=\"https:\/\/merkurs-white-wolves.de\/?page_id=391\" \/>\n<meta property=\"og:site_name\" content=\"Merkur\u2019s White Wolves\" \/>\n<meta property=\"article:modified_time\" content=\"2022-01-22T19:05:54+00:00\" \/>\n<meta property=\"og:image\" content=\"https:\/\/merkurs-white-wolves.de\/wp-content\/uploads\/2022\/01\/89D25484-4FFD-4698-924D-1B14F4E756E3.png\" \/>\n<meta name=\"twitter:card\" content=\"summary_large_image\" \/>\n<script type=\"application\/ld+json\" class=\"yoast-schema-graph\">{\"@context\":\"https:\\\/\\\/schema.org\",\"@graph\":[{\"@type\":\"WebPage\",\"@id\":\"https:\\\/\\\/merkurs-white-wolves.de\\\/?page_id=391\",\"url\":\"https:\\\/\\\/merkurs-white-wolves.de\\\/?page_id=391\",\"name\":\"Zucht - Merkur\u2019s White Wolves\",\"isPartOf\":{\"@id\":\"https:\\\/\\\/merkurs-white-wolves.de\\\/#website\"},\"primaryImageOfPage\":{\"@id\":\"https:\\\/\\\/merkurs-white-wolves.de\\\/?page_id=391#primaryimage\"},\"image\":{\"@id\":\"https:\\\/\\\/merkurs-white-wolves.de\\\/?page_id=391#primaryimage\"},\"thumbnailUrl\":\"https:\\\/\\\/merkurs-white-wolves.de\\\/wp-content\\\/uploads\\\/2022\\\/01\\\/89D25484-4FFD-4698-924D-1B14F4E756E3.png\",\"datePublished\":\"2022-01-22T18:53:41+00:00\",\"dateModified\":\"2022-01-22T19:05:54+00:00\",\"breadcrumb\":{\"@id\":\"https:\\\/\\\/merkurs-white-wolves.de\\\/?page_id=391#breadcrumb\"},\"inLanguage\":\"de\",\"potentialAction\":[{\"@type\":\"ReadAction\",\"target\":[\"https:\\\/\\\/merkurs-white-wolves.de\\\/?page_id=391\"]}]},{\"@type\":\"ImageObject\",\"inLanguage\":\"de\",\"@id\":\"https:\\\/\\\/merkurs-white-wolves.de\\\/?page_id=391#primaryimage\",\"url\":\"https:\\\/\\\/merkurs-white-wolves.de\\\/wp-content\\\/uploads\\\/2022\\\/01\\\/89D25484-4FFD-4698-924D-1B14F4E756E3.png\",\"contentUrl\":\"https:\\\/\\\/merkurs-white-wolves.de\\\/wp-content\\\/uploads\\\/2022\\\/01\\\/89D25484-4FFD-4698-924D-1B14F4E756E3.png\",\"width\":500,\"height\":321},{\"@type\":\"BreadcrumbList\",\"@id\":\"https:\\\/\\\/merkurs-white-wolves.de\\\/?page_id=391#breadcrumb\",\"itemListElement\":[{\"@type\":\"ListItem\",\"position\":1,\"name\":\"Startseite\",\"item\":\"https:\\\/\\\/merkurs-white-wolves.de\\\/\"},{\"@type\":\"ListItem\",\"position\":2,\"name\":\"Zucht\"}]},{\"@type\":\"WebSite\",\"@id\":\"https:\\\/\\\/merkurs-white-wolves.de\\\/#website\",\"url\":\"https:\\\/\\\/merkurs-white-wolves.de\\\/\",\"name\":\"Merkur\u2019s White Wolves\",\"description\":\"Zuchtst\u00e4tte f\u00fcr Wei\u00dfe Schweizer Sch\u00e4ferhunde\",\"potentialAction\":[{\"@type\":\"SearchAction\",\"target\":{\"@type\":\"EntryPoint\",\"urlTemplate\":\"https:\\\/\\\/merkurs-white-wolves.de\\\/?s={search_term_string}\"},\"query-input\":{\"@type\":\"PropertyValueSpecification\",\"valueRequired\":true,\"valueName\":\"search_term_string\"}}],\"inLanguage\":\"de\"}]}<\/script>\n<!-- \/ Yoast SEO plugin. -->","yoast_head_json":{"title":"Zucht - Merkur\u2019s White Wolves","robots":{"index":"index","follow":"follow","max-snippet":"max-snippet:-1","max-image-preview":"max-image-preview:large","max-video-preview":"max-video-preview:-1"},"canonical":"https:\/\/merkurs-white-wolves.de\/?page_id=391","og_locale":"de_DE","og_type":"article","og_title":"Zucht - Merkur\u2019s White Wolves","og_description":"Die Welpen wachsen bei uns liebevoll, famili\u00e4r und im Rudel auf. Sie werden im Haus und Garten aufgezogen und lernen&hellip;","og_url":"https:\/\/merkurs-white-wolves.de\/?page_id=391","og_site_name":"Merkur\u2019s White Wolves","article_modified_time":"2022-01-22T19:05:54+00:00","og_image":[{"url":"https:\/\/merkurs-white-wolves.de\/wp-content\/uploads\/2022\/01\/89D25484-4FFD-4698-924D-1B14F4E756E3.png","type":"","width":"","height":""}],"twitter_card":"summary_large_image","schema":{"@context":"https:\/\/schema.org","@graph":[{"@type":"WebPage","@id":"https:\/\/merkurs-white-wolves.de\/?page_id=391","url":"https:\/\/merkurs-white-wolves.de\/?page_id=391","name":"Zucht - Merkur\u2019s White Wolves","isPartOf":{"@id":"https:\/\/merkurs-white-wolves.de\/#website"},"primaryImageOfPage":{"@id":"https:\/\/merkurs-white-wolves.de\/?page_id=391#primaryimage"},"image":{"@id":"https:\/\/merkurs-white-wolves.de\/?page_id=391#primaryimage"},"thumbnailUrl":"https:\/\/merkurs-white-wolves.de\/wp-content\/uploads\/2022\/01\/89D25484-4FFD-4698-924D-1B14F4E756E3.png","datePublished":"2022-01-22T18:53:41+00:00","dateModified":"2022-01-22T19:05:54+00:00","breadcrumb":{"@id":"https:\/\/merkurs-white-wolves.de\/?page_id=391#breadcrumb"},"inLanguage":"de","potentialAction":[{"@type":"ReadAction","target":["https:\/\/merkurs-white-wolves.de\/?page_id=391"]}]},{"@type":"ImageObject","inLanguage":"de","@id":"https:\/\/merkurs-white-wolves.de\/?page_id=391#primaryimage","url":"https:\/\/merkurs-white-wolves.de\/wp-content\/uploads\/2022\/01\/89D25484-4FFD-4698-924D-1B14F4E756E3.png","contentUrl":"https:\/\/merkurs-white-wolves.de\/wp-content\/uploads\/2022\/01\/89D25484-4FFD-4698-924D-1B14F4E756E3.png","width":500,"height":321},{"@type":"BreadcrumbList","@id":"https:\/\/merkurs-white-wolves.de\/?page_id=391#breadcrumb","itemListElement":[{"@type":"ListItem","position":1,"name":"Startseite","item":"https:\/\/merkurs-white-wolves.de\/"},{"@type":"ListItem","position":2,"name":"Zucht"}]},{"@type":"WebSite","@id":"https:\/\/merkurs-white-wolves.de\/#website","url":"https:\/\/merkurs-white-wolves.de\/","name":"Merkur\u2019s White Wolves","description":"Zuchtst\u00e4tte f\u00fcr Wei\u00dfe Schweizer Sch\u00e4ferhunde","potentialAction":[{"@type":"SearchAction","target":{"@type":"EntryPoint","urlTemplate":"https:\/\/merkurs-white-wolves.de\/?s={search_term_string}"},"query-input":{"@type":"PropertyValueSpecification","valueRequired":true,"valueName":"search_term_string"}}],"inLanguage":"de"}]}},"_links":{"self":[{"href":"https:\/\/merkurs-white-wolves.de\/index.php?rest_route=\/wp\/v2\/pages\/391","targetHints":{"allow":["GET"]}}],"collection":[{"href":"https:\/\/merkurs-white-wolves.de\/index.php?rest_route=\/wp\/v2\/pages"}],"about":[{"href":"https:\/\/merkurs-white-wolves.de\/index.php?rest_route=\/wp\/v2\/types\/page"}],"author":[{"embeddable":true,"href":"https:\/\/merkurs-white-wolves.de\/index.php?rest_route=\/wp\/v2\/users\/1"}],"replies":[{"embeddable":true,"href":"https:\/\/merkurs-white-wolves.de\/index.php?rest_route=%2Fwp%2Fv2%2Fcomments&post=391"}],"version-history":[{"count":3,"href":"https:\/\/merkurs-white-wolves.de\/index.php?rest_route=\/wp\/v2\/pages\/391\/revisions"}],"predecessor-version":[{"id":404,"href":"https:\/\/merkurs-white-wolves.de\/index.php?rest_route=\/wp\/v2\/pages\/391\/revisions\/404"}],"wp:attachment":[{"href":"https:\/\/merkurs-white-wolves.de\/index.php?rest_route=%2Fwp%2Fv2%2Fmedia&parent=391"}],"curies":[{"name":"wp","href":"https:\/\/api.w.org\/{rel}","templated":true}]}}