{"id":400,"date":"2022-01-22T19:03:31","date_gmt":"2022-01-22T19:03:31","guid":{"rendered":"https:\/\/merkurs-white-wolves.de\/?page_id=400"},"modified":"2025-05-16T14:14:13","modified_gmt":"2025-05-16T14:14:13","slug":"wurfplanung","status":"publish","type":"page","link":"https:\/\/merkurs-white-wolves.de\/?page_id=400","title":{"rendered":"Meine Wurfplanung"},"content":{"rendered":"\n<p><\/p>\n\n\n\n<p class=\"has-quaternary-color has-midnight-gradient-background has-text-color has-background has-medium-font-size\"><strong>Welpen sind unterwegs! Sie werden um den 18.06.2025 erwartet<\/strong><\/p>\n\n\n\n<figure class=\"wp-block-gallery has-nested-images columns-default is-cropped wp-block-gallery-2 is-layout-flex wp-block-gallery-is-layout-flex\">\n<figure class=\"wp-block-image size-large\"><img loading=\"lazy\" decoding=\"async\" width=\"1024\" height=\"863\" data-id=\"982\" src=\"https:\/\/merkurs-white-wolves.de\/wp-content\/uploads\/2025\/04\/472018731_9346011912095932_9015346496723422024_n-1024x863.jpg\" alt=\"\" class=\"wp-image-982\" srcset=\"https:\/\/merkurs-white-wolves.de\/wp-content\/uploads\/2025\/04\/472018731_9346011912095932_9015346496723422024_n-1024x863.jpg 1024w, https:\/\/merkurs-white-wolves.de\/wp-content\/uploads\/2025\/04\/472018731_9346011912095932_9015346496723422024_n-300x253.jpg 300w, https:\/\/merkurs-white-wolves.de\/wp-content\/uploads\/2025\/04\/472018731_9346011912095932_9015346496723422024_n-768x647.jpg 768w, https:\/\/merkurs-white-wolves.de\/wp-content\/uploads\/2025\/04\/472018731_9346011912095932_9015346496723422024_n-1536x1295.jpg 1536w, https:\/\/merkurs-white-wolves.de\/wp-content\/uploads\/2025\/04\/472018731_9346011912095932_9015346496723422024_n-1600x1348.jpg 1600w, https:\/\/merkurs-white-wolves.de\/wp-content\/uploads\/2025\/04\/472018731_9346011912095932_9015346496723422024_n.jpg 2048w\" sizes=\"auto, (max-width: 1024px) 100vw, 1024px\" \/><\/figure>\n\n\n\n<figure class=\"wp-block-image size-large\"><img loading=\"lazy\" decoding=\"async\" width=\"1024\" height=\"768\" data-id=\"1032\" src=\"https:\/\/merkurs-white-wolves.de\/wp-content\/uploads\/2025\/05\/498119317_23974613255475889_6791444039285019741_n-1024x768.jpg\" alt=\"\" class=\"wp-image-1032\" srcset=\"https:\/\/merkurs-white-wolves.de\/wp-content\/uploads\/2025\/05\/498119317_23974613255475889_6791444039285019741_n-1024x768.jpg 1024w, https:\/\/merkurs-white-wolves.de\/wp-content\/uploads\/2025\/05\/498119317_23974613255475889_6791444039285019741_n-300x225.jpg 300w, https:\/\/merkurs-white-wolves.de\/wp-content\/uploads\/2025\/05\/498119317_23974613255475889_6791444039285019741_n-768x576.jpg 768w, https:\/\/merkurs-white-wolves.de\/wp-content\/uploads\/2025\/05\/498119317_23974613255475889_6791444039285019741_n-1536x1152.jpg 1536w, https:\/\/merkurs-white-wolves.de\/wp-content\/uploads\/2025\/05\/498119317_23974613255475889_6791444039285019741_n-1600x1200.jpg 1600w, https:\/\/merkurs-white-wolves.de\/wp-content\/uploads\/2025\/05\/498119317_23974613255475889_6791444039285019741_n.jpg 2048w\" sizes=\"auto, (max-width: 1024px) 100vw, 1024px\" \/><\/figure>\n<\/figure>\n\n\n\n<hr class=\"wp-block-separator has-alpha-channel-opacity\"\/>\n\n\n\n<h2 class=\"wp-block-heading\" style=\"font-size:25px\"><span class=\"tadv-background-color\" style=\"background-color:#f4b4f1\">H\u00fcndin<\/span><\/h2>\n\n\n\n<p style=\"font-size:17px\">Alp.J.Ch., DJCh., LJCh., Alpenjugendsieger 2023, BaW\u00fc-Jugendsieger 2023<br>BVWS Fr\u00fchlingsjugendsieger 2024, Oberpfalzsieger 2024, Dt. Champion VDH, BVWS Club Champion, CH Ch., Alpensieger 2024, HR Ch., FBBSI Grand Prix Winner 2024<\/p>\n\n\n\n<p style=\"font-size:17px\"><\/p>\n\n\n\n<h2 class=\"wp-block-heading has-quinary-color has-text-color has-background has-link-color wp-elements-15cf6624e13df03142f6db0c09560097\" style=\"background:radial-gradient(rgb(255,206,236) 0%,rgb(152,150,240) 100%);font-size:30px\">Merkur&#8217;s White Wolves Aurora Antarktika<\/h2>\n\n\n\n<figure class=\"wp-block-image size-large is-resized\"><img loading=\"lazy\" decoding=\"async\" width=\"984\" height=\"1024\" src=\"https:\/\/merkurs-white-wolves.de\/wp-content\/uploads\/2025\/05\/462966836_8860573900639738_6614562103365296683_n-1-984x1024.jpg\" alt=\"\" class=\"wp-image-1030\" style=\"width:541px;height:auto\" srcset=\"https:\/\/merkurs-white-wolves.de\/wp-content\/uploads\/2025\/05\/462966836_8860573900639738_6614562103365296683_n-1-984x1024.jpg 984w, https:\/\/merkurs-white-wolves.de\/wp-content\/uploads\/2025\/05\/462966836_8860573900639738_6614562103365296683_n-1-288x300.jpg 288w, https:\/\/merkurs-white-wolves.de\/wp-content\/uploads\/2025\/05\/462966836_8860573900639738_6614562103365296683_n-1-768x799.jpg 768w, https:\/\/merkurs-white-wolves.de\/wp-content\/uploads\/2025\/05\/462966836_8860573900639738_6614562103365296683_n-1-1476x1536.jpg 1476w, https:\/\/merkurs-white-wolves.de\/wp-content\/uploads\/2025\/05\/462966836_8860573900639738_6614562103365296683_n-1-1600x1665.jpg 1600w, https:\/\/merkurs-white-wolves.de\/wp-content\/uploads\/2025\/05\/462966836_8860573900639738_6614562103365296683_n-1.jpg 1968w\" sizes=\"auto, (max-width: 984px) 100vw, 984px\" \/><\/figure>\n\n\n\n<p><strong>R\u00f6ntgen<\/strong>:<br><em><strong>HD<\/strong>: B1, <strong>ED:<\/strong> 0\/0, <strong>L\u00dcW:<\/strong> 0<\/em><\/p>\n\n\n\n<p><strong>Gentest<\/strong>:<br><em><strong>MDR1<\/strong> +\/+<\/em> frei, <em><strong>DM<\/strong> (frei)<\/em>, <em><strong>HZ<\/strong> (frei)<\/em>, <em><strong>MH<\/strong> (frei)<\/em>, <em><strong>CH<\/strong> (frei)<\/em><\/p>\n\n\n\n<div class=\"wp-block-group is-vertical is-layout-flex wp-container-core-group-is-layout-8cf370e7 wp-block-group-is-layout-flex\">\n<p><strong>Pr\u00fcfungen<\/strong>:<br><em>in Vorbereitung zur BH\/VT<\/em><\/p>\n<\/div>\n\n\n\n<p><strong>Ma\u00dfe:<\/strong><br><em>Gr\u00f6\u00dfe: 58 cm<\/em><br><br><strong>Zuchtzulassung:<\/strong><br><strong>Wesen<\/strong>: <em>Vorz\u00fcglich<\/em> <em>(100 Punkte)<\/em><br><strong>Formwert<\/strong>: <em>Vorz\u00fcglich<\/em><br><\/p>\n\n\n\n<hr class=\"wp-block-separator has-alpha-channel-opacity\"\/>\n\n\n\n<h2 class=\"wp-block-heading\" style=\"font-size:25px\"><span class=\"tadv-background-color\" style=\"background-color:#84d3ec\">R\u00fcde<\/span><\/h2>\n\n\n\n<p style=\"font-size:17px\">FCI Int. Champion, SLO Ch., L Ch., ISTRA Winner 2022, Pfalz Sieger 2023, <br>FBBSI Grand Prix Winner 2023, FBBSI Grand Prix Vize Winner 2024, CH Ch., HR Ch.<\/p>\n\n\n\n<p class=\"has-quinary-color has-text-color has-background\" style=\"background:radial-gradient(rgba(6,147,227,1) 0%,rgb(155,81,224) 100%);font-size:30px\"><strong>Benito-Ben vom S\u00e4chsischen Elbland<\/strong><\/p>\n\n\n\n<figure class=\"wp-block-image size-large is-resized\"><img loading=\"lazy\" decoding=\"async\" width=\"1024\" height=\"683\" src=\"https:\/\/merkurs-white-wolves.de\/wp-content\/uploads\/2021\/07\/BB8AE23E-1C5D-4CE6-A4EE-845CEFD4B895-1024x683.jpeg\" alt=\"\" class=\"wp-image-274\" style=\"width:508px;height:339px\" srcset=\"https:\/\/merkurs-white-wolves.de\/wp-content\/uploads\/2021\/07\/BB8AE23E-1C5D-4CE6-A4EE-845CEFD4B895-1024x683.jpeg 1024w, https:\/\/merkurs-white-wolves.de\/wp-content\/uploads\/2021\/07\/BB8AE23E-1C5D-4CE6-A4EE-845CEFD4B895-300x200.jpeg 300w, https:\/\/merkurs-white-wolves.de\/wp-content\/uploads\/2021\/07\/BB8AE23E-1C5D-4CE6-A4EE-845CEFD4B895-768x512.jpeg 768w, https:\/\/merkurs-white-wolves.de\/wp-content\/uploads\/2021\/07\/BB8AE23E-1C5D-4CE6-A4EE-845CEFD4B895-1536x1024.jpeg 1536w, https:\/\/merkurs-white-wolves.de\/wp-content\/uploads\/2021\/07\/BB8AE23E-1C5D-4CE6-A4EE-845CEFD4B895-2048x1366.jpeg 2048w, https:\/\/merkurs-white-wolves.de\/wp-content\/uploads\/2021\/07\/BB8AE23E-1C5D-4CE6-A4EE-845CEFD4B895-1600x1067.jpeg 1600w\" sizes=\"auto, (max-width: 1024px) 100vw, 1024px\" \/><\/figure>\n\n\n\n<p><strong>R\u00f6ntgen:<\/strong><br><em><strong>HD:<\/strong> A1, <strong>ED:<\/strong> 0\/0, <strong>L\u00dcW:<\/strong> 0<\/em><\/p>\n\n\n\n<p><strong>Gentest:<\/strong><br><em><strong>MDR1<\/strong> +\/+<\/em> frei, <em><strong>DM<\/strong> (Tr\u00e4ger)<\/em>, <em><strong>HZ<\/strong> (frei)<\/em>, <em><strong>MH<\/strong> (frei)<\/em>, <em><strong>CH<\/strong> (frei)<\/em><\/p>\n\n\n\n<div class=\"wp-block-group is-vertical is-layout-flex wp-container-core-group-is-layout-8cf370e7 wp-block-group-is-layout-flex\">\n<p><strong>Pr\u00fcfungen:<\/strong><\/p>\n\n\n\n<p><em>BH, IBGH1<\/em><\/p>\n\n\n\n<p><strong>Ma\u00dfe:&nbsp;&nbsp;<\/strong><br><em>Gr\u00f6\u00dfe: 65 cm<\/em><\/p>\n\n\n\n<p><strong>Zuchtzulassung:<\/strong><br><strong>Wesen<\/strong>: <em>Vorz\u00fcglich<\/em> <em>(98 Punkte)<\/em><br><strong>Formwert<\/strong>: <em>Vorz\u00fcglich<\/em><\/p>\n<\/div>\n\n\n\n<hr class=\"wp-block-separator has-alpha-channel-opacity\"\/>\n","protected":false},"excerpt":{"rendered":"<p>Welpen sind unterwegs! Sie werden um den 18.06.2025 erwartet H\u00fcndin Alp.J.Ch., DJCh., LJCh., Alpenjugendsieger 2023, BaW\u00fc-Jugendsieger 2023BVWS Fr\u00fchlingsjugendsieger 2024, Oberpfalzsieger&hellip;<\/p>\n","protected":false},"author":1,"featured_media":0,"parent":0,"menu_order":0,"comment_status":"closed","ping_status":"closed","template":"","meta":{"ngg_post_thumbnail":0,"footnotes":""},"class_list":["post-400","page","type-page","status-publish","hentry"],"yoast_head":"<!-- This site is optimized with the Yoast SEO plugin v27.4 - https:\/\/yoast.com\/product\/yoast-seo-wordpress\/ -->\n<title>Meine Wurfplanung - Merkur\u2019s White Wolves<\/title>\n<meta name=\"robots\" content=\"index, follow, max-snippet:-1, max-image-preview:large, max-video-preview:-1\" \/>\n<link rel=\"canonical\" href=\"https:\/\/merkurs-white-wolves.de\/?page_id=400\" \/>\n<meta property=\"og:locale\" content=\"de_DE\" \/>\n<meta property=\"og:type\" content=\"article\" \/>\n<meta property=\"og:title\" content=\"Meine Wurfplanung - Merkur\u2019s White Wolves\" \/>\n<meta property=\"og:description\" content=\"Welpen sind unterwegs! Sie werden um den 18.06.2025 erwartet H\u00fcndin Alp.J.Ch., DJCh., LJCh., Alpenjugendsieger 2023, BaW\u00fc-Jugendsieger 2023BVWS Fr\u00fchlingsjugendsieger 2024, Oberpfalzsieger&hellip;\" \/>\n<meta property=\"og:url\" content=\"https:\/\/merkurs-white-wolves.de\/?page_id=400\" \/>\n<meta property=\"og:site_name\" content=\"Merkur\u2019s White Wolves\" \/>\n<meta property=\"article:modified_time\" content=\"2025-05-16T14:14:13+00:00\" \/>\n<meta property=\"og:image\" content=\"https:\/\/merkurs-white-wolves.de\/wp-content\/uploads\/2025\/04\/472018731_9346011912095932_9015346496723422024_n.jpg\" \/>\n\t<meta property=\"og:image:width\" content=\"2048\" \/>\n\t<meta property=\"og:image:height\" content=\"1726\" \/>\n\t<meta property=\"og:image:type\" content=\"image\/jpeg\" \/>\n<meta name=\"twitter:card\" content=\"summary_large_image\" \/>\n<meta name=\"twitter:label1\" content=\"Gesch\u00e4tzte Lesezeit\" \/>\n\t<meta name=\"twitter:data1\" content=\"2\u00a0Minuten\" \/>\n<script type=\"application\/ld+json\" class=\"yoast-schema-graph\">{\"@context\":\"https:\\\/\\\/schema.org\",\"@graph\":[{\"@type\":\"WebPage\",\"@id\":\"https:\\\/\\\/merkurs-white-wolves.de\\\/?page_id=400\",\"url\":\"https:\\\/\\\/merkurs-white-wolves.de\\\/?page_id=400\",\"name\":\"Meine Wurfplanung - Merkur\u2019s White Wolves\",\"isPartOf\":{\"@id\":\"https:\\\/\\\/merkurs-white-wolves.de\\\/#website\"},\"primaryImageOfPage\":{\"@id\":\"https:\\\/\\\/merkurs-white-wolves.de\\\/?page_id=400#primaryimage\"},\"image\":{\"@id\":\"https:\\\/\\\/merkurs-white-wolves.de\\\/?page_id=400#primaryimage\"},\"thumbnailUrl\":\"https:\\\/\\\/merkurs-white-wolves.de\\\/wp-content\\\/uploads\\\/2025\\\/04\\\/472018731_9346011912095932_9015346496723422024_n-1024x863.jpg\",\"datePublished\":\"2022-01-22T19:03:31+00:00\",\"dateModified\":\"2025-05-16T14:14:13+00:00\",\"breadcrumb\":{\"@id\":\"https:\\\/\\\/merkurs-white-wolves.de\\\/?page_id=400#breadcrumb\"},\"inLanguage\":\"de\",\"potentialAction\":[{\"@type\":\"ReadAction\",\"target\":[\"https:\\\/\\\/merkurs-white-wolves.de\\\/?page_id=400\"]}]},{\"@type\":\"ImageObject\",\"inLanguage\":\"de\",\"@id\":\"https:\\\/\\\/merkurs-white-wolves.de\\\/?page_id=400#primaryimage\",\"url\":\"https:\\\/\\\/merkurs-white-wolves.de\\\/wp-content\\\/uploads\\\/2025\\\/04\\\/472018731_9346011912095932_9015346496723422024_n.jpg\",\"contentUrl\":\"https:\\\/\\\/merkurs-white-wolves.de\\\/wp-content\\\/uploads\\\/2025\\\/04\\\/472018731_9346011912095932_9015346496723422024_n.jpg\",\"width\":2048,\"height\":1726},{\"@type\":\"BreadcrumbList\",\"@id\":\"https:\\\/\\\/merkurs-white-wolves.de\\\/?page_id=400#breadcrumb\",\"itemListElement\":[{\"@type\":\"ListItem\",\"position\":1,\"name\":\"Startseite\",\"item\":\"https:\\\/\\\/merkurs-white-wolves.de\\\/\"},{\"@type\":\"ListItem\",\"position\":2,\"name\":\"Meine Wurfplanung\"}]},{\"@type\":\"WebSite\",\"@id\":\"https:\\\/\\\/merkurs-white-wolves.de\\\/#website\",\"url\":\"https:\\\/\\\/merkurs-white-wolves.de\\\/\",\"name\":\"Merkur\u2019s White Wolves\",\"description\":\"Zuchtst\u00e4tte f\u00fcr Wei\u00dfe Schweizer Sch\u00e4ferhunde\",\"potentialAction\":[{\"@type\":\"SearchAction\",\"target\":{\"@type\":\"EntryPoint\",\"urlTemplate\":\"https:\\\/\\\/merkurs-white-wolves.de\\\/?s={search_term_string}\"},\"query-input\":{\"@type\":\"PropertyValueSpecification\",\"valueRequired\":true,\"valueName\":\"search_term_string\"}}],\"inLanguage\":\"de\"}]}<\/script>\n<!-- \/ Yoast SEO plugin. -->","yoast_head_json":{"title":"Meine Wurfplanung - Merkur\u2019s White Wolves","robots":{"index":"index","follow":"follow","max-snippet":"max-snippet:-1","max-image-preview":"max-image-preview:large","max-video-preview":"max-video-preview:-1"},"canonical":"https:\/\/merkurs-white-wolves.de\/?page_id=400","og_locale":"de_DE","og_type":"article","og_title":"Meine Wurfplanung - Merkur\u2019s White Wolves","og_description":"Welpen sind unterwegs! Sie werden um den 18.06.2025 erwartet H\u00fcndin Alp.J.Ch., DJCh., LJCh., Alpenjugendsieger 2023, BaW\u00fc-Jugendsieger 2023BVWS Fr\u00fchlingsjugendsieger 2024, Oberpfalzsieger&hellip;","og_url":"https:\/\/merkurs-white-wolves.de\/?page_id=400","og_site_name":"Merkur\u2019s White Wolves","article_modified_time":"2025-05-16T14:14:13+00:00","og_image":[{"width":2048,"height":1726,"url":"https:\/\/merkurs-white-wolves.de\/wp-content\/uploads\/2025\/04\/472018731_9346011912095932_9015346496723422024_n.jpg","type":"image\/jpeg"}],"twitter_card":"summary_large_image","twitter_misc":{"Gesch\u00e4tzte Lesezeit":"2\u00a0Minuten"},"schema":{"@context":"https:\/\/schema.org","@graph":[{"@type":"WebPage","@id":"https:\/\/merkurs-white-wolves.de\/?page_id=400","url":"https:\/\/merkurs-white-wolves.de\/?page_id=400","name":"Meine Wurfplanung - Merkur\u2019s White Wolves","isPartOf":{"@id":"https:\/\/merkurs-white-wolves.de\/#website"},"primaryImageOfPage":{"@id":"https:\/\/merkurs-white-wolves.de\/?page_id=400#primaryimage"},"image":{"@id":"https:\/\/merkurs-white-wolves.de\/?page_id=400#primaryimage"},"thumbnailUrl":"https:\/\/merkurs-white-wolves.de\/wp-content\/uploads\/2025\/04\/472018731_9346011912095932_9015346496723422024_n-1024x863.jpg","datePublished":"2022-01-22T19:03:31+00:00","dateModified":"2025-05-16T14:14:13+00:00","breadcrumb":{"@id":"https:\/\/merkurs-white-wolves.de\/?page_id=400#breadcrumb"},"inLanguage":"de","potentialAction":[{"@type":"ReadAction","target":["https:\/\/merkurs-white-wolves.de\/?page_id=400"]}]},{"@type":"ImageObject","inLanguage":"de","@id":"https:\/\/merkurs-white-wolves.de\/?page_id=400#primaryimage","url":"https:\/\/merkurs-white-wolves.de\/wp-content\/uploads\/2025\/04\/472018731_9346011912095932_9015346496723422024_n.jpg","contentUrl":"https:\/\/merkurs-white-wolves.de\/wp-content\/uploads\/2025\/04\/472018731_9346011912095932_9015346496723422024_n.jpg","width":2048,"height":1726},{"@type":"BreadcrumbList","@id":"https:\/\/merkurs-white-wolves.de\/?page_id=400#breadcrumb","itemListElement":[{"@type":"ListItem","position":1,"name":"Startseite","item":"https:\/\/merkurs-white-wolves.de\/"},{"@type":"ListItem","position":2,"name":"Meine Wurfplanung"}]},{"@type":"WebSite","@id":"https:\/\/merkurs-white-wolves.de\/#website","url":"https:\/\/merkurs-white-wolves.de\/","name":"Merkur\u2019s White Wolves","description":"Zuchtst\u00e4tte f\u00fcr Wei\u00dfe Schweizer Sch\u00e4ferhunde","potentialAction":[{"@type":"SearchAction","target":{"@type":"EntryPoint","urlTemplate":"https:\/\/merkurs-white-wolves.de\/?s={search_term_string}"},"query-input":{"@type":"PropertyValueSpecification","valueRequired":true,"valueName":"search_term_string"}}],"inLanguage":"de"}]}},"_links":{"self":[{"href":"https:\/\/merkurs-white-wolves.de\/index.php?rest_route=\/wp\/v2\/pages\/400","targetHints":{"allow":["GET"]}}],"collection":[{"href":"https:\/\/merkurs-white-wolves.de\/index.php?rest_route=\/wp\/v2\/pages"}],"about":[{"href":"https:\/\/merkurs-white-wolves.de\/index.php?rest_route=\/wp\/v2\/types\/page"}],"author":[{"embeddable":true,"href":"https:\/\/merkurs-white-wolves.de\/index.php?rest_route=\/wp\/v2\/users\/1"}],"replies":[{"embeddable":true,"href":"https:\/\/merkurs-white-wolves.de\/index.php?rest_route=%2Fwp%2Fv2%2Fcomments&post=400"}],"version-history":[{"count":29,"href":"https:\/\/merkurs-white-wolves.de\/index.php?rest_route=\/wp\/v2\/pages\/400\/revisions"}],"predecessor-version":[{"id":1034,"href":"https:\/\/merkurs-white-wolves.de\/index.php?rest_route=\/wp\/v2\/pages\/400\/revisions\/1034"}],"wp:attachment":[{"href":"https:\/\/merkurs-white-wolves.de\/index.php?rest_route=%2Fwp%2Fv2%2Fmedia&parent=400"}],"curies":[{"name":"wp","href":"https:\/\/api.w.org\/{rel}","templated":true}]}}