{"id":484,"date":"2022-09-28T14:13:41","date_gmt":"2022-09-28T14:13:41","guid":{"rendered":"https:\/\/merkurs-white-wolves.de\/?page_id=484"},"modified":"2022-09-28T14:13:41","modified_gmt":"2022-09-28T14:13:41","slug":"geschichtliches","status":"publish","type":"page","link":"https:\/\/merkurs-white-wolves.de\/?page_id=484","title":{"rendered":"Geschichtliches"},"content":{"rendered":"\n<p><\/p>\n\n\n\n<p>Die Geschichte des wei\u00dfen Schweizer Sch\u00e4ferhundes:<\/p>\n\n\n\n<p>Der Gro\u00dfvater von &#8222;Horand von Grafrath&#8220;, urspr\u00fcnglich &#8222;Hektor Linksrhein&#8220;, (Zuchtbuchnummer. 1 beim SV) war &#8222;Greif&#8220;, ein wei\u00dfer Sch\u00e4ferhund.<\/p>\n\n\n\n<p><br>&#8222;Greif&#8220; wurde 1879 geboren und mit einem anderen wei\u00dfen Sch\u00e4ferhund 1882 in Hannover ausgestellt. &#8222;Greif&#8220; wurde 1887 erneut in Hannover gezeigt. &#8222;Greifa&#8220;, auch eine Wei\u00dfe, wurde 1888 in Hamburg vorgestellt und &#8222;Greif II&#8220; , auch wei\u00df, ein Jahr sp\u00e4ter in Kassel. Alle drei Hunde (Greif, Greifa und Greif II) geh\u00f6rten Baron von Knigge. &#8222;Greif&#8220; ging jedoch in den Besitz von Friedrich Sparwasser \u00fcber und wurde mit der H\u00fcndin &#8222;Lotte&#8220; verpaart. Die aus dieser Verpaarung stammende Tochter &#8222;Lene&#8220; und der R\u00fcde &#8222;Kastor&#8220; wurden die Eltern von &#8222;Hektor Linksrhein&#8220;. Rittmeister von Stephanitz gefiel der 1895 geboren R\u00fcde auf einer Ausstellung in Kassel (1899) so gut, das er ihn erwarb und in &#8222;Horand von Grafrath&#8220; umtaufte.<br><br>&nbsp;<\/p>\n\n\n\n<p>Horand von Grafrath<\/p>\n\n\n\n<p>1899 gr\u00fcndete Max von Stephanitz auch den Verein f\u00fcr Deutsche Sch\u00e4ferhunde (SV). Horand wurde als erster Hund mit der ZB-Nr.: 1 eingetragen. Sowohl &#8222;Horand von Grafrath&#8220; als auch sein Bruder &#8222;Luchs Sparwasser&#8220; gr\u00fcndeten letztendlich die Rasse Deutscher Sch\u00e4ferhund und gaben ihr wei\u00dfes Erbgut an ihre Nachkommen weiter. &#8222;Horand&#8220; ist somit der Stammvater des Deutschen Sch\u00e4ferhundes; aber auch der Stammvater des Wei\u00dfen Sch\u00e4ferhundes.<br><br>1933 stimmte Max von Stephanitz der Entscheidung zu wei\u00dfe Sch\u00e4ferhunde nicht mehr zur Zucht zuzulassen. Grund f\u00fcr diese Entscheidung waren genetische Probleme wie Taubheit, Epilepsie, Blindheit, Unfruchtbarkeit, HD usw. f\u00fcr die man F\u00e4lschlicherweise den Wei\u00dfen verantwortlich machte. Fakt ist, das keine dieser Behauptungen wissenschaftlich bewiesen wurden. Dennoch verschwand der Wei\u00dfe aus Deutschland und mit Ausnahme von Gro\u00dfbritannien gab es in den sechziger Jahren kein Exemplar mehr in Europa.<br><br>In Amerika und Kanada hielt man sich nicht an das Deutsche Zuchtverbot. Neben schwarz-gelben Sch\u00e4ferhunden wurden auch Wei\u00dfe ins Zuchtbuch eingetragen. Ann Tracy begr\u00fcndete mit den wei\u00dfen Welpen ihres ersten Wurfes eine eigene Linie und H. N. Hanchett war im Jahre 1920 der erste der wei\u00dfe Sch\u00e4ferhunde aus deutscher Zucht in die USA importierte um gezielt mit ihnen zu z\u00fcchten. Andere Z\u00fcchter taten es ihm gleich. Dank dieser gezielten Weiterzucht in Amerika und Kanada entwickelte sich der Wei\u00dfe Sch\u00e4ferhund allm\u00e4hlich zu einer eigenst\u00e4ndigen Rasse.<br><br>1968 verbannte man auch in Amerika den Wei\u00dfen aus dem Ausstellungsring und strich ihn aus dem Standard. 1969 wurde dann der erste Verein f\u00fcr wei\u00dfe Sch\u00e4ferhunde gegr\u00fcndet, der White German Shepherd Dog Club. Dadurch entging der Wei\u00dfe dem Schicksal das ihm in Europa widerfahren war. 1972 wurde in Kanada der White German Shepherd Dog Club of Kanada gegr\u00fcndet und 1973 als White Shepherd Club of Kanada neu gegr\u00fcndet. Seid 1998 gilt in Kanada das gleiche Verbot wie in Amerika und der Wei\u00dfe darf nicht mehr in Ausstellungsring gezeigt werden. Allerdings werden die Welpen noch beim AKC (American Kennel Club) registriert sofern sie in den USA geboren wurden und die Eltern registriert sind. In Kanada erhalten die Welpen bis Heute Ahnentafeln mit der Rassebezeichnung German Shepherd Dog vom CKC (Canadien Kennel Club).<br><br>&#8222;Lobo White Burch&#8220; war der erste Wei\u00dfe Sch\u00e4ferhund der europ\u00e4ischen Boden betrat, genauer gesagt, Schweizer Boden. Seine Besitzerin Agatha Burch begann 1973 mit ihm und der englischen Importh\u00fcndin &#8222;White Lilac of Blinkbonny&#8220; ihre Zucht. Als Frau Burch wieder in die USA zur\u00fcckkehrte hatten sich schon etwa 20 weitere Z\u00fcchter zusammengefunden und die Zucht der wei\u00dfen Sch\u00e4ferhunde weitergef\u00fchrt. 1989 wurde die Gesellschaft Wei\u00dfe Sch\u00e4ferhunde Schweiz (GWS) gegr\u00fcndet und 1991 von der Schweizerischen kynologischen Gesellschaft (SKG) als eigenst\u00e4ndige Rasse auf nationaler Ebene anerkannt.<br><br>Durch Martin Faustmann kam der Wei\u00dfe wieder zur\u00fcck nach Deutschland. Herr Faustmann erwarb 1980 einen R\u00fcden aus dem Schweizer Zwinger &#8222;von Kron&#8220; und im Jahr darauf eine H\u00fcndin. Am 12.06.1981 fiel im Zwinger &#8222;von Ronanke&#8220; der erste Wurf wei\u00dfer Sch\u00e4ferhunde in Deutschland. Durch den Import von Hunden aus USA und Kanada war bald ein gesunder Grundstock f\u00fcr die Zucht geschaffen.<br><br>Auf nationaler Ebene wurde der wei\u00dfe Sch\u00e4ferhund schon seit 1991 in der Schweiz, seit 1995 in Holland, seit 1996 in D\u00e4nemark, seit 1999 in \u00d6sterreich und seit 2000 in Tschechien, der Slowakei, Finnland, Schweden und S\u00fcdafrika anerkannt. Seid dem 1. Januar 2003 wird die Rasse von der FCI international anerkannt und die Schweiz ist offiziell standardf\u00fchrendes Land. Der Wei\u00dfe erhielt die Bezeichnung &#8222;Berger Blanc Suisse&#8220; (&#8222;Wei\u00dfer Schweizer Sch\u00e4ferhund&#8220;).&nbsp;<\/p>\n","protected":false},"excerpt":{"rendered":"<p>Die Geschichte des wei\u00dfen Schweizer Sch\u00e4ferhundes: Der Gro\u00dfvater von &#8222;Horand von Grafrath&#8220;, urspr\u00fcnglich &#8222;Hektor Linksrhein&#8220;, (Zuchtbuchnummer. 1 beim SV) war&hellip;<\/p>\n","protected":false},"author":1,"featured_media":0,"parent":0,"menu_order":0,"comment_status":"closed","ping_status":"closed","template":"","meta":{"ngg_post_thumbnail":0,"footnotes":""},"class_list":["post-484","page","type-page","status-publish","hentry"],"yoast_head":"<!-- This site is optimized with the Yoast SEO plugin v27.4 - https:\/\/yoast.com\/product\/yoast-seo-wordpress\/ -->\n<title>Geschichtliches - Merkur\u2019s White Wolves<\/title>\n<meta name=\"robots\" content=\"index, follow, max-snippet:-1, max-image-preview:large, max-video-preview:-1\" \/>\n<link rel=\"canonical\" href=\"https:\/\/merkurs-white-wolves.de\/?page_id=484\" \/>\n<meta property=\"og:locale\" content=\"de_DE\" \/>\n<meta property=\"og:type\" content=\"article\" \/>\n<meta property=\"og:title\" content=\"Geschichtliches - Merkur\u2019s White Wolves\" \/>\n<meta property=\"og:description\" content=\"Die Geschichte des wei\u00dfen Schweizer Sch\u00e4ferhundes: Der Gro\u00dfvater von &#8222;Horand von Grafrath&#8220;, urspr\u00fcnglich &#8222;Hektor Linksrhein&#8220;, (Zuchtbuchnummer. 1 beim SV) war&hellip;\" \/>\n<meta property=\"og:url\" content=\"https:\/\/merkurs-white-wolves.de\/?page_id=484\" \/>\n<meta property=\"og:site_name\" content=\"Merkur\u2019s White Wolves\" \/>\n<meta name=\"twitter:card\" content=\"summary_large_image\" \/>\n<meta name=\"twitter:label1\" content=\"Gesch\u00e4tzte Lesezeit\" \/>\n\t<meta name=\"twitter:data1\" content=\"4\u00a0Minuten\" \/>\n<script type=\"application\/ld+json\" class=\"yoast-schema-graph\">{\"@context\":\"https:\\\/\\\/schema.org\",\"@graph\":[{\"@type\":\"WebPage\",\"@id\":\"https:\\\/\\\/merkurs-white-wolves.de\\\/?page_id=484\",\"url\":\"https:\\\/\\\/merkurs-white-wolves.de\\\/?page_id=484\",\"name\":\"Geschichtliches - Merkur\u2019s White Wolves\",\"isPartOf\":{\"@id\":\"https:\\\/\\\/merkurs-white-wolves.de\\\/#website\"},\"datePublished\":\"2022-09-28T14:13:41+00:00\",\"breadcrumb\":{\"@id\":\"https:\\\/\\\/merkurs-white-wolves.de\\\/?page_id=484#breadcrumb\"},\"inLanguage\":\"de\",\"potentialAction\":[{\"@type\":\"ReadAction\",\"target\":[\"https:\\\/\\\/merkurs-white-wolves.de\\\/?page_id=484\"]}]},{\"@type\":\"BreadcrumbList\",\"@id\":\"https:\\\/\\\/merkurs-white-wolves.de\\\/?page_id=484#breadcrumb\",\"itemListElement\":[{\"@type\":\"ListItem\",\"position\":1,\"name\":\"Startseite\",\"item\":\"https:\\\/\\\/merkurs-white-wolves.de\\\/\"},{\"@type\":\"ListItem\",\"position\":2,\"name\":\"Geschichtliches\"}]},{\"@type\":\"WebSite\",\"@id\":\"https:\\\/\\\/merkurs-white-wolves.de\\\/#website\",\"url\":\"https:\\\/\\\/merkurs-white-wolves.de\\\/\",\"name\":\"Merkur\u2019s White Wolves\",\"description\":\"Zuchtst\u00e4tte f\u00fcr Wei\u00dfe Schweizer Sch\u00e4ferhunde\",\"potentialAction\":[{\"@type\":\"SearchAction\",\"target\":{\"@type\":\"EntryPoint\",\"urlTemplate\":\"https:\\\/\\\/merkurs-white-wolves.de\\\/?s={search_term_string}\"},\"query-input\":{\"@type\":\"PropertyValueSpecification\",\"valueRequired\":true,\"valueName\":\"search_term_string\"}}],\"inLanguage\":\"de\"}]}<\/script>\n<!-- \/ Yoast SEO plugin. -->","yoast_head_json":{"title":"Geschichtliches - Merkur\u2019s White Wolves","robots":{"index":"index","follow":"follow","max-snippet":"max-snippet:-1","max-image-preview":"max-image-preview:large","max-video-preview":"max-video-preview:-1"},"canonical":"https:\/\/merkurs-white-wolves.de\/?page_id=484","og_locale":"de_DE","og_type":"article","og_title":"Geschichtliches - Merkur\u2019s White Wolves","og_description":"Die Geschichte des wei\u00dfen Schweizer Sch\u00e4ferhundes: Der Gro\u00dfvater von &#8222;Horand von Grafrath&#8220;, urspr\u00fcnglich &#8222;Hektor Linksrhein&#8220;, (Zuchtbuchnummer. 1 beim SV) war&hellip;","og_url":"https:\/\/merkurs-white-wolves.de\/?page_id=484","og_site_name":"Merkur\u2019s White Wolves","twitter_card":"summary_large_image","twitter_misc":{"Gesch\u00e4tzte Lesezeit":"4\u00a0Minuten"},"schema":{"@context":"https:\/\/schema.org","@graph":[{"@type":"WebPage","@id":"https:\/\/merkurs-white-wolves.de\/?page_id=484","url":"https:\/\/merkurs-white-wolves.de\/?page_id=484","name":"Geschichtliches - Merkur\u2019s White Wolves","isPartOf":{"@id":"https:\/\/merkurs-white-wolves.de\/#website"},"datePublished":"2022-09-28T14:13:41+00:00","breadcrumb":{"@id":"https:\/\/merkurs-white-wolves.de\/?page_id=484#breadcrumb"},"inLanguage":"de","potentialAction":[{"@type":"ReadAction","target":["https:\/\/merkurs-white-wolves.de\/?page_id=484"]}]},{"@type":"BreadcrumbList","@id":"https:\/\/merkurs-white-wolves.de\/?page_id=484#breadcrumb","itemListElement":[{"@type":"ListItem","position":1,"name":"Startseite","item":"https:\/\/merkurs-white-wolves.de\/"},{"@type":"ListItem","position":2,"name":"Geschichtliches"}]},{"@type":"WebSite","@id":"https:\/\/merkurs-white-wolves.de\/#website","url":"https:\/\/merkurs-white-wolves.de\/","name":"Merkur\u2019s White Wolves","description":"Zuchtst\u00e4tte f\u00fcr Wei\u00dfe Schweizer Sch\u00e4ferhunde","potentialAction":[{"@type":"SearchAction","target":{"@type":"EntryPoint","urlTemplate":"https:\/\/merkurs-white-wolves.de\/?s={search_term_string}"},"query-input":{"@type":"PropertyValueSpecification","valueRequired":true,"valueName":"search_term_string"}}],"inLanguage":"de"}]}},"_links":{"self":[{"href":"https:\/\/merkurs-white-wolves.de\/index.php?rest_route=\/wp\/v2\/pages\/484","targetHints":{"allow":["GET"]}}],"collection":[{"href":"https:\/\/merkurs-white-wolves.de\/index.php?rest_route=\/wp\/v2\/pages"}],"about":[{"href":"https:\/\/merkurs-white-wolves.de\/index.php?rest_route=\/wp\/v2\/types\/page"}],"author":[{"embeddable":true,"href":"https:\/\/merkurs-white-wolves.de\/index.php?rest_route=\/wp\/v2\/users\/1"}],"replies":[{"embeddable":true,"href":"https:\/\/merkurs-white-wolves.de\/index.php?rest_route=%2Fwp%2Fv2%2Fcomments&post=484"}],"version-history":[{"count":1,"href":"https:\/\/merkurs-white-wolves.de\/index.php?rest_route=\/wp\/v2\/pages\/484\/revisions"}],"predecessor-version":[{"id":486,"href":"https:\/\/merkurs-white-wolves.de\/index.php?rest_route=\/wp\/v2\/pages\/484\/revisions\/486"}],"wp:attachment":[{"href":"https:\/\/merkurs-white-wolves.de\/index.php?rest_route=%2Fwp%2Fv2%2Fmedia&parent=484"}],"curies":[{"name":"wp","href":"https:\/\/api.w.org\/{rel}","templated":true}]}}