{"id":489,"date":"2022-09-28T14:19:17","date_gmt":"2022-09-28T14:19:17","guid":{"rendered":"https:\/\/merkurs-white-wolves.de\/?page_id=489"},"modified":"2024-01-12T12:01:30","modified_gmt":"2024-01-12T12:01:30","slug":"missy-mara-white-revelation","status":"publish","type":"page","link":"https:\/\/merkurs-white-wolves.de\/?page_id=489","title":{"rendered":"Missy Mara White Revelation"},"content":{"rendered":"\n<p><em>(Langstockhaar)<\/em><\/p>\n\n\n\n<p>H\u00fcndin in Zuchtmiete<\/p>\n\n\n\n<p class=\"has-background\" style=\"background:radial-gradient(rgb(255,203,112) 62%,rgb(199,81,192) 64%,rgb(65,88,208) 100%)\"><strong>Champion de Luxembourg de Beaute<\/strong><\/p>\n\n\n\n<p><em>Wurftag: 25.05.2017<\/em><\/p>\n\n\n\n<p><em>Gr\u00f6\u00dfe: 59 cm<\/em><\/p>\n\n\n\n<p><strong><span class=\"underline\" style=\"text-decoration: underline\">Abstammung<\/span>:<\/strong><br><em>Vater: <\/em>KOTORI vom Terl\u00fcner Schloss<br><em>Mutter: <\/em>ASKA od Bosanskih Bisera<\/p>\n\n\n\n<p><strong>Gebiss:<\/strong> <em>Schere, vollzahnig<\/em><\/p>\n\n\n\n<p><strong>R\u00f6ntgen Auswertung:<\/strong> <em>HD:A<\/em>1, <em>ED:0\/0<\/em>, <em>L\u00dcW:0<\/em><\/p>\n\n\n\n<p><strong>Gentest:<\/strong> <em>MDR1:+\/+<\/em>, <em>DM <\/em>frei, <em>HZ <\/em>frei<\/p>\n\n\n\n<p><strong>Zuchtzulassung:<\/strong> <em>Formwert: vorz\u00fcglich         Wesen: vorz\u00fcglich<\/em><\/p>\n\n\n\n<figure class=\"wp-block-gallery has-nested-images columns-default is-cropped wp-block-gallery-2 is-layout-flex wp-block-gallery-is-layout-flex\">\n<figure class=\"wp-block-image size-large\"><img loading=\"lazy\" decoding=\"async\" width=\"684\" height=\"1024\" data-id=\"514\" src=\"https:\/\/merkurs-white-wolves.de\/wp-content\/uploads\/2022\/09\/EB79EB73-8E4F-494D-AF5D-FA013A9D0859-684x1024.jpeg\" alt=\"\" class=\"wp-image-514\" srcset=\"https:\/\/merkurs-white-wolves.de\/wp-content\/uploads\/2022\/09\/EB79EB73-8E4F-494D-AF5D-FA013A9D0859-684x1024.jpeg 684w, https:\/\/merkurs-white-wolves.de\/wp-content\/uploads\/2022\/09\/EB79EB73-8E4F-494D-AF5D-FA013A9D0859-200x300.jpeg 200w, https:\/\/merkurs-white-wolves.de\/wp-content\/uploads\/2022\/09\/EB79EB73-8E4F-494D-AF5D-FA013A9D0859-768x1151.jpeg 768w, https:\/\/merkurs-white-wolves.de\/wp-content\/uploads\/2022\/09\/EB79EB73-8E4F-494D-AF5D-FA013A9D0859-1025x1536.jpeg 1025w, https:\/\/merkurs-white-wolves.de\/wp-content\/uploads\/2022\/09\/EB79EB73-8E4F-494D-AF5D-FA013A9D0859.jpeg 1068w\" sizes=\"auto, (max-width: 684px) 100vw, 684px\" \/><\/figure>\n\n\n\n<figure class=\"wp-block-image size-large\"><img loading=\"lazy\" decoding=\"async\" width=\"684\" height=\"1024\" data-id=\"513\" src=\"https:\/\/merkurs-white-wolves.de\/wp-content\/uploads\/2022\/09\/E08D144A-1A9D-48D1-A6E4-FABEBA3F6478-684x1024.jpeg\" alt=\"\" class=\"wp-image-513\" srcset=\"https:\/\/merkurs-white-wolves.de\/wp-content\/uploads\/2022\/09\/E08D144A-1A9D-48D1-A6E4-FABEBA3F6478-684x1024.jpeg 684w, https:\/\/merkurs-white-wolves.de\/wp-content\/uploads\/2022\/09\/E08D144A-1A9D-48D1-A6E4-FABEBA3F6478-200x300.jpeg 200w, https:\/\/merkurs-white-wolves.de\/wp-content\/uploads\/2022\/09\/E08D144A-1A9D-48D1-A6E4-FABEBA3F6478-768x1151.jpeg 768w, https:\/\/merkurs-white-wolves.de\/wp-content\/uploads\/2022\/09\/E08D144A-1A9D-48D1-A6E4-FABEBA3F6478-1025x1536.jpeg 1025w, https:\/\/merkurs-white-wolves.de\/wp-content\/uploads\/2022\/09\/E08D144A-1A9D-48D1-A6E4-FABEBA3F6478.jpeg 1068w\" sizes=\"auto, (max-width: 684px) 100vw, 684px\" \/><\/figure>\n\n\n\n<figure class=\"wp-block-image size-large\"><img loading=\"lazy\" decoding=\"async\" width=\"1024\" height=\"768\" data-id=\"714\" src=\"https:\/\/merkurs-white-wolves.de\/wp-content\/uploads\/2023\/07\/P7150186-1024x768.jpg\" alt=\"\" class=\"wp-image-714\" srcset=\"https:\/\/merkurs-white-wolves.de\/wp-content\/uploads\/2023\/07\/P7150186-1024x768.jpg 1024w, https:\/\/merkurs-white-wolves.de\/wp-content\/uploads\/2023\/07\/P7150186-300x225.jpg 300w, https:\/\/merkurs-white-wolves.de\/wp-content\/uploads\/2023\/07\/P7150186-768x576.jpg 768w, https:\/\/merkurs-white-wolves.de\/wp-content\/uploads\/2023\/07\/P7150186-1536x1152.jpg 1536w, https:\/\/merkurs-white-wolves.de\/wp-content\/uploads\/2023\/07\/P7150186-2048x1536.jpg 2048w, https:\/\/merkurs-white-wolves.de\/wp-content\/uploads\/2023\/07\/P7150186-1600x1200.jpg 1600w\" sizes=\"auto, (max-width: 1024px) 100vw, 1024px\" \/><\/figure>\n\n\n\n<figure class=\"wp-block-image size-large\"><img loading=\"lazy\" decoding=\"async\" width=\"669\" height=\"1024\" data-id=\"706\" src=\"https:\/\/merkurs-white-wolves.de\/wp-content\/uploads\/2023\/07\/grafik-1.png\" alt=\"\" class=\"wp-image-706\" srcset=\"https:\/\/merkurs-white-wolves.de\/wp-content\/uploads\/2023\/07\/grafik-1.png 669w, https:\/\/merkurs-white-wolves.de\/wp-content\/uploads\/2023\/07\/grafik-1-196x300.png 196w\" sizes=\"auto, (max-width: 669px) 100vw, 669px\" \/><\/figure>\n\n\n\n<figure class=\"wp-block-image size-large\"><img loading=\"lazy\" decoding=\"async\" width=\"1024\" height=\"640\" data-id=\"559\" src=\"https:\/\/merkurs-white-wolves.de\/wp-content\/uploads\/2022\/09\/294403286_611898717019828_6010129211998474042_n-edited-1-1024x640.jpg\" alt=\"\" class=\"wp-image-559\" srcset=\"https:\/\/merkurs-white-wolves.de\/wp-content\/uploads\/2022\/09\/294403286_611898717019828_6010129211998474042_n-edited-1-1024x640.jpg 1024w, https:\/\/merkurs-white-wolves.de\/wp-content\/uploads\/2022\/09\/294403286_611898717019828_6010129211998474042_n-edited-1-300x188.jpg 300w, https:\/\/merkurs-white-wolves.de\/wp-content\/uploads\/2022\/09\/294403286_611898717019828_6010129211998474042_n-edited-1-768x480.jpg 768w, https:\/\/merkurs-white-wolves.de\/wp-content\/uploads\/2022\/09\/294403286_611898717019828_6010129211998474042_n-edited-1.jpg 1366w\" sizes=\"auto, (max-width: 1024px) 100vw, 1024px\" \/><\/figure>\n<\/figure>\n","protected":false},"excerpt":{"rendered":"<p>(Langstockhaar) H\u00fcndin in Zuchtmiete Champion de Luxembourg de Beaute Wurftag: 25.05.2017 Gr\u00f6\u00dfe: 59 cm Abstammung:Vater: KOTORI vom Terl\u00fcner SchlossMutter: ASKA&hellip;<\/p>\n","protected":false},"author":1,"featured_media":0,"parent":0,"menu_order":0,"comment_status":"closed","ping_status":"closed","template":"","meta":{"ngg_post_thumbnail":0,"footnotes":""},"class_list":["post-489","page","type-page","status-publish","hentry"],"yoast_head":"<!-- This site is optimized with the Yoast SEO plugin v27.4 - https:\/\/yoast.com\/product\/yoast-seo-wordpress\/ -->\n<title>Missy Mara White Revelation - Merkur\u2019s White Wolves<\/title>\n<meta name=\"robots\" content=\"index, follow, max-snippet:-1, max-image-preview:large, max-video-preview:-1\" \/>\n<link rel=\"canonical\" href=\"https:\/\/merkurs-white-wolves.de\/?page_id=489\" \/>\n<meta property=\"og:locale\" content=\"de_DE\" \/>\n<meta property=\"og:type\" content=\"article\" \/>\n<meta property=\"og:title\" content=\"Missy Mara White Revelation - Merkur\u2019s White Wolves\" \/>\n<meta property=\"og:description\" content=\"(Langstockhaar) H\u00fcndin in Zuchtmiete Champion de Luxembourg de Beaute Wurftag: 25.05.2017 Gr\u00f6\u00dfe: 59 cm Abstammung:Vater: KOTORI vom Terl\u00fcner SchlossMutter: ASKA&hellip;\" \/>\n<meta property=\"og:url\" content=\"https:\/\/merkurs-white-wolves.de\/?page_id=489\" \/>\n<meta property=\"og:site_name\" content=\"Merkur\u2019s White Wolves\" \/>\n<meta property=\"article:modified_time\" content=\"2024-01-12T12:01:30+00:00\" \/>\n<meta property=\"og:image\" content=\"https:\/\/merkurs-white-wolves.de\/wp-content\/uploads\/2022\/09\/EB79EB73-8E4F-494D-AF5D-FA013A9D0859-684x1024.jpeg\" \/>\n<meta name=\"twitter:card\" content=\"summary_large_image\" \/>\n<meta name=\"twitter:label1\" content=\"Gesch\u00e4tzte Lesezeit\" \/>\n\t<meta name=\"twitter:data1\" content=\"2\u00a0Minuten\" \/>\n<script type=\"application\/ld+json\" class=\"yoast-schema-graph\">{\"@context\":\"https:\\\/\\\/schema.org\",\"@graph\":[{\"@type\":\"WebPage\",\"@id\":\"https:\\\/\\\/merkurs-white-wolves.de\\\/?page_id=489\",\"url\":\"https:\\\/\\\/merkurs-white-wolves.de\\\/?page_id=489\",\"name\":\"Missy Mara White Revelation - Merkur\u2019s White Wolves\",\"isPartOf\":{\"@id\":\"https:\\\/\\\/merkurs-white-wolves.de\\\/#website\"},\"primaryImageOfPage\":{\"@id\":\"https:\\\/\\\/merkurs-white-wolves.de\\\/?page_id=489#primaryimage\"},\"image\":{\"@id\":\"https:\\\/\\\/merkurs-white-wolves.de\\\/?page_id=489#primaryimage\"},\"thumbnailUrl\":\"https:\\\/\\\/merkurs-white-wolves.de\\\/wp-content\\\/uploads\\\/2022\\\/09\\\/EB79EB73-8E4F-494D-AF5D-FA013A9D0859-684x1024.jpeg\",\"datePublished\":\"2022-09-28T14:19:17+00:00\",\"dateModified\":\"2024-01-12T12:01:30+00:00\",\"breadcrumb\":{\"@id\":\"https:\\\/\\\/merkurs-white-wolves.de\\\/?page_id=489#breadcrumb\"},\"inLanguage\":\"de\",\"potentialAction\":[{\"@type\":\"ReadAction\",\"target\":[\"https:\\\/\\\/merkurs-white-wolves.de\\\/?page_id=489\"]}]},{\"@type\":\"ImageObject\",\"inLanguage\":\"de\",\"@id\":\"https:\\\/\\\/merkurs-white-wolves.de\\\/?page_id=489#primaryimage\",\"url\":\"https:\\\/\\\/merkurs-white-wolves.de\\\/wp-content\\\/uploads\\\/2022\\\/09\\\/EB79EB73-8E4F-494D-AF5D-FA013A9D0859.jpeg\",\"contentUrl\":\"https:\\\/\\\/merkurs-white-wolves.de\\\/wp-content\\\/uploads\\\/2022\\\/09\\\/EB79EB73-8E4F-494D-AF5D-FA013A9D0859.jpeg\",\"width\":1068,\"height\":1600},{\"@type\":\"BreadcrumbList\",\"@id\":\"https:\\\/\\\/merkurs-white-wolves.de\\\/?page_id=489#breadcrumb\",\"itemListElement\":[{\"@type\":\"ListItem\",\"position\":1,\"name\":\"Startseite\",\"item\":\"https:\\\/\\\/merkurs-white-wolves.de\\\/\"},{\"@type\":\"ListItem\",\"position\":2,\"name\":\"Missy Mara White Revelation\"}]},{\"@type\":\"WebSite\",\"@id\":\"https:\\\/\\\/merkurs-white-wolves.de\\\/#website\",\"url\":\"https:\\\/\\\/merkurs-white-wolves.de\\\/\",\"name\":\"Merkur\u2019s White Wolves\",\"description\":\"Zuchtst\u00e4tte f\u00fcr Wei\u00dfe Schweizer Sch\u00e4ferhunde\",\"potentialAction\":[{\"@type\":\"SearchAction\",\"target\":{\"@type\":\"EntryPoint\",\"urlTemplate\":\"https:\\\/\\\/merkurs-white-wolves.de\\\/?s={search_term_string}\"},\"query-input\":{\"@type\":\"PropertyValueSpecification\",\"valueRequired\":true,\"valueName\":\"search_term_string\"}}],\"inLanguage\":\"de\"}]}<\/script>\n<!-- \/ Yoast SEO plugin. -->","yoast_head_json":{"title":"Missy Mara White Revelation - Merkur\u2019s White Wolves","robots":{"index":"index","follow":"follow","max-snippet":"max-snippet:-1","max-image-preview":"max-image-preview:large","max-video-preview":"max-video-preview:-1"},"canonical":"https:\/\/merkurs-white-wolves.de\/?page_id=489","og_locale":"de_DE","og_type":"article","og_title":"Missy Mara White Revelation - Merkur\u2019s White Wolves","og_description":"(Langstockhaar) H\u00fcndin in Zuchtmiete Champion de Luxembourg de Beaute Wurftag: 25.05.2017 Gr\u00f6\u00dfe: 59 cm Abstammung:Vater: KOTORI vom Terl\u00fcner SchlossMutter: ASKA&hellip;","og_url":"https:\/\/merkurs-white-wolves.de\/?page_id=489","og_site_name":"Merkur\u2019s White Wolves","article_modified_time":"2024-01-12T12:01:30+00:00","og_image":[{"url":"https:\/\/merkurs-white-wolves.de\/wp-content\/uploads\/2022\/09\/EB79EB73-8E4F-494D-AF5D-FA013A9D0859-684x1024.jpeg","type":"","width":"","height":""}],"twitter_card":"summary_large_image","twitter_misc":{"Gesch\u00e4tzte Lesezeit":"2\u00a0Minuten"},"schema":{"@context":"https:\/\/schema.org","@graph":[{"@type":"WebPage","@id":"https:\/\/merkurs-white-wolves.de\/?page_id=489","url":"https:\/\/merkurs-white-wolves.de\/?page_id=489","name":"Missy Mara White Revelation - Merkur\u2019s White Wolves","isPartOf":{"@id":"https:\/\/merkurs-white-wolves.de\/#website"},"primaryImageOfPage":{"@id":"https:\/\/merkurs-white-wolves.de\/?page_id=489#primaryimage"},"image":{"@id":"https:\/\/merkurs-white-wolves.de\/?page_id=489#primaryimage"},"thumbnailUrl":"https:\/\/merkurs-white-wolves.de\/wp-content\/uploads\/2022\/09\/EB79EB73-8E4F-494D-AF5D-FA013A9D0859-684x1024.jpeg","datePublished":"2022-09-28T14:19:17+00:00","dateModified":"2024-01-12T12:01:30+00:00","breadcrumb":{"@id":"https:\/\/merkurs-white-wolves.de\/?page_id=489#breadcrumb"},"inLanguage":"de","potentialAction":[{"@type":"ReadAction","target":["https:\/\/merkurs-white-wolves.de\/?page_id=489"]}]},{"@type":"ImageObject","inLanguage":"de","@id":"https:\/\/merkurs-white-wolves.de\/?page_id=489#primaryimage","url":"https:\/\/merkurs-white-wolves.de\/wp-content\/uploads\/2022\/09\/EB79EB73-8E4F-494D-AF5D-FA013A9D0859.jpeg","contentUrl":"https:\/\/merkurs-white-wolves.de\/wp-content\/uploads\/2022\/09\/EB79EB73-8E4F-494D-AF5D-FA013A9D0859.jpeg","width":1068,"height":1600},{"@type":"BreadcrumbList","@id":"https:\/\/merkurs-white-wolves.de\/?page_id=489#breadcrumb","itemListElement":[{"@type":"ListItem","position":1,"name":"Startseite","item":"https:\/\/merkurs-white-wolves.de\/"},{"@type":"ListItem","position":2,"name":"Missy Mara White Revelation"}]},{"@type":"WebSite","@id":"https:\/\/merkurs-white-wolves.de\/#website","url":"https:\/\/merkurs-white-wolves.de\/","name":"Merkur\u2019s White Wolves","description":"Zuchtst\u00e4tte f\u00fcr Wei\u00dfe Schweizer Sch\u00e4ferhunde","potentialAction":[{"@type":"SearchAction","target":{"@type":"EntryPoint","urlTemplate":"https:\/\/merkurs-white-wolves.de\/?s={search_term_string}"},"query-input":{"@type":"PropertyValueSpecification","valueRequired":true,"valueName":"search_term_string"}}],"inLanguage":"de"}]}},"_links":{"self":[{"href":"https:\/\/merkurs-white-wolves.de\/index.php?rest_route=\/wp\/v2\/pages\/489","targetHints":{"allow":["GET"]}}],"collection":[{"href":"https:\/\/merkurs-white-wolves.de\/index.php?rest_route=\/wp\/v2\/pages"}],"about":[{"href":"https:\/\/merkurs-white-wolves.de\/index.php?rest_route=\/wp\/v2\/types\/page"}],"author":[{"embeddable":true,"href":"https:\/\/merkurs-white-wolves.de\/index.php?rest_route=\/wp\/v2\/users\/1"}],"replies":[{"embeddable":true,"href":"https:\/\/merkurs-white-wolves.de\/index.php?rest_route=%2Fwp%2Fv2%2Fcomments&post=489"}],"version-history":[{"count":9,"href":"https:\/\/merkurs-white-wolves.de\/index.php?rest_route=\/wp\/v2\/pages\/489\/revisions"}],"predecessor-version":[{"id":838,"href":"https:\/\/merkurs-white-wolves.de\/index.php?rest_route=\/wp\/v2\/pages\/489\/revisions\/838"}],"wp:attachment":[{"href":"https:\/\/merkurs-white-wolves.de\/index.php?rest_route=%2Fwp%2Fv2%2Fmedia&parent=489"}],"curies":[{"name":"wp","href":"https:\/\/api.w.org\/{rel}","templated":true}]}}