{"id":503,"date":"2022-09-28T15:00:04","date_gmt":"2022-09-28T15:00:04","guid":{"rendered":"https:\/\/merkurs-white-wolves.de\/?page_id=503"},"modified":"2024-01-12T12:13:22","modified_gmt":"2024-01-12T12:13:22","slug":"home","status":"publish","type":"page","link":"https:\/\/merkurs-white-wolves.de\/?page_id=503","title":{"rendered":"Zuchtziel"},"content":{"rendered":"\n<p class=\"has-text-align-center has-x-large-font-size\" style=\"text-transform:capitalize\">Mein Zuchtziel<\/p>\n\n\n\n<p>Nat\u00fcrlich m\u00f6chte ich vor allem vitale, gesunde und wesensfeste Hunde z\u00fcchten, die dem Rassestandard m\u00f6glichst nahe kommen. So werden die Gesundheitsuntersuchungen der Hunde selbstverst\u00e4ndlich in die Wurfplanung mit einbezogen.<\/p>\n\n\n\n<p>Ganz besonders gro\u00dfen Wert lege ich auf das Wesen der Hunde. <\/p>\n\n\n\n<p>So m\u00f6chte ich Hunde z\u00fcchten, die sich angenehm in das Alltagsleben mit einf\u00fcgen und treue Begleiter ihrer Menschen werden.<\/p>\n\n\n\n<p>Deshalb ist <\/p>\n\n\n\n<ul class=\"wp-block-list\">\n<li>neben einer vern\u00fcnftigen Aufzucht der Welpen sowie<\/li>\n\n\n\n<li>Erziehung und artgerechten Besch\u00e4ftigung durch den Besitzer<\/li>\n\n\n\n<li>eine gute genetische Veranlagung f\u00fcr die Welpen sehr wichtig.<\/li>\n<\/ul>\n\n\n\n<p>Dies setzt voraus, dass die eingesetzten Zuchthunde keine Angst vor allt\u00e4glichen Dingen haben, m\u00f6glichst ausgeglichen und gelassen im Alltag sind und Menschen gegen\u00fcber ein freundliches aufgeschlossenes Wesen haben. Au\u00dferdem z\u00e4hlt f\u00fcr mich die Bereitschaft zum freudigen Arbeiten und Lernen mit seinen Menschen dazu.<\/p>\n\n\n\n<p>Ganz bewusst haben ich mich f\u00fcr eine Mitgliedschaft im <a href=\"https:\/\/www.bvws.info\/\" target=\"_blank\" rel=\"noreferrer noopener\"><strong><em>BVWS e.V.<\/em><\/strong><\/a> (Mitglied im VDH) entschieden. Hier unterwerfe ich mich strengen Vorgaben und Richtlinien in der Reinzucht des Wei\u00dfen Schweizer Sch\u00e4ferhundes. Jeder Wei\u00dfe Schweizer Sch\u00e4ferhund, mit dem im BVWS gez\u00fcchtet werden soll, muss\u00a0 folgende Bedingungen erf\u00fcllen, um die Zuchttauglichkeit zu erreichen:<\/p>\n\n\n\n<ul class=\"wp-block-list\">\n<li><strong>R\u00f6ntgenuntersuchung auf H\u00fcftgelenksdysplasie. Die Zuchtzulassung erfolgt nur f\u00fcr Tiere mit HD-A (frei) und HD-B (fast-normal).<\/strong><\/li>\n\n\n\n<li><strong>Bereits HD-C ist von der Zucht ausgeschlossen.&nbsp;<\/strong><\/li>\n\n\n\n<li><strong>R\u00f6ntgenuntersuchung auf Ellenbogendysplasie.&nbsp;<\/strong><\/li>\n\n\n\n<li><strong>MDR1, DM und HZ-Untersuchung: Zur Vermeidung betroffener Hunde, sind nur bestimmte Verpaarungen zugelassen.&nbsp;<\/strong><\/li>\n\n\n\n<li><strong>Hinterlegung einer Blutprobe zur DNA-Analyse bei der Universit\u00e4t Z\u00fcrich. Diese Probe dient der Forschung im Bereich Genetik, an diesem Programm nehmen auch die Zuchtvereine aus der Schweiz und \u00d6sterreich teil.&nbsp;<\/strong><\/li>\n\n\n\n<li><strong>Erfolgreiche Teilnahme an zwei Ausstellungen ab der Zwischenklasse mit der Bewertung \u201eV\u201c oder \u201eSG\u201c.<\/strong><\/li>\n\n\n\n<li><strong>Erfolgreiches Bestehen der Zuchttauglichkeitspr\u00fcfung. Diese dient der \u00dcberpr\u00fcfung der wesensm\u00e4\u00dfigen Voraussetzung des Hundes. Gepr\u00fcft werden Alltagssituationen, die Reaktionen auf ungewohnte Ereignisse\/Ger\u00e4usche\/Personen etc. Diese Pr\u00fcfung ist f\u00fcr uns ein wichtiges Kriterium und nimmt einen hohen Stellenwert ein.&nbsp;<\/strong><\/li>\n\n\n\n<li><strong>Mindest- und Endalter f\u00fcr die Zucht bei R\u00fcden und insbesondere H\u00fcndinnen. Hinzu kommen spezielle Vorschriften f\u00fcr die Z\u00fcchter (Ablegen einer Z\u00fcchterpr\u00fcfung) sowie eine Beschr\u00e4nkung der W\u00fcrfe auf maximal drei W\u00fcrfe pro Jahr; unabh\u00e4ngig von der Anzahl H\u00fcndinnen in der Zuchtst\u00e4tte. Hiermit soll gew\u00e4hrleistet werden, dass jeder Wurf mit viel Zeit und Liebe verantwortungsbewusst aufgezogen wird. Auch die H\u00fcndinnen d\u00fcrfen nur jede zweite Hitze belegt werden, denn jede H\u00fcndin ben\u00f6tigt eine Regeneration nach der Anstrengung eines Wurfes.<\/strong><\/li>\n<\/ul>\n\n\n\n<p>Ein Z\u00fcchter, der des Geldes wegen vermehrt, wird einen einfacheren Weg einschlagen. Viele Vereine, die sich au\u00dferhalb des VDH gr\u00fcnden und z\u00fcchten, achten oft nicht weiter darauf, mit welchen Tieren gez\u00fcchtet wird oder ignorieren Gesundheit und Wesensschw\u00e4che. Meiner Meinung nach kann dies nicht der Sinn einer geordneten Zucht sein. Die Zuchttiere werden auf Ausstellungen kurz pr\u00e4sentiert und k\u00f6nnen ohne weitere \u00dcberpr\u00fcfung auf Gesundheits- und Wesenszustand in die Zucht gelangen. Das Nachsehen haben leider oft die Welpenk\u00e4ufer, die mit un\u00fcbersehbaren Problemen konfrontiert werden. \u00c4ngstliche, aggressive und kranke Tiere entsprechen nicht dem Zuchtziel und m\u00fcssten durch Pr\u00fcfungen und Untersuchungen von der Zucht ausgeschlossen werden.<\/p>\n","protected":false},"excerpt":{"rendered":"<p>Mein Zuchtziel Nat\u00fcrlich m\u00f6chte ich vor allem vitale, gesunde und wesensfeste Hunde z\u00fcchten, die dem Rassestandard m\u00f6glichst nahe kommen. So&hellip;<\/p>\n","protected":false},"author":1,"featured_media":0,"parent":0,"menu_order":0,"comment_status":"closed","ping_status":"closed","template":"","meta":{"ngg_post_thumbnail":0,"footnotes":""},"class_list":["post-503","page","type-page","status-publish","hentry"],"yoast_head":"<!-- This site is optimized with the Yoast SEO plugin v27.4 - https:\/\/yoast.com\/product\/yoast-seo-wordpress\/ -->\n<title>Zuchtziel - Merkur\u2019s White Wolves<\/title>\n<meta name=\"robots\" content=\"index, follow, max-snippet:-1, max-image-preview:large, max-video-preview:-1\" \/>\n<link rel=\"canonical\" href=\"https:\/\/merkurs-white-wolves.de\/?page_id=503\" \/>\n<meta property=\"og:locale\" content=\"de_DE\" \/>\n<meta property=\"og:type\" content=\"article\" \/>\n<meta property=\"og:title\" content=\"Zuchtziel - Merkur\u2019s White Wolves\" \/>\n<meta property=\"og:description\" content=\"Mein Zuchtziel Nat\u00fcrlich m\u00f6chte ich vor allem vitale, gesunde und wesensfeste Hunde z\u00fcchten, die dem Rassestandard m\u00f6glichst nahe kommen. So&hellip;\" \/>\n<meta property=\"og:url\" content=\"https:\/\/merkurs-white-wolves.de\/?page_id=503\" \/>\n<meta property=\"og:site_name\" content=\"Merkur\u2019s White Wolves\" \/>\n<meta property=\"article:modified_time\" content=\"2024-01-12T12:13:22+00:00\" \/>\n<meta name=\"twitter:card\" content=\"summary_large_image\" \/>\n<meta name=\"twitter:label1\" content=\"Gesch\u00e4tzte Lesezeit\" \/>\n\t<meta name=\"twitter:data1\" content=\"3\u00a0Minuten\" \/>\n<script type=\"application\/ld+json\" class=\"yoast-schema-graph\">{\"@context\":\"https:\\\/\\\/schema.org\",\"@graph\":[{\"@type\":\"WebPage\",\"@id\":\"https:\\\/\\\/merkurs-white-wolves.de\\\/?page_id=503\",\"url\":\"https:\\\/\\\/merkurs-white-wolves.de\\\/?page_id=503\",\"name\":\"Zuchtziel - Merkur\u2019s White Wolves\",\"isPartOf\":{\"@id\":\"https:\\\/\\\/merkurs-white-wolves.de\\\/#website\"},\"datePublished\":\"2022-09-28T15:00:04+00:00\",\"dateModified\":\"2024-01-12T12:13:22+00:00\",\"breadcrumb\":{\"@id\":\"https:\\\/\\\/merkurs-white-wolves.de\\\/?page_id=503#breadcrumb\"},\"inLanguage\":\"de\",\"potentialAction\":[{\"@type\":\"ReadAction\",\"target\":[\"https:\\\/\\\/merkurs-white-wolves.de\\\/?page_id=503\"]}]},{\"@type\":\"BreadcrumbList\",\"@id\":\"https:\\\/\\\/merkurs-white-wolves.de\\\/?page_id=503#breadcrumb\",\"itemListElement\":[{\"@type\":\"ListItem\",\"position\":1,\"name\":\"Startseite\",\"item\":\"https:\\\/\\\/merkurs-white-wolves.de\\\/\"},{\"@type\":\"ListItem\",\"position\":2,\"name\":\"Zuchtziel\"}]},{\"@type\":\"WebSite\",\"@id\":\"https:\\\/\\\/merkurs-white-wolves.de\\\/#website\",\"url\":\"https:\\\/\\\/merkurs-white-wolves.de\\\/\",\"name\":\"Merkur\u2019s White Wolves\",\"description\":\"Zuchtst\u00e4tte f\u00fcr Wei\u00dfe Schweizer Sch\u00e4ferhunde\",\"potentialAction\":[{\"@type\":\"SearchAction\",\"target\":{\"@type\":\"EntryPoint\",\"urlTemplate\":\"https:\\\/\\\/merkurs-white-wolves.de\\\/?s={search_term_string}\"},\"query-input\":{\"@type\":\"PropertyValueSpecification\",\"valueRequired\":true,\"valueName\":\"search_term_string\"}}],\"inLanguage\":\"de\"}]}<\/script>\n<!-- \/ Yoast SEO plugin. -->","yoast_head_json":{"title":"Zuchtziel - Merkur\u2019s White Wolves","robots":{"index":"index","follow":"follow","max-snippet":"max-snippet:-1","max-image-preview":"max-image-preview:large","max-video-preview":"max-video-preview:-1"},"canonical":"https:\/\/merkurs-white-wolves.de\/?page_id=503","og_locale":"de_DE","og_type":"article","og_title":"Zuchtziel - Merkur\u2019s White Wolves","og_description":"Mein Zuchtziel Nat\u00fcrlich m\u00f6chte ich vor allem vitale, gesunde und wesensfeste Hunde z\u00fcchten, die dem Rassestandard m\u00f6glichst nahe kommen. So&hellip;","og_url":"https:\/\/merkurs-white-wolves.de\/?page_id=503","og_site_name":"Merkur\u2019s White Wolves","article_modified_time":"2024-01-12T12:13:22+00:00","twitter_card":"summary_large_image","twitter_misc":{"Gesch\u00e4tzte Lesezeit":"3\u00a0Minuten"},"schema":{"@context":"https:\/\/schema.org","@graph":[{"@type":"WebPage","@id":"https:\/\/merkurs-white-wolves.de\/?page_id=503","url":"https:\/\/merkurs-white-wolves.de\/?page_id=503","name":"Zuchtziel - Merkur\u2019s White Wolves","isPartOf":{"@id":"https:\/\/merkurs-white-wolves.de\/#website"},"datePublished":"2022-09-28T15:00:04+00:00","dateModified":"2024-01-12T12:13:22+00:00","breadcrumb":{"@id":"https:\/\/merkurs-white-wolves.de\/?page_id=503#breadcrumb"},"inLanguage":"de","potentialAction":[{"@type":"ReadAction","target":["https:\/\/merkurs-white-wolves.de\/?page_id=503"]}]},{"@type":"BreadcrumbList","@id":"https:\/\/merkurs-white-wolves.de\/?page_id=503#breadcrumb","itemListElement":[{"@type":"ListItem","position":1,"name":"Startseite","item":"https:\/\/merkurs-white-wolves.de\/"},{"@type":"ListItem","position":2,"name":"Zuchtziel"}]},{"@type":"WebSite","@id":"https:\/\/merkurs-white-wolves.de\/#website","url":"https:\/\/merkurs-white-wolves.de\/","name":"Merkur\u2019s White Wolves","description":"Zuchtst\u00e4tte f\u00fcr Wei\u00dfe Schweizer Sch\u00e4ferhunde","potentialAction":[{"@type":"SearchAction","target":{"@type":"EntryPoint","urlTemplate":"https:\/\/merkurs-white-wolves.de\/?s={search_term_string}"},"query-input":{"@type":"PropertyValueSpecification","valueRequired":true,"valueName":"search_term_string"}}],"inLanguage":"de"}]}},"_links":{"self":[{"href":"https:\/\/merkurs-white-wolves.de\/index.php?rest_route=\/wp\/v2\/pages\/503","targetHints":{"allow":["GET"]}}],"collection":[{"href":"https:\/\/merkurs-white-wolves.de\/index.php?rest_route=\/wp\/v2\/pages"}],"about":[{"href":"https:\/\/merkurs-white-wolves.de\/index.php?rest_route=\/wp\/v2\/types\/page"}],"author":[{"embeddable":true,"href":"https:\/\/merkurs-white-wolves.de\/index.php?rest_route=\/wp\/v2\/users\/1"}],"replies":[{"embeddable":true,"href":"https:\/\/merkurs-white-wolves.de\/index.php?rest_route=%2Fwp%2Fv2%2Fcomments&post=503"}],"version-history":[{"count":5,"href":"https:\/\/merkurs-white-wolves.de\/index.php?rest_route=\/wp\/v2\/pages\/503\/revisions"}],"predecessor-version":[{"id":850,"href":"https:\/\/merkurs-white-wolves.de\/index.php?rest_route=\/wp\/v2\/pages\/503\/revisions\/850"}],"wp:attachment":[{"href":"https:\/\/merkurs-white-wolves.de\/index.php?rest_route=%2Fwp%2Fv2%2Fmedia&parent=503"}],"curies":[{"name":"wp","href":"https:\/\/api.w.org\/{rel}","templated":true}]}}