{"id":603,"date":"2023-06-01T11:06:32","date_gmt":"2023-06-01T11:06:32","guid":{"rendered":"https:\/\/merkurs-white-wolves.de\/?page_id=603"},"modified":"2025-05-16T14:21:18","modified_gmt":"2025-05-16T14:21:18","slug":"b-wurf","status":"publish","type":"page","link":"https:\/\/merkurs-white-wolves.de\/?page_id=603","title":{"rendered":"B-Wurf"},"content":{"rendered":"\n<p class=\"has-large-font-size\"><\/p>\n\n\n\n<p><strong>Verpaarung: <br>Benito-Ben vom S\u00e4chsichen Elbland x Merkur&#8217;s White Wolves Aurora Antarktika<\/strong><\/p>\n\n\n\n<p><strong>Wurftag:<\/strong> erwartet um den 18.06.2025<\/p>\n\n\n\n<p class=\"has-blush-light-purple-gradient-background has-background has-medium-font-size\"><strong>Reservierungen werden im Moment keine mehr angenommen!<\/strong><\/p>\n\n\n\n<p class=\"has-medium-font-size\"><strong>F\u00fcr ein pers\u00f6hnliches Kennenlernen d\u00fcrfen Sie mich gerne kontaktieren und einen Termin vereinbaren.<\/strong><\/p>\n\n\n\n<figure class=\"wp-block-image size-large\"><img loading=\"lazy\" decoding=\"async\" width=\"1024\" height=\"768\" src=\"https:\/\/merkurs-white-wolves.de\/wp-content\/uploads\/2025\/05\/498119317_23974613255475889_6791444039285019741_n-1-1024x768.jpg\" alt=\"\" class=\"wp-image-1038\" srcset=\"https:\/\/merkurs-white-wolves.de\/wp-content\/uploads\/2025\/05\/498119317_23974613255475889_6791444039285019741_n-1-1024x768.jpg 1024w, https:\/\/merkurs-white-wolves.de\/wp-content\/uploads\/2025\/05\/498119317_23974613255475889_6791444039285019741_n-1-300x225.jpg 300w, https:\/\/merkurs-white-wolves.de\/wp-content\/uploads\/2025\/05\/498119317_23974613255475889_6791444039285019741_n-1-768x576.jpg 768w, https:\/\/merkurs-white-wolves.de\/wp-content\/uploads\/2025\/05\/498119317_23974613255475889_6791444039285019741_n-1-1536x1152.jpg 1536w, https:\/\/merkurs-white-wolves.de\/wp-content\/uploads\/2025\/05\/498119317_23974613255475889_6791444039285019741_n-1-1600x1200.jpg 1600w, https:\/\/merkurs-white-wolves.de\/wp-content\/uploads\/2025\/05\/498119317_23974613255475889_6791444039285019741_n-1.jpg 2048w\" sizes=\"auto, (max-width: 1024px) 100vw, 1024px\" \/><figcaption class=\"wp-element-caption\">Ultraschall vom 15.05.2025<\/figcaption><\/figure>\n","protected":false},"excerpt":{"rendered":"<p>Verpaarung: Benito-Ben vom S\u00e4chsichen Elbland x Merkur&#8217;s White Wolves Aurora Antarktika Wurftag: erwartet um den 18.06.2025 Reservierungen werden im Moment&hellip;<\/p>\n","protected":false},"author":1,"featured_media":0,"parent":0,"menu_order":0,"comment_status":"closed","ping_status":"closed","template":"","meta":{"ngg_post_thumbnail":0,"footnotes":""},"class_list":["post-603","page","type-page","status-publish","hentry"],"yoast_head":"<!-- This site is optimized with the Yoast SEO plugin v27.4 - https:\/\/yoast.com\/product\/yoast-seo-wordpress\/ -->\n<title>B-Wurf - Merkur\u2019s White Wolves<\/title>\n<meta name=\"robots\" content=\"index, follow, max-snippet:-1, max-image-preview:large, max-video-preview:-1\" \/>\n<link rel=\"canonical\" href=\"https:\/\/merkurs-white-wolves.de\/?page_id=603\" \/>\n<meta property=\"og:locale\" content=\"de_DE\" \/>\n<meta property=\"og:type\" content=\"article\" \/>\n<meta property=\"og:title\" content=\"B-Wurf - Merkur\u2019s White Wolves\" \/>\n<meta property=\"og:description\" content=\"Verpaarung: Benito-Ben vom S\u00e4chsichen Elbland x Merkur&#8217;s White Wolves Aurora Antarktika Wurftag: erwartet um den 18.06.2025 Reservierungen werden im Moment&hellip;\" \/>\n<meta property=\"og:url\" content=\"https:\/\/merkurs-white-wolves.de\/?page_id=603\" \/>\n<meta property=\"og:site_name\" content=\"Merkur\u2019s White Wolves\" \/>\n<meta property=\"article:modified_time\" content=\"2025-05-16T14:21:18+00:00\" \/>\n<meta property=\"og:image\" content=\"https:\/\/merkurs-white-wolves.de\/wp-content\/uploads\/2025\/05\/498119317_23974613255475889_6791444039285019741_n-1.jpg\" \/>\n\t<meta property=\"og:image:width\" content=\"2048\" \/>\n\t<meta property=\"og:image:height\" content=\"1536\" \/>\n\t<meta property=\"og:image:type\" content=\"image\/jpeg\" \/>\n<meta name=\"twitter:card\" content=\"summary_large_image\" \/>\n<meta name=\"twitter:label1\" content=\"Gesch\u00e4tzte Lesezeit\" \/>\n\t<meta name=\"twitter:data1\" content=\"1\u00a0Minute\" \/>\n<script type=\"application\/ld+json\" class=\"yoast-schema-graph\">{\"@context\":\"https:\\\/\\\/schema.org\",\"@graph\":[{\"@type\":\"WebPage\",\"@id\":\"https:\\\/\\\/merkurs-white-wolves.de\\\/?page_id=603\",\"url\":\"https:\\\/\\\/merkurs-white-wolves.de\\\/?page_id=603\",\"name\":\"B-Wurf - Merkur\u2019s White Wolves\",\"isPartOf\":{\"@id\":\"https:\\\/\\\/merkurs-white-wolves.de\\\/#website\"},\"primaryImageOfPage\":{\"@id\":\"https:\\\/\\\/merkurs-white-wolves.de\\\/?page_id=603#primaryimage\"},\"image\":{\"@id\":\"https:\\\/\\\/merkurs-white-wolves.de\\\/?page_id=603#primaryimage\"},\"thumbnailUrl\":\"https:\\\/\\\/merkurs-white-wolves.de\\\/wp-content\\\/uploads\\\/2025\\\/05\\\/498119317_23974613255475889_6791444039285019741_n-1-1024x768.jpg\",\"datePublished\":\"2023-06-01T11:06:32+00:00\",\"dateModified\":\"2025-05-16T14:21:18+00:00\",\"breadcrumb\":{\"@id\":\"https:\\\/\\\/merkurs-white-wolves.de\\\/?page_id=603#breadcrumb\"},\"inLanguage\":\"de\",\"potentialAction\":[{\"@type\":\"ReadAction\",\"target\":[\"https:\\\/\\\/merkurs-white-wolves.de\\\/?page_id=603\"]}]},{\"@type\":\"ImageObject\",\"inLanguage\":\"de\",\"@id\":\"https:\\\/\\\/merkurs-white-wolves.de\\\/?page_id=603#primaryimage\",\"url\":\"https:\\\/\\\/merkurs-white-wolves.de\\\/wp-content\\\/uploads\\\/2025\\\/05\\\/498119317_23974613255475889_6791444039285019741_n-1.jpg\",\"contentUrl\":\"https:\\\/\\\/merkurs-white-wolves.de\\\/wp-content\\\/uploads\\\/2025\\\/05\\\/498119317_23974613255475889_6791444039285019741_n-1.jpg\",\"width\":2048,\"height\":1536},{\"@type\":\"BreadcrumbList\",\"@id\":\"https:\\\/\\\/merkurs-white-wolves.de\\\/?page_id=603#breadcrumb\",\"itemListElement\":[{\"@type\":\"ListItem\",\"position\":1,\"name\":\"Startseite\",\"item\":\"https:\\\/\\\/merkurs-white-wolves.de\\\/\"},{\"@type\":\"ListItem\",\"position\":2,\"name\":\"B-Wurf\"}]},{\"@type\":\"WebSite\",\"@id\":\"https:\\\/\\\/merkurs-white-wolves.de\\\/#website\",\"url\":\"https:\\\/\\\/merkurs-white-wolves.de\\\/\",\"name\":\"Merkur\u2019s White Wolves\",\"description\":\"Zuchtst\u00e4tte f\u00fcr Wei\u00dfe Schweizer Sch\u00e4ferhunde\",\"potentialAction\":[{\"@type\":\"SearchAction\",\"target\":{\"@type\":\"EntryPoint\",\"urlTemplate\":\"https:\\\/\\\/merkurs-white-wolves.de\\\/?s={search_term_string}\"},\"query-input\":{\"@type\":\"PropertyValueSpecification\",\"valueRequired\":true,\"valueName\":\"search_term_string\"}}],\"inLanguage\":\"de\"}]}<\/script>\n<!-- \/ Yoast SEO plugin. -->","yoast_head_json":{"title":"B-Wurf - Merkur\u2019s White Wolves","robots":{"index":"index","follow":"follow","max-snippet":"max-snippet:-1","max-image-preview":"max-image-preview:large","max-video-preview":"max-video-preview:-1"},"canonical":"https:\/\/merkurs-white-wolves.de\/?page_id=603","og_locale":"de_DE","og_type":"article","og_title":"B-Wurf - Merkur\u2019s White Wolves","og_description":"Verpaarung: Benito-Ben vom S\u00e4chsichen Elbland x Merkur&#8217;s White Wolves Aurora Antarktika Wurftag: erwartet um den 18.06.2025 Reservierungen werden im Moment&hellip;","og_url":"https:\/\/merkurs-white-wolves.de\/?page_id=603","og_site_name":"Merkur\u2019s White Wolves","article_modified_time":"2025-05-16T14:21:18+00:00","og_image":[{"width":2048,"height":1536,"url":"https:\/\/merkurs-white-wolves.de\/wp-content\/uploads\/2025\/05\/498119317_23974613255475889_6791444039285019741_n-1.jpg","type":"image\/jpeg"}],"twitter_card":"summary_large_image","twitter_misc":{"Gesch\u00e4tzte Lesezeit":"1\u00a0Minute"},"schema":{"@context":"https:\/\/schema.org","@graph":[{"@type":"WebPage","@id":"https:\/\/merkurs-white-wolves.de\/?page_id=603","url":"https:\/\/merkurs-white-wolves.de\/?page_id=603","name":"B-Wurf - Merkur\u2019s White Wolves","isPartOf":{"@id":"https:\/\/merkurs-white-wolves.de\/#website"},"primaryImageOfPage":{"@id":"https:\/\/merkurs-white-wolves.de\/?page_id=603#primaryimage"},"image":{"@id":"https:\/\/merkurs-white-wolves.de\/?page_id=603#primaryimage"},"thumbnailUrl":"https:\/\/merkurs-white-wolves.de\/wp-content\/uploads\/2025\/05\/498119317_23974613255475889_6791444039285019741_n-1-1024x768.jpg","datePublished":"2023-06-01T11:06:32+00:00","dateModified":"2025-05-16T14:21:18+00:00","breadcrumb":{"@id":"https:\/\/merkurs-white-wolves.de\/?page_id=603#breadcrumb"},"inLanguage":"de","potentialAction":[{"@type":"ReadAction","target":["https:\/\/merkurs-white-wolves.de\/?page_id=603"]}]},{"@type":"ImageObject","inLanguage":"de","@id":"https:\/\/merkurs-white-wolves.de\/?page_id=603#primaryimage","url":"https:\/\/merkurs-white-wolves.de\/wp-content\/uploads\/2025\/05\/498119317_23974613255475889_6791444039285019741_n-1.jpg","contentUrl":"https:\/\/merkurs-white-wolves.de\/wp-content\/uploads\/2025\/05\/498119317_23974613255475889_6791444039285019741_n-1.jpg","width":2048,"height":1536},{"@type":"BreadcrumbList","@id":"https:\/\/merkurs-white-wolves.de\/?page_id=603#breadcrumb","itemListElement":[{"@type":"ListItem","position":1,"name":"Startseite","item":"https:\/\/merkurs-white-wolves.de\/"},{"@type":"ListItem","position":2,"name":"B-Wurf"}]},{"@type":"WebSite","@id":"https:\/\/merkurs-white-wolves.de\/#website","url":"https:\/\/merkurs-white-wolves.de\/","name":"Merkur\u2019s White Wolves","description":"Zuchtst\u00e4tte f\u00fcr Wei\u00dfe Schweizer Sch\u00e4ferhunde","potentialAction":[{"@type":"SearchAction","target":{"@type":"EntryPoint","urlTemplate":"https:\/\/merkurs-white-wolves.de\/?s={search_term_string}"},"query-input":{"@type":"PropertyValueSpecification","valueRequired":true,"valueName":"search_term_string"}}],"inLanguage":"de"}]}},"_links":{"self":[{"href":"https:\/\/merkurs-white-wolves.de\/index.php?rest_route=\/wp\/v2\/pages\/603","targetHints":{"allow":["GET"]}}],"collection":[{"href":"https:\/\/merkurs-white-wolves.de\/index.php?rest_route=\/wp\/v2\/pages"}],"about":[{"href":"https:\/\/merkurs-white-wolves.de\/index.php?rest_route=\/wp\/v2\/types\/page"}],"author":[{"embeddable":true,"href":"https:\/\/merkurs-white-wolves.de\/index.php?rest_route=\/wp\/v2\/users\/1"}],"replies":[{"embeddable":true,"href":"https:\/\/merkurs-white-wolves.de\/index.php?rest_route=%2Fwp%2Fv2%2Fcomments&post=603"}],"version-history":[{"count":7,"href":"https:\/\/merkurs-white-wolves.de\/index.php?rest_route=\/wp\/v2\/pages\/603\/revisions"}],"predecessor-version":[{"id":1039,"href":"https:\/\/merkurs-white-wolves.de\/index.php?rest_route=\/wp\/v2\/pages\/603\/revisions\/1039"}],"wp:attachment":[{"href":"https:\/\/merkurs-white-wolves.de\/index.php?rest_route=%2Fwp%2Fv2%2Fmedia&parent=603"}],"curies":[{"name":"wp","href":"https:\/\/api.w.org\/{rel}","templated":true}]}}