{"id":843,"date":"2024-01-12T12:05:47","date_gmt":"2024-01-12T12:05:47","guid":{"rendered":"https:\/\/merkurs-white-wolves.de\/?page_id=843"},"modified":"2024-01-12T12:09:33","modified_gmt":"2024-01-12T12:09:33","slug":"warum-zuechte-ich-ueber-den-bvws-vdh","status":"publish","type":"page","link":"https:\/\/merkurs-white-wolves.de\/?page_id=843","title":{"rendered":"Warum z\u00fcchte ich \u00fcber den BVWS\/ VDH"},"content":{"rendered":"\n<p><\/p>\n\n\n\n<p><\/p>\n\n\n\n<p>Wer sich eingehend mit Rassehunden und Zucht auseinandersetzt, wird immer wieder mit den K\u00fcrzeln FCI und VDH konfrontiert.<br>\u2013 FCI \u2013 (F\u00e8d\u00e8ration Cynologique Internationale) ist der gr\u00f6\u00dfte internationale kynologische Dachverband<br>\u2013 VDH \u2013 (Verband Deutsches Hundewesen) ist der deutsche kynologische Dachverband<br><br>Dem VDH sind 2 rassef\u00fchrende Vereine angeschlossen. Einer davon ist der BVWS e.V. (Bundesverein f\u00fcr Wei\u00df\u00e9 Schweizer Sch\u00e4ferhunde) dem ich mit meiner Zuchtst\u00e4tte angeh\u00f6ren.<br>Zucht bedeutet dem Rassestandard entsprechende, gesunde, kr\u00e4ftige und wesensfeste Hunde zu z\u00fcchten. Nach Zuchtordnung von FCI und VDH, und durch den BVWS im einzelnen noch verfeinert, wird die Zucht streng geregelt. Hunde mit gesundheitlichen Problemen, Wesenschw\u00e4che oder Fehlern kommen so nicht in die Zucht.<br>Leider gibt es auch Z\u00fcchter, die diese Regeln nicht einhalten wollen oder k\u00f6nnen. <strong>Deshalb Augen auf beim Welpenkauf!<\/strong> Das Internet h\u00e4lt da Vieles parat.<br><br><strong>Ein guter Z\u00fcchter hat nichts zu verbergen! <\/strong>Ein Z\u00fcchter sollte immer Liebhaber einer Rasse sein; er steht dem Welpenk\u00e4ufer mit Rat und Tat zur Seite und beantwortet gerne alle Fragen, auch nach dem Auszug der Welpen. Er zeigt sich verantwortlich f\u00fcr die wichtige Pr\u00e4gung des Welpen in den ersten Lebenswochen.<br><br>F\u00fcr mich kam von Beginn an nichts anderes in Frage, als nach den strengen Zuchtregeln und Auflagen von VDH und BVWS zu z\u00fcchten. Ich habe mich den Anforderungen gern gestellt.<\/p>\n","protected":false},"excerpt":{"rendered":"<p>Wer sich eingehend mit Rassehunden und Zucht auseinandersetzt, wird immer wieder mit den K\u00fcrzeln FCI und VDH konfrontiert.\u2013 FCI \u2013&hellip;<\/p>\n","protected":false},"author":1,"featured_media":0,"parent":0,"menu_order":0,"comment_status":"closed","ping_status":"closed","template":"","meta":{"ngg_post_thumbnail":0,"footnotes":""},"class_list":["post-843","page","type-page","status-publish","hentry"],"yoast_head":"<!-- This site is optimized with the Yoast SEO plugin v27.3 - https:\/\/yoast.com\/product\/yoast-seo-wordpress\/ -->\n<title>Warum z\u00fcchte ich \u00fcber den BVWS\/ VDH - Merkur\u2019s White Wolves<\/title>\n<meta name=\"robots\" content=\"index, follow, max-snippet:-1, max-image-preview:large, max-video-preview:-1\" \/>\n<link rel=\"canonical\" href=\"https:\/\/merkurs-white-wolves.de\/?page_id=843\" \/>\n<meta property=\"og:locale\" content=\"de_DE\" \/>\n<meta property=\"og:type\" content=\"article\" \/>\n<meta property=\"og:title\" content=\"Warum z\u00fcchte ich \u00fcber den BVWS\/ VDH - Merkur\u2019s White Wolves\" \/>\n<meta property=\"og:description\" content=\"Wer sich eingehend mit Rassehunden und Zucht auseinandersetzt, wird immer wieder mit den K\u00fcrzeln FCI und VDH konfrontiert.\u2013 FCI \u2013&hellip;\" \/>\n<meta property=\"og:url\" content=\"https:\/\/merkurs-white-wolves.de\/?page_id=843\" \/>\n<meta property=\"og:site_name\" content=\"Merkur\u2019s White Wolves\" \/>\n<meta property=\"article:modified_time\" content=\"2024-01-12T12:09:33+00:00\" \/>\n<meta name=\"twitter:card\" content=\"summary_large_image\" \/>\n<meta name=\"twitter:label1\" content=\"Gesch\u00e4tzte Lesezeit\" \/>\n\t<meta name=\"twitter:data1\" content=\"2\u00a0Minuten\" \/>\n<script type=\"application\/ld+json\" class=\"yoast-schema-graph\">{\"@context\":\"https:\\\/\\\/schema.org\",\"@graph\":[{\"@type\":\"WebPage\",\"@id\":\"https:\\\/\\\/merkurs-white-wolves.de\\\/?page_id=843\",\"url\":\"https:\\\/\\\/merkurs-white-wolves.de\\\/?page_id=843\",\"name\":\"Warum z\u00fcchte ich \u00fcber den BVWS\\\/ VDH - Merkur\u2019s White Wolves\",\"isPartOf\":{\"@id\":\"https:\\\/\\\/merkurs-white-wolves.de\\\/#website\"},\"datePublished\":\"2024-01-12T12:05:47+00:00\",\"dateModified\":\"2024-01-12T12:09:33+00:00\",\"breadcrumb\":{\"@id\":\"https:\\\/\\\/merkurs-white-wolves.de\\\/?page_id=843#breadcrumb\"},\"inLanguage\":\"de\",\"potentialAction\":[{\"@type\":\"ReadAction\",\"target\":[\"https:\\\/\\\/merkurs-white-wolves.de\\\/?page_id=843\"]}]},{\"@type\":\"BreadcrumbList\",\"@id\":\"https:\\\/\\\/merkurs-white-wolves.de\\\/?page_id=843#breadcrumb\",\"itemListElement\":[{\"@type\":\"ListItem\",\"position\":1,\"name\":\"Startseite\",\"item\":\"https:\\\/\\\/merkurs-white-wolves.de\\\/\"},{\"@type\":\"ListItem\",\"position\":2,\"name\":\"Warum z\u00fcchte ich \u00fcber den BVWS\\\/ VDH\"}]},{\"@type\":\"WebSite\",\"@id\":\"https:\\\/\\\/merkurs-white-wolves.de\\\/#website\",\"url\":\"https:\\\/\\\/merkurs-white-wolves.de\\\/\",\"name\":\"Merkur\u2019s White Wolves\",\"description\":\"Zuchtst\u00e4tte f\u00fcr Wei\u00dfe Schweizer Sch\u00e4ferhunde\",\"potentialAction\":[{\"@type\":\"SearchAction\",\"target\":{\"@type\":\"EntryPoint\",\"urlTemplate\":\"https:\\\/\\\/merkurs-white-wolves.de\\\/?s={search_term_string}\"},\"query-input\":{\"@type\":\"PropertyValueSpecification\",\"valueRequired\":true,\"valueName\":\"search_term_string\"}}],\"inLanguage\":\"de\"}]}<\/script>\n<!-- \/ Yoast SEO plugin. -->","yoast_head_json":{"title":"Warum z\u00fcchte ich \u00fcber den BVWS\/ VDH - Merkur\u2019s White Wolves","robots":{"index":"index","follow":"follow","max-snippet":"max-snippet:-1","max-image-preview":"max-image-preview:large","max-video-preview":"max-video-preview:-1"},"canonical":"https:\/\/merkurs-white-wolves.de\/?page_id=843","og_locale":"de_DE","og_type":"article","og_title":"Warum z\u00fcchte ich \u00fcber den BVWS\/ VDH - Merkur\u2019s White Wolves","og_description":"Wer sich eingehend mit Rassehunden und Zucht auseinandersetzt, wird immer wieder mit den K\u00fcrzeln FCI und VDH konfrontiert.\u2013 FCI \u2013&hellip;","og_url":"https:\/\/merkurs-white-wolves.de\/?page_id=843","og_site_name":"Merkur\u2019s White Wolves","article_modified_time":"2024-01-12T12:09:33+00:00","twitter_card":"summary_large_image","twitter_misc":{"Gesch\u00e4tzte Lesezeit":"2\u00a0Minuten"},"schema":{"@context":"https:\/\/schema.org","@graph":[{"@type":"WebPage","@id":"https:\/\/merkurs-white-wolves.de\/?page_id=843","url":"https:\/\/merkurs-white-wolves.de\/?page_id=843","name":"Warum z\u00fcchte ich \u00fcber den BVWS\/ VDH - Merkur\u2019s White Wolves","isPartOf":{"@id":"https:\/\/merkurs-white-wolves.de\/#website"},"datePublished":"2024-01-12T12:05:47+00:00","dateModified":"2024-01-12T12:09:33+00:00","breadcrumb":{"@id":"https:\/\/merkurs-white-wolves.de\/?page_id=843#breadcrumb"},"inLanguage":"de","potentialAction":[{"@type":"ReadAction","target":["https:\/\/merkurs-white-wolves.de\/?page_id=843"]}]},{"@type":"BreadcrumbList","@id":"https:\/\/merkurs-white-wolves.de\/?page_id=843#breadcrumb","itemListElement":[{"@type":"ListItem","position":1,"name":"Startseite","item":"https:\/\/merkurs-white-wolves.de\/"},{"@type":"ListItem","position":2,"name":"Warum z\u00fcchte ich \u00fcber den BVWS\/ VDH"}]},{"@type":"WebSite","@id":"https:\/\/merkurs-white-wolves.de\/#website","url":"https:\/\/merkurs-white-wolves.de\/","name":"Merkur\u2019s White Wolves","description":"Zuchtst\u00e4tte f\u00fcr Wei\u00dfe Schweizer Sch\u00e4ferhunde","potentialAction":[{"@type":"SearchAction","target":{"@type":"EntryPoint","urlTemplate":"https:\/\/merkurs-white-wolves.de\/?s={search_term_string}"},"query-input":{"@type":"PropertyValueSpecification","valueRequired":true,"valueName":"search_term_string"}}],"inLanguage":"de"}]}},"_links":{"self":[{"href":"https:\/\/merkurs-white-wolves.de\/index.php?rest_route=\/wp\/v2\/pages\/843","targetHints":{"allow":["GET"]}}],"collection":[{"href":"https:\/\/merkurs-white-wolves.de\/index.php?rest_route=\/wp\/v2\/pages"}],"about":[{"href":"https:\/\/merkurs-white-wolves.de\/index.php?rest_route=\/wp\/v2\/types\/page"}],"author":[{"embeddable":true,"href":"https:\/\/merkurs-white-wolves.de\/index.php?rest_route=\/wp\/v2\/users\/1"}],"replies":[{"embeddable":true,"href":"https:\/\/merkurs-white-wolves.de\/index.php?rest_route=%2Fwp%2Fv2%2Fcomments&post=843"}],"version-history":[{"count":2,"href":"https:\/\/merkurs-white-wolves.de\/index.php?rest_route=\/wp\/v2\/pages\/843\/revisions"}],"predecessor-version":[{"id":848,"href":"https:\/\/merkurs-white-wolves.de\/index.php?rest_route=\/wp\/v2\/pages\/843\/revisions\/848"}],"wp:attachment":[{"href":"https:\/\/merkurs-white-wolves.de\/index.php?rest_route=%2Fwp%2Fv2%2Fmedia&parent=843"}],"curies":[{"name":"wp","href":"https:\/\/api.w.org\/{rel}","templated":true}]}}