{"id":900,"date":"2024-04-23T14:42:59","date_gmt":"2024-04-23T14:42:59","guid":{"rendered":"https:\/\/merkurs-white-wolves.de\/?page_id=900"},"modified":"2024-04-23T14:59:11","modified_gmt":"2024-04-23T14:59:11","slug":"home-2","status":"publish","type":"page","link":"https:\/\/merkurs-white-wolves.de\/?page_id=900","title":{"rendered":"Home"},"content":{"rendered":"\n<p><\/p>\n\n\n\n<h3 class=\"wp-block-heading\"><strong>Herzlich Willkommen<\/strong><\/h3>\n\n\n\n<p class=\"has-medium-font-size\"><br>auf der Homepage der VDH\/BVWS Zuchtst\u00e4tte <\/p>\n\n\n\n<figure class=\"wp-block-image size-full\"><img loading=\"lazy\" decoding=\"async\" width=\"290\" height=\"308\" src=\"https:\/\/merkurs-white-wolves.de\/wp-content\/uploads\/2022\/11\/Logo.jpg\" alt=\"\" class=\"wp-image-582\" srcset=\"https:\/\/merkurs-white-wolves.de\/wp-content\/uploads\/2022\/11\/Logo.jpg 290w, https:\/\/merkurs-white-wolves.de\/wp-content\/uploads\/2022\/11\/Logo-282x300.jpg 282w\" sizes=\"auto, (max-width: 290px) 100vw, 290px\" \/><\/figure>\n\n\n\n<p>Ich w\u00fcnsche Euch viel Spa\u00df beim st\u00f6bern auf meiner Seite.<br>Solltet Ihr Fragen zu meinen Hunden, der Zucht haben oder zu der Rasse im allgemeinen, ruft mich gerne an.<\/p>\n\n\n\n<figure class=\"wp-block-image size-full\"><img loading=\"lazy\" decoding=\"async\" width=\"1834\" height=\"1177\" src=\"https:\/\/merkurs-white-wolves.de\/wp-content\/uploads\/2024\/04\/Zuechter-Plakette-2024.jpg\" alt=\"\" class=\"wp-image-909\" srcset=\"https:\/\/merkurs-white-wolves.de\/wp-content\/uploads\/2024\/04\/Zuechter-Plakette-2024.jpg 1834w, https:\/\/merkurs-white-wolves.de\/wp-content\/uploads\/2024\/04\/Zuechter-Plakette-2024-300x193.jpg 300w, https:\/\/merkurs-white-wolves.de\/wp-content\/uploads\/2024\/04\/Zuechter-Plakette-2024-1024x657.jpg 1024w, https:\/\/merkurs-white-wolves.de\/wp-content\/uploads\/2024\/04\/Zuechter-Plakette-2024-768x493.jpg 768w, https:\/\/merkurs-white-wolves.de\/wp-content\/uploads\/2024\/04\/Zuechter-Plakette-2024-1536x986.jpg 1536w, https:\/\/merkurs-white-wolves.de\/wp-content\/uploads\/2024\/04\/Zuechter-Plakette-2024-1600x1027.jpg 1600w\" sizes=\"auto, (max-width: 1834px) 100vw, 1834px\" \/><\/figure>\n","protected":false},"excerpt":{"rendered":"<p>Herzlich Willkommen auf der Homepage der VDH\/BVWS Zuchtst\u00e4tte Ich w\u00fcnsche Euch viel Spa\u00df beim st\u00f6bern auf meiner Seite.Solltet Ihr Fragen&hellip;<\/p>\n","protected":false},"author":1,"featured_media":0,"parent":0,"menu_order":0,"comment_status":"closed","ping_status":"closed","template":"","meta":{"ngg_post_thumbnail":0,"footnotes":""},"class_list":["post-900","page","type-page","status-publish","hentry"],"yoast_head":"<!-- This site is optimized with the Yoast SEO plugin v27.4 - https:\/\/yoast.com\/product\/yoast-seo-wordpress\/ -->\n<title>Home - Merkur\u2019s White Wolves<\/title>\n<meta name=\"robots\" content=\"index, follow, max-snippet:-1, max-image-preview:large, max-video-preview:-1\" \/>\n<link rel=\"canonical\" href=\"https:\/\/merkurs-white-wolves.de\/?page_id=900\" \/>\n<meta property=\"og:locale\" content=\"de_DE\" \/>\n<meta property=\"og:type\" content=\"article\" \/>\n<meta property=\"og:title\" content=\"Home - Merkur\u2019s White Wolves\" \/>\n<meta property=\"og:description\" content=\"Herzlich Willkommen auf der Homepage der VDH\/BVWS Zuchtst\u00e4tte Ich w\u00fcnsche Euch viel Spa\u00df beim st\u00f6bern auf meiner Seite.Solltet Ihr Fragen&hellip;\" \/>\n<meta property=\"og:url\" content=\"https:\/\/merkurs-white-wolves.de\/?page_id=900\" \/>\n<meta property=\"og:site_name\" content=\"Merkur\u2019s White Wolves\" \/>\n<meta property=\"article:modified_time\" content=\"2024-04-23T14:59:11+00:00\" \/>\n<meta property=\"og:image\" content=\"https:\/\/merkurs-white-wolves.de\/wp-content\/uploads\/2022\/11\/Logo.jpg\" \/>\n<meta name=\"twitter:card\" content=\"summary_large_image\" \/>\n<meta name=\"twitter:label1\" content=\"Gesch\u00e4tzte Lesezeit\" \/>\n\t<meta name=\"twitter:data1\" content=\"1\u00a0Minute\" \/>\n<script type=\"application\/ld+json\" class=\"yoast-schema-graph\">{\"@context\":\"https:\\\/\\\/schema.org\",\"@graph\":[{\"@type\":\"WebPage\",\"@id\":\"https:\\\/\\\/merkurs-white-wolves.de\\\/?page_id=900\",\"url\":\"https:\\\/\\\/merkurs-white-wolves.de\\\/?page_id=900\",\"name\":\"Home - Merkur\u2019s White Wolves\",\"isPartOf\":{\"@id\":\"https:\\\/\\\/merkurs-white-wolves.de\\\/#website\"},\"primaryImageOfPage\":{\"@id\":\"https:\\\/\\\/merkurs-white-wolves.de\\\/?page_id=900#primaryimage\"},\"image\":{\"@id\":\"https:\\\/\\\/merkurs-white-wolves.de\\\/?page_id=900#primaryimage\"},\"thumbnailUrl\":\"https:\\\/\\\/merkurs-white-wolves.de\\\/wp-content\\\/uploads\\\/2022\\\/11\\\/Logo.jpg\",\"datePublished\":\"2024-04-23T14:42:59+00:00\",\"dateModified\":\"2024-04-23T14:59:11+00:00\",\"breadcrumb\":{\"@id\":\"https:\\\/\\\/merkurs-white-wolves.de\\\/?page_id=900#breadcrumb\"},\"inLanguage\":\"de\",\"potentialAction\":[{\"@type\":\"ReadAction\",\"target\":[\"https:\\\/\\\/merkurs-white-wolves.de\\\/?page_id=900\"]}]},{\"@type\":\"ImageObject\",\"inLanguage\":\"de\",\"@id\":\"https:\\\/\\\/merkurs-white-wolves.de\\\/?page_id=900#primaryimage\",\"url\":\"https:\\\/\\\/merkurs-white-wolves.de\\\/wp-content\\\/uploads\\\/2022\\\/11\\\/Logo.jpg\",\"contentUrl\":\"https:\\\/\\\/merkurs-white-wolves.de\\\/wp-content\\\/uploads\\\/2022\\\/11\\\/Logo.jpg\",\"width\":290,\"height\":308},{\"@type\":\"BreadcrumbList\",\"@id\":\"https:\\\/\\\/merkurs-white-wolves.de\\\/?page_id=900#breadcrumb\",\"itemListElement\":[{\"@type\":\"ListItem\",\"position\":1,\"name\":\"Startseite\",\"item\":\"https:\\\/\\\/merkurs-white-wolves.de\\\/\"},{\"@type\":\"ListItem\",\"position\":2,\"name\":\"Home\"}]},{\"@type\":\"WebSite\",\"@id\":\"https:\\\/\\\/merkurs-white-wolves.de\\\/#website\",\"url\":\"https:\\\/\\\/merkurs-white-wolves.de\\\/\",\"name\":\"Merkur\u2019s White Wolves\",\"description\":\"Zuchtst\u00e4tte f\u00fcr Wei\u00dfe Schweizer Sch\u00e4ferhunde\",\"potentialAction\":[{\"@type\":\"SearchAction\",\"target\":{\"@type\":\"EntryPoint\",\"urlTemplate\":\"https:\\\/\\\/merkurs-white-wolves.de\\\/?s={search_term_string}\"},\"query-input\":{\"@type\":\"PropertyValueSpecification\",\"valueRequired\":true,\"valueName\":\"search_term_string\"}}],\"inLanguage\":\"de\"}]}<\/script>\n<!-- \/ Yoast SEO plugin. -->","yoast_head_json":{"title":"Home - Merkur\u2019s White Wolves","robots":{"index":"index","follow":"follow","max-snippet":"max-snippet:-1","max-image-preview":"max-image-preview:large","max-video-preview":"max-video-preview:-1"},"canonical":"https:\/\/merkurs-white-wolves.de\/?page_id=900","og_locale":"de_DE","og_type":"article","og_title":"Home - Merkur\u2019s White Wolves","og_description":"Herzlich Willkommen auf der Homepage der VDH\/BVWS Zuchtst\u00e4tte Ich w\u00fcnsche Euch viel Spa\u00df beim st\u00f6bern auf meiner Seite.Solltet Ihr Fragen&hellip;","og_url":"https:\/\/merkurs-white-wolves.de\/?page_id=900","og_site_name":"Merkur\u2019s White Wolves","article_modified_time":"2024-04-23T14:59:11+00:00","og_image":[{"url":"https:\/\/merkurs-white-wolves.de\/wp-content\/uploads\/2022\/11\/Logo.jpg","type":"","width":"","height":""}],"twitter_card":"summary_large_image","twitter_misc":{"Gesch\u00e4tzte Lesezeit":"1\u00a0Minute"},"schema":{"@context":"https:\/\/schema.org","@graph":[{"@type":"WebPage","@id":"https:\/\/merkurs-white-wolves.de\/?page_id=900","url":"https:\/\/merkurs-white-wolves.de\/?page_id=900","name":"Home - Merkur\u2019s White Wolves","isPartOf":{"@id":"https:\/\/merkurs-white-wolves.de\/#website"},"primaryImageOfPage":{"@id":"https:\/\/merkurs-white-wolves.de\/?page_id=900#primaryimage"},"image":{"@id":"https:\/\/merkurs-white-wolves.de\/?page_id=900#primaryimage"},"thumbnailUrl":"https:\/\/merkurs-white-wolves.de\/wp-content\/uploads\/2022\/11\/Logo.jpg","datePublished":"2024-04-23T14:42:59+00:00","dateModified":"2024-04-23T14:59:11+00:00","breadcrumb":{"@id":"https:\/\/merkurs-white-wolves.de\/?page_id=900#breadcrumb"},"inLanguage":"de","potentialAction":[{"@type":"ReadAction","target":["https:\/\/merkurs-white-wolves.de\/?page_id=900"]}]},{"@type":"ImageObject","inLanguage":"de","@id":"https:\/\/merkurs-white-wolves.de\/?page_id=900#primaryimage","url":"https:\/\/merkurs-white-wolves.de\/wp-content\/uploads\/2022\/11\/Logo.jpg","contentUrl":"https:\/\/merkurs-white-wolves.de\/wp-content\/uploads\/2022\/11\/Logo.jpg","width":290,"height":308},{"@type":"BreadcrumbList","@id":"https:\/\/merkurs-white-wolves.de\/?page_id=900#breadcrumb","itemListElement":[{"@type":"ListItem","position":1,"name":"Startseite","item":"https:\/\/merkurs-white-wolves.de\/"},{"@type":"ListItem","position":2,"name":"Home"}]},{"@type":"WebSite","@id":"https:\/\/merkurs-white-wolves.de\/#website","url":"https:\/\/merkurs-white-wolves.de\/","name":"Merkur\u2019s White Wolves","description":"Zuchtst\u00e4tte f\u00fcr Wei\u00dfe Schweizer Sch\u00e4ferhunde","potentialAction":[{"@type":"SearchAction","target":{"@type":"EntryPoint","urlTemplate":"https:\/\/merkurs-white-wolves.de\/?s={search_term_string}"},"query-input":{"@type":"PropertyValueSpecification","valueRequired":true,"valueName":"search_term_string"}}],"inLanguage":"de"}]}},"_links":{"self":[{"href":"https:\/\/merkurs-white-wolves.de\/index.php?rest_route=\/wp\/v2\/pages\/900","targetHints":{"allow":["GET"]}}],"collection":[{"href":"https:\/\/merkurs-white-wolves.de\/index.php?rest_route=\/wp\/v2\/pages"}],"about":[{"href":"https:\/\/merkurs-white-wolves.de\/index.php?rest_route=\/wp\/v2\/types\/page"}],"author":[{"embeddable":true,"href":"https:\/\/merkurs-white-wolves.de\/index.php?rest_route=\/wp\/v2\/users\/1"}],"replies":[{"embeddable":true,"href":"https:\/\/merkurs-white-wolves.de\/index.php?rest_route=%2Fwp%2Fv2%2Fcomments&post=900"}],"version-history":[{"count":5,"href":"https:\/\/merkurs-white-wolves.de\/index.php?rest_route=\/wp\/v2\/pages\/900\/revisions"}],"predecessor-version":[{"id":911,"href":"https:\/\/merkurs-white-wolves.de\/index.php?rest_route=\/wp\/v2\/pages\/900\/revisions\/911"}],"wp:attachment":[{"href":"https:\/\/merkurs-white-wolves.de\/index.php?rest_route=%2Fwp%2Fv2%2Fmedia&parent=900"}],"curies":[{"name":"wp","href":"https:\/\/api.w.org\/{rel}","templated":true}]}}